{"id":37,"date":"2018-04-05T13:38:25","date_gmt":"2018-04-05T05:38:25","guid":{"rendered":"https:\/\/www.towelsports.com\/?page_id=37"},"modified":"2020-12-14T22:37:36","modified_gmt":"2020-12-14T14:37:36","slug":"faq-2","status":"publish","type":"page","link":"https:\/\/www.towelsports.com\/vi\/faq-2\/","title":{"rendered":"C\u00e2u h\u1ecfi th\u01b0\u1eddng g\u1eb7p"},"content":{"rendered":"<p><div class=\"fusion-fullwidth fullwidth-box fusion-builder-row-1 fusion-parallax-none nonhundred-percent-fullwidth non-hundred-percent-height-scrolling\" style=\"background-color: #ffffff;background-image: url(&quot;https:\/\/www.towelsports.com\/wp-content\/uploads\/2018\/04\/FAQ.jpeg&quot;);background-position: center center;background-repeat: no-repeat;padding-top:300px;padding-right:300px;padding-bottom:0px;padding-left:0px;margin-bottom: 0px;margin-top: -50px;border-width: 0px 0px 0px 0px;border-color:#eae9e9;border-style:solid;-webkit-background-size:cover;-moz-background-size:cover;-o-background-size:cover;background-size:cover;\" ><div class=\"fusion-builder-row fusion-row\"><div class=\"fusion-layout-column fusion_builder_column fusion-builder-column-0 fusion_builder_column_1_1 1_1 fusion-one-full fusion-column-first fusion-column-last\" style=\"margin-top:0px;margin-bottom:20px;\"><div class=\"fusion-column-wrapper fusion-flex-column-wrapper-legacy\" style=\"background-position:left top;background-repeat:no-repeat;-webkit-background-size:cover;-moz-background-size:cover;-o-background-size:cover;background-size:cover;padding: 0px 0px 0px 0px;\"><div class=\"fusion-clearfix\"><\/div><\/div><\/div><\/div><\/div><div class=\"fusion-fullwidth fullwidth-box fusion-builder-row-2 nonhundred-percent-fullwidth non-hundred-percent-height-scrolling\" style=\"background-color: rgba(221,221,221,0.98);background-position: center center;background-repeat: no-repeat;padding-top:0px;padding-right:0px;padding-bottom:0px;padding-left:0px;margin-bottom: 0px;margin-top: 0px;border-width: 0px 0px 0px 0px;border-color:#eae9e9;border-style:solid;\" ><div class=\"fusion-builder-row fusion-row\"><div class=\"fusion-layout-column fusion_builder_column fusion-builder-column-1 fusion_builder_column_1_1 1_1 fusion-one-full fusion-column-first fusion-column-last\" style=\"margin-top:0px;margin-bottom:20px;\"><div class=\"fusion-column-wrapper fusion-flex-column-wrapper-legacy\" style=\"background-position:left top;background-repeat:no-repeat;-webkit-background-size:cover;-moz-background-size:cover;-o-background-size:cover;background-size:cover;padding: 0px 0px 0px 0px;\"><div class=\"fusion-sep-clear\"><\/div><div class=\"fusion-separator fusion-full-width-sep\" style=\"margin-left: auto;margin-right: auto;margin-top:60px;width:100%;\"><div class=\"fusion-separator-border sep-double\" style=\"border-color:#e0dede;border-top-width:1px;border-bottom-width:1px;\"><\/div><\/div><div class=\"fusion-sep-clear\"><\/div><div class=\"fusion-text fusion-text-1\"><p style=\"text-align: center;\"><span style=\"color: #000080;\"><strong><span style=\"font-size: 24px;\">C\u00e2u h\u1ecfi th\u01b0\u1eddng g\u1eb7p d\u00e0nh cho c\u00f4ng ty<\/span><\/strong><\/span><\/p>\n<p><span style=\"color: #000080;\"><strong>H\u1ecfi: Th\u01b0\u01a1ng hi\u1ec7u BANGZE nh\u01b0 th\u1ebf n\u00e0o?<\/strong><\/span><\/p>\n<p>Bangze l\u00e0 th\u01b0\u01a1ng hi\u1ec7u s\u1ea3n xu\u1ea5t kh\u0103n t\u1eafm Top 10 n\u1ed5i ti\u1ebfng c\u1ee7a Trung Qu\u1ed1c, c\u00f3:<\/p>\n<p>-10 n\u0103m kinh nghi\u1ec7m s\u1ea3n xu\u1ea5t kh\u0103n.<\/p>\n<p>-15000 m\u00e9t vu\u00f4ng nh\u00e0 m\u00e1y<\/p>\n<p>-B\u1ea3o h\u00e0nh 12 th\u00e1ng<\/p>\n<p><span style=\"color: #000080;\"><strong>H\u1ecfi: B\u1ea1n c\u00f3 nh\u1eefng ch\u1ee9ng ch\u1ec9 n\u00e0o?<\/strong><\/span><\/p>\n<p>Ki\u1ec3m tra ch\u1ea5t l\u01b0\u1ee3ng ISO 9001, AZO v\u00e0 100% v\u00e0 ki\u1ec3m tra \u0111\u1ed9 b\u1ec1n tr\u01b0\u1edbc m\u1ed7i l\u00f4 h\u00e0ng.<\/p>\n<p><span style=\"color: #000080;\"><strong>Q: B\u1ea3o h\u00e0nh s\u1ea3n ph\u1ea9m Bangze l\u00e0 g\u00ec?<\/strong><\/span><\/p>\n<p>B\u1ea3o h\u00e0nh 12 th\u00e1ng (mi\u1ec5n ph\u00ed) cho t\u1ea5t c\u1ea3 c\u00e1c s\u1ea3n ph\u1ea9m \u0111\u1ea1t ti\u00eau chu\u1ea9n Bangze.<\/p>\n<p>B\u1ea3o tr\u00ec tr\u1ecdn \u0111\u1eddi s\u1ebd \u0111\u01b0\u1ee3c cung c\u1ea5p sau khi h\u1ebft th\u1eddi h\u1ea1n b\u1ea3o h\u00e0nh 2 n\u0103m.<\/p>\n<p><span style=\"color: #000080;\"><strong>H\u1ecfi: Ph\u01b0\u01a1ng th\u1ee9c thanh to\u00e1n c\u1ee7a b\u1ea1n l\u00e0 g\u00ec?<\/strong><\/span><\/p>\n<p>Ch\u1ea5p nh\u1eadn thanh to\u00e1n qua chuy\u1ec3n kho\u1ea3n ng\u00e2n h\u00e0ng TT, Western Union, Money Gram v\u00e0 Paypal.<\/p>\n<p>Ch\u1ea5p nh\u1eadn L\/C tr\u1ea3 ngay (\u0111\u1eb7t h\u00e0ng s\u1ed1 l\u01b0\u1ee3ng l\u1edbn).<\/p>\n<p><span style=\"color: #000080;\"><strong>H\u1ecfi: Th\u1eddi gian s\u1ea3n xu\u1ea5t c\u1ee7a b\u1ea1n m\u1ea5t bao l\u00e2u?<\/strong><\/span><\/p>\n<p>3-10 ng\u00e0y l\u00e0m vi\u1ec7c \u0111\u1ed1i v\u1edbi \u0111\u01a1n h\u00e0ng m\u1eabu.<\/p>\n<p>20-25 ng\u00e0y l\u00e0m vi\u1ec7c \u0111\u1ed1i v\u1edbi \u0111\u01a1n h\u00e0ng s\u1ed1 l\u01b0\u1ee3ng l\u1edbn.<\/p>\n<p><span style=\"color: #000080;\"><strong>H\u1ecfi: C\u00e1ch v\u1eadn chuy\u1ec3n c\u1ee7a b\u1ea1n l\u00e0 g\u00ec?<\/strong><\/span><\/p>\n<p>3-5 ng\u00e0y b\u1eb1ng chuy\u1ec3n ph\u00e1t nhanh \u0111\u1ebfn tr\u01b0\u1edbc c\u1eeda nh\u00e0 b\u1ea1n.<\/p>\n<p>3-5 ng\u00e0y b\u1eb1ng m\u00e1y bay \u0111\u1ebfn s\u00e2n bay g\u1ea7n nh\u1ea5t c\u1ee7a b\u1ea1n.<\/p>\n<p>18-35 ng\u00e0y b\u1eb1ng \u0111\u01b0\u1eddng bi\u1ec3n \u0111\u1ebfn c\u1ea3ng bi\u1ec3n g\u1ea7n nh\u1ea5t c\u1ee7a b\u1ea1n.<\/p>\n<p style=\"text-align: center;\"><span style=\"color: #000080;\"><strong><span style=\"font-size: 24px;\">C\u00e2u h\u1ecfi th\u01b0\u1eddng g\u1eb7p v\u1ec1 s\u1ea3n ph\u1ea9m<\/span><\/strong><\/span><\/p>\n<p><span style=\"color: #000080;\"><strong>H\u1ecfi: B\u1ea1n c\u00f3 th\u1ec3 cung c\u1ea5p lo\u1ea1i gi\u1ea3i ph\u00e1p kh\u0103n t\u1eafm n\u00e0o?<\/strong><\/span><\/p>\n<p>Bangze cung c\u1ea5p kh\u0103n du l\u1ecbch, th\u1ec3 thao, th\u1ec3 d\u1ee5c, yoga, khuy\u1ebfn m\u00e3i b\u00e1n t\u1ea5t c\u1ea3 c\u00e1c lo\u1ea1i kh\u0103n th\u1ec3 thao.<\/p>\n<p><span style=\"color: #000080;\"><strong>Q: C\u00f3 th\u1ec3 t\u00f9y ch\u1ec9nh cho c\u00e1c \u0111\u01a1n \u0111\u1eb7t h\u00e0ng \u0111\u1eb7c bi\u1ec7t kh\u00f4ng?<\/strong><\/span><\/p>\n<p>C\u00f3.Bangze h\u1ed7 tr\u1ee3 s\u1ea3n xu\u1ea5t kh\u0103n d\u1ef1a tr\u00ean thi\u1ebft k\u1ebf v\u00e0 ch\u1ea5t li\u1ec7u c\u1ee7a b\u1ea1n.<\/p>\n<p><span style=\"color: #000080;\"><strong>H\u1ecfi: B\u1ea1n s\u1eed d\u1ee5ng lo\u1ea1i v\u1eadt li\u1ec7u n\u00e0o?<\/strong><\/span><\/p>\n<p>B\u00f4ng 100%, polyester Microfiber 80% v\u00e0 polyamit 20%.<\/p>\n<p><span style=\"color: #000080;\"><strong>Q: Logo n\u00e0o c\u00f3 th\u1ec3 th\u00eam v\u00e0o kh\u0103n c\u1ee7a b\u1ea1n?<\/strong><\/span><\/p>\n<p>Logo th\u00eau, logo in l\u1ee5a, logo d\u1eadp n\u1ed5i v\u00e0 logo in th\u0103ng hoa<\/p>\n<p><span style=\"color: #000080;\"><strong>H\u1ecfi: Kh\u0103n c\u1ee7a b\u1ea1n c\u00f3 th\u1ec3 t\u1ea1o ra m\u00e0u s\u1eafc c\u1ea1nh kh\u00e1c v\u1edbi m\u00e0u v\u1ea3i kh\u00f4ng?<\/strong><\/span><\/p>\n<p>V\u00e2ng, \u0111\u00e2y l\u00e0 c\u00e1ch ph\u1ed5 bi\u1ebfn v\u00e0 th\u00fa v\u1ecb.<\/p>\n<p><span style=\"color: #000080;\"><strong>Q: \u0110\u1ed9 d\u00e0y ti\u00eau chu\u1ea9n c\u1ee7a kh\u0103n th\u1ec3 thao l\u00e0 bao nhi\u00eau?<\/strong><\/span><\/p>\n<p>Ch\u1ea5t li\u1ec7u s\u1ee3i nh\u1ecf: 200GSM<\/p>\n<p>Ch\u1ea5t li\u1ec7u cotton: 450GSM<\/p>\n<p><span style=\"color: #000080;\"><strong>H\u1ecfi: Kh\u0103n c\u1ee7a b\u1ea1n c\u00f3 b\u1ecb phai m\u00e0u sau khi gi\u1eb7t m\u00e1y kh\u00f4ng?<\/strong><\/span><\/p>\n<p>Kh\u0103n c\u1ee7a ch\u00fang t\u00f4i c\u00f3 th\u1ec3 gi\u1eb7t \u1edf nhi\u1ec7t \u0111\u1ed9 40 \u0111\u1ed9 C b\u1eb1ng tay ho\u1eb7c m\u00e1y, kh\u00f4ng phai m\u00e0u.<\/p>\n<p><span style=\"color: #000080;\"><strong>Q: B\u1ea1n cung c\u1ea5p c\u00e1ch g\u00f3i n\u00e0o?<\/strong><\/span><\/p>\n<p>T\u00fai poly opp trong su\u1ed1t th\u00f4ng th\u01b0\u1eddng<\/p>\n<p>Tui l\u01b0\u01a1i<\/p>\n<p>Ho\u1eb7c t\u00f9y ch\u1ec9nh thi\u1ebft k\u1ebf c\u1ee7a b\u1ea1n<\/p>\n<p><span style=\"color: #000080;\"><strong>H\u1ecfi: B\u1ea1n c\u00f3 cung c\u1ea5p kh\u0103n t\u1eafm cho n\u1ec1n t\u1ea3ng Amazon ho\u1eb7c Ebay kh\u00f4ng?<\/strong><\/span><\/p>\n<p>C\u00f3, ch\u00fang t\u00f4i cung c\u1ea5p kh\u0103n du l\u1ecbch\/kh\u0103n th\u1ec3 thao cho 6 ng\u01b0\u1eddi b\u00e1n h\u00e0ng l\u1edbn tr\u00ean Amazon v\u00e0 2 ng\u01b0\u1eddi b\u00e1n h\u00e0ng l\u1edbn tr\u00ean Ebay.<\/p>\n<p><span style=\"color: #000080;\"><strong>H\u1ecfi: B\u1ea1n c\u00f3 th\u1ec3 th\u00eam UPCA, UPCE ho\u1eb7c EAN tr\u00ean bao b\u00ec kh\u00f4ng?<\/strong><\/span><\/p>\n<p>V\u00e2ng, ch\u00fang t\u00f4i c\u00f3 th\u1ec3. Ch\u00fang t\u00f4i \u0111\u00e3 quen thu\u1ed9c v\u1edbi c\u00e1c quy t\u1eafc v\u00e0 quy \u0111\u1ecbnh v\u1eadn chuy\u1ec3n c\u1ee7a Amazon v\u00e0 Ebay.<\/p>\n<\/div><div class=\"fusion-clearfix\"><\/div><\/div><\/div><\/div><\/div><\/p>","protected":false},"excerpt":{"rendered":"","protected":false},"author":1,"featured_media":0,"parent":0,"menu_order":0,"comment_status":"closed","ping_status":"closed","template":"100-width.php","meta":{"footnotes":""},"class_list":["post-37","page","type-page","status-publish","hentry"],"aioseo_notices":[],"_links":{"self":[{"href":"https:\/\/www.towelsports.com\/vi\/wp-json\/wp\/v2\/pages\/37","targetHints":{"allow":["GET"]}}],"collection":[{"href":"https:\/\/www.towelsports.com\/vi\/wp-json\/wp\/v2\/pages"}],"about":[{"href":"https:\/\/www.towelsports.com\/vi\/wp-json\/wp\/v2\/types\/page"}],"author":[{"embeddable":true,"href":"https:\/\/www.towelsports.com\/vi\/wp-json\/wp\/v2\/users\/1"}],"replies":[{"embeddable":true,"href":"https:\/\/www.towelsports.com\/vi\/wp-json\/wp\/v2\/comments?post=37"}],"version-history":[{"count":32,"href":"https:\/\/www.towelsports.com\/vi\/wp-json\/wp\/v2\/pages\/37\/revisions"}],"predecessor-version":[{"id":2555,"href":"https:\/\/www.towelsports.com\/vi\/wp-json\/wp\/v2\/pages\/37\/revisions\/2555"}],"wp:attachment":[{"href":"https:\/\/www.towelsports.com\/vi\/wp-json\/wp\/v2\/media?parent=37"}],"curies":[{"name":"wp","href":"https:\/\/api.w.org\/{rel}","templated":true}]}}