{"id":2406,"date":"2020-09-21T14:37:57","date_gmt":"2020-09-21T06:37:57","guid":{"rendered":"https:\/\/www.towelsports.com\/?page_id=2406"},"modified":"2020-12-13T16:06:18","modified_gmt":"2020-12-13T08:06:18","slug":"warranty-policy","status":"publish","type":"page","link":"https:\/\/www.towelsports.com\/vi\/warranty-policy\/","title":{"rendered":"Ch\u00ednh s\u00e1ch b\u1ea3o h\u00e0nh"},"content":{"rendered":"<div class=\"fusion-fullwidth fullwidth-box fusion-builder-row-1 fusion-flex-container nonhundred-percent-fullwidth non-hundred-percent-height-scrolling\" style=\"background-color: rgba(255,255,255,0);background-position: center center;background-repeat: no-repeat;border-width: 0px 0px 0px 0px;border-color:#eae9e9;border-style:solid;\" ><div class=\"fusion-builder-row fusion-row fusion-flex-align-items-flex-start\" style=\"max-width:1144px;margin-left: calc(-4% \/ 2 );margin-right: calc(-4% \/ 2 );\"><div class=\"fusion-layout-column fusion_builder_column fusion-builder-column-0 fusion_builder_column_1_1 1_1 fusion-flex-column\"><div class=\"fusion-column-wrapper fusion-flex-justify-content-flex-start fusion-content-layout-column\" style=\"background-position:left top;background-repeat:no-repeat;-webkit-background-size:cover;-moz-background-size:cover;-o-background-size:cover;background-size:cover;padding: 0px 0px 0px 0px;\"><div class=\"fusion-text fusion-text-1\"><h3 data-sr-id=\"1\"><span style=\"color: #000080;\">T\u1ea0I SAO D\u1ec6T BANGZE?<\/span><\/h3>\n<hr \/>\n<p>\u00d4ng n\u1ed9i t\u00f4i l\u00e0 m\u1ed9t ng\u01b0\u1eddi \u0111\u00e0n \u00f4ng c\u1ee9ng r\u1eafn nh\u01b0ng \u0111\u1ea7y y\u00eau th\u01b0\u01a1ng. \u00d4ng c\u0169ng l\u00e0 m\u1ed9t ng\u01b0\u1eddi r\u1ea5t y\u00eau th\u1ec3 thao v\u00e0 s\u1ed1ng sung t\u00fac \u0111\u1ebfn cu\u1ed1i nh\u1eefng n\u0103m 80.<\/p>\n<p>Khi c\u00f2n l\u00e0 m\u1ed9t c\u1eadu b\u00e9, \u00f4ng \u0111\u00e3 d\u1ea1y t\u00f4i nh\u1eefng \u0111i\u1ec1u c\u01a1 b\u1ea3n v\u1ec1 c\u00e1ch may, c\u1eaft, nhu\u1ed9m v\u1ea3i v\u00e0 s\u1ea3n xu\u1ea5t kh\u0103n ch\u1ea5t l\u01b0\u1ee3ng t\u1ed1t b\u1eb1ng ni\u1ec1m \u0111am m\u00ea v\u00e0 l\u00f2ng t\u1ed1t.<\/p>\n<p>Anh th\u01b0\u1eddng ch\u1ec9 s\u1eed d\u1ee5ng lo\u1ea1i kh\u0103n v\u1ea3i si\u00eau th\u1ea5m n\u01b0\u1edbc, m\u1ec1m m\u1ea1i v\u00e0 tho\u1ea3i m\u00e1i nh\u1ea5t. \u00d4ng cho bi\u1ebft \u201cB\u00ed quy\u1ebft \u0111\u1ec3 l\u00e0m ra m\u1ed9t chi\u1ebfc kh\u0103n t\u1ed1t n\u1eb1m \u1edf s\u1ee3i b\u00f4ng nguy\u00ean li\u1ec7u t\u1ed1t, m\u1ec1m m\u1ea1i v\u00e0 t\u1ed1t cho l\u00e0n da c\u1ee7a ch\u00fang ta v\u00e0 th\u00e0nh ph\u1ea7n thu\u1ed1c nhu\u1ed9m th\u00e2n thi\u1ec7n v\u1edbi ECO \u0111\u01b0\u1ee3c in hoa v\u0103n ch\u1ea5t l\u01b0\u1ee3ng t\u1ed1t\u201d. H\u01a1n h\u1ebft, anh d\u1ea1y t\u00f4i r\u1eb1ng h\u00e3y lu\u00f4n trung th\u1ef1c, t\u1ed1t b\u1ee5ng, h\u1eefu \u00edch v\u00e0 nhi\u1ec7t t\u00ecnh v\u1edbi m\u1ecdi ng\u01b0\u1eddi. Ch\u00ednh tri\u1ebft l\u00fd n\u00e0y c\u1ee7a \u00f4ng t\u00f4i \u0111\u00e3 truy\u1ec1n c\u1ea3m h\u1ee9ng cho t\u00f4i t\u1ea1o ra th\u01b0\u01a1ng hi\u1ec7u BANGZE TEXTILE c\u1ee7a m\u00ecnh.<\/p>\n<p>T\u00f4i s\u1ebd kh\u00f4ng bao gi\u1edd mang theo chi\u1ebfc kh\u0103n m\u00e0 b\u1ea3n th\u00e2n t\u00f4i kh\u00f4ng d\u00f9ng, \u0111\u00f3 l\u00e0 l\u1eddi h\u1ee9a c\u1ee7a t\u00f4i v\u1edbi b\u1ea1n. G\u1eedi t\u1edbi t\u1ea5t c\u1ea3 c\u00e1c c\u00f4ng ty d\u1ec7t bangze v\u00e0 nh\u1eefng ng\u01b0\u1eddi \u0111\u00e0n \u00f4ng \u0111\u00e3 y\u00eau th\u01b0\u01a1ng \u1ee7ng h\u1ed9 h\u1ecd, t\u00f4i ch\u00fac c\u00e1c b\u1ea1n nh\u1eefng \u0111i\u1ec1u t\u1ed1t \u0111\u1eb9p nh\u1ea5t.<\/p>\n<h3><span style=\"color: #000080;\">B\u1ea2O H\u00c0NH S\u1ea2N PH\u1ea8M<\/span><\/h3>\n<hr \/>\n<p>Ch\u00fang t\u00f4i r\u1ea5t vui \u0111\u01b0\u1ee3c cung c\u1ea5p b\u1ea3o \u0111\u1ea3m s\u1ef1 h\u00e0i l\u00f2ng 100%, cho d\u00f9 g\u1eedi s\u1ea3n ph\u1ea9m thay th\u1ebf hay ch\u1ea5p nh\u1eadn tr\u1ea3 l\u1ea1i c\u1ee7a b\u1ea1n v\u00e0 ho\u00e0n l\u1ea1i ti\u1ec1n.<\/p>\n<p>C\u00d4NG TY D\u1ec6T MAY QU\u1ea2NG CH\u00c2U BANGZE b\u1ea3o h\u00e0nh s\u1ea3n ph\u1ea9m trong th\u1eddi gian m\u1ed9t n\u0103m k\u1ec3 t\u1eeb ng\u00e0y mua n\u1ebfu s\u1ea3n ph\u1ea9m \u0111\u01b0\u1ee3c cho l\u00e0 c\u00f3 l\u1ed7i do tay ngh\u1ec1. T\u1ea5t c\u1ea3 kh\u0103n b\u00f4ng v\u00e0 kh\u0103n microfiber \u0111\u1ec1u \u0111\u01b0\u1ee3c b\u1ea3o h\u00e0nh 12 th\u00e1ng k\u1ec3 t\u1eeb ng\u00e0y mua.<\/p>\n<p>Trong tr\u01b0\u1eddng h\u1ee3p khi\u1ebfu n\u1ea1i, vui l\u00f2ng li\u00ean h\u1ec7 v\u1edbi ch\u00fang t\u00f4i qua email t\u1ea1i<strong><span style=\"font-size: 14pt;\"> <a href=\"mailto:info@towelsports.com,\"><u>info@towelsports.com\u00a0<\/u><\/a><\/span><u><\/u><\/strong>ho\u1eb7c g\u1ecdi cho ch\u00fang t\u00f4i theo s\u1ed1<strong><span style=\"font-size: 14pt;\"> 0086 13539770702 <\/span><u><\/u><\/strong>ch\u00fang t\u00f4i s\u1ebd gi\u1ea3i quy\u1ebft v\u1ea5n \u0111\u1ec1 c\u1ee7a b\u1ea1n ngay trong v\u00f2ng 48 gi\u1edd.<\/p>\n<p>B\u1ea3o h\u00e0nh kh\u00f4ng bao g\u1ed3m c\u00e1c thi\u1ec7t h\u1ea1i do tai n\u1ea1n, s\u01a1 su\u1ea5t ho\u1eb7c s\u1eed d\u1ee5ng sai s\u1ea3n ph\u1ea9m, chi ph\u00ed v\u1eadn chuy\u1ec3n v\u00e0 li\u00ean l\u1ea1c.<\/p>\n<\/div><\/div><\/div><style type=\"text\/css\">.fusion-body .fusion-builder-column-0{width:100% !important;margin-top : 0px;margin-bottom : 20px;}.fusion-builder-column-0 > .fusion-column-wrapper {padding-top : 0px !important;padding-right : 0px !important;margin-right : 1.92%;padding-bottom : 0px !important;padding-left : 0px !important;margin-left : 1.92%;}@media only screen and (max-width:1024px) {.fusion-body .fusion-builder-column-0{width:100% !important;order : 0;}.fusion-builder-column-0 > .fusion-column-wrapper {margin-right : 1.92%;margin-left : 1.92%;}}@media only screen and (max-width:640px) {.fusion-body .fusion-builder-column-0{width:100% !important;order : 0;}.fusion-builder-column-0 > .fusion-column-wrapper {margin-right : 1.92%;margin-left : 1.92%;}}<\/style><\/div><style type=\"text\/css\">.fusion-body .fusion-flex-container.fusion-builder-row-1{ padding-top : 0px;margin-top : 0px;padding-right : 0px;padding-bottom : 0px;margin-bottom : 0px;padding-left : 0px;}<\/style><\/div>","protected":false},"excerpt":{"rendered":"","protected":false},"author":1,"featured_media":0,"parent":0,"menu_order":0,"comment_status":"closed","ping_status":"closed","template":"100-width.php","meta":{"footnotes":""},"class_list":["post-2406","page","type-page","status-publish","hentry"],"aioseo_notices":[],"_links":{"self":[{"href":"https:\/\/www.towelsports.com\/vi\/wp-json\/wp\/v2\/pages\/2406","targetHints":{"allow":["GET"]}}],"collection":[{"href":"https:\/\/www.towelsports.com\/vi\/wp-json\/wp\/v2\/pages"}],"about":[{"href":"https:\/\/www.towelsports.com\/vi\/wp-json\/wp\/v2\/types\/page"}],"author":[{"embeddable":true,"href":"https:\/\/www.towelsports.com\/vi\/wp-json\/wp\/v2\/users\/1"}],"replies":[{"embeddable":true,"href":"https:\/\/www.towelsports.com\/vi\/wp-json\/wp\/v2\/comments?post=2406"}],"version-history":[{"count":5,"href":"https:\/\/www.towelsports.com\/vi\/wp-json\/wp\/v2\/pages\/2406\/revisions"}],"predecessor-version":[{"id":2441,"href":"https:\/\/www.towelsports.com\/vi\/wp-json\/wp\/v2\/pages\/2406\/revisions\/2441"}],"wp:attachment":[{"href":"https:\/\/www.towelsports.com\/vi\/wp-json\/wp\/v2\/media?parent=2406"}],"curies":[{"name":"wp","href":"https:\/\/api.w.org\/{rel}","templated":true}]}}