{"id":16,"date":"2018-04-05T13:21:58","date_gmt":"2018-04-05T05:21:58","guid":{"rendered":"https:\/\/www.towelsports.com\/?page_id=16"},"modified":"2024-06-28T16:07:50","modified_gmt":"2024-06-28T08:07:50","slug":"contact-us","status":"publish","type":"page","link":"https:\/\/www.towelsports.com\/vi\/contact-us\/","title":{"rendered":"Li\u00ean h\u1ec7"},"content":{"rendered":"<p><div class=\"fusion-fullwidth fullwidth-box fusion-builder-row-1 fusion-parallax-none nonhundred-percent-fullwidth non-hundred-percent-height-scrolling\" style=\"background-color: rgba(255,255,255,0);background-image: url(&quot;https:\/\/www.towelsports.com\/wp-content\/uploads\/2018\/04\/ContactUs_1920x615px.jpg&quot;);background-position: center center;background-repeat: no-repeat;padding-top:180px;padding-right:0px;padding-bottom:180px;padding-left:0px;margin-bottom: 0px;margin-top: -20px;border-width: 0px 0px 0px 0px;border-color:#eae9e9;border-style:solid;-webkit-background-size:cover;-moz-background-size:cover;-o-background-size:cover;background-size:cover;\" ><div class=\"fusion-builder-row fusion-row\"><div class=\"fusion-layout-column fusion_builder_column fusion-builder-column-0 fusion_builder_column_1_1 1_1 fusion-one-full fusion-column-first fusion-column-last\" style=\"margin-top:0px;margin-bottom:20px;\"><div class=\"fusion-column-wrapper fusion-flex-column-wrapper-legacy\" style=\"background-position:left top;background-repeat:no-repeat;-webkit-background-size:cover;-moz-background-size:cover;-o-background-size:cover;background-size:cover;padding: 0px 0px 0px 0px;\"><div class=\"fusion-text fusion-text-1\"><p style=\"text-align: center;\"><span style=\"font-size: 32px; color: #ffffff;\">LI\u00caN H\u1ec6 V\u1edaI CH\u00daNG T\u00d4I H\u00d4M NAY<\/span><\/p>\n<\/div><div class=\"fusion-clearfix\"><\/div><\/div><\/div><\/div><\/div><div class=\"fusion-fullwidth fullwidth-box fusion-builder-row-2 nonhundred-percent-fullwidth non-hundred-percent-height-scrolling\" style=\"background-color: rgba(255,255,255,0);background-position: center center;background-repeat: no-repeat;padding-top:50px;padding-right:0px;padding-bottom:0px;padding-left:0px;margin-bottom: 0px;margin-top: 30px;border-width: 0px 0px 0px 0px;border-color:#eae9e9;border-style:solid;\" ><div class=\"fusion-builder-row fusion-row\"><div class=\"fusion-layout-column fusion_builder_column fusion-builder-column-1 fusion_builder_column_2_3 2_3 fusion-two-third fusion-column-first\" style=\"width:66.666666666667%;width:calc(66.666666666667% - ( ( 4% ) * 0.66666666666667 ) );margin-right: 4%;margin-top:0px;margin-bottom:20px;\"><div class=\"fusion-column-wrapper fusion-flex-column-wrapper-legacy\" style=\"background-position:left top;background-repeat:no-repeat;-webkit-background-size:cover;-moz-background-size:cover;-o-background-size:cover;background-size:cover;padding: 0px 0px 0px 0px;\"><div class=\"fusion-text fusion-text-2\"><p><span style=\"color: #808080; font-size: 18pt;\"><strong>Qu\u1ea3ng Ch\u00e2u BangZe D\u1ec7t Co., Ltd.<\/strong><\/span><\/p>\n<p><span style=\"color: #808080; font-size: 14pt;\">\u0110\u1ecba ch\u1ec9: Ph\u00f2ng 1502, s\u1ed1 50, \u0111\u01b0\u1eddng Ganyuan, khu Thi\u00ean H\u00e0, Qu\u1ea3ng Ch\u00e2u, Trung Qu\u1ed1c<\/span><\/p>\n<p><span style=\"color: #808080; font-size: 14pt;\">\u0110T: 0086-20-22043655<\/span><\/p>\n<p><span style=\"color: #808080; font-size: 14pt;\">Whatsapp\/wechat: 0086 135 39770702<\/span><\/p>\n<p><span style=\"color: #808080; font-size: 14pt;\">Email: info@towelsports.com<\/span><\/p>\n<p><span style=\"color: #808080; font-size: 14pt;\">Web: https:\/\/www.towelsports.com<\/span><\/p>\n<\/div><style type='text\/css'>.reading-box-container-1 .element-bottomshadow:before,.reading-box-container-1 .element-bottomshadow:after{opacity:0.7;}<\/style><div class=\"fusion-reading-box-container reading-box-container-1\" style=\"margin-top:0px;margin-bottom:84px;\"><div class=\"reading-box\" style=\"background-color:#f2f2f2;border-width:1px;border-color:rgba(161,193,108,0.94);border-top-width:3px;border-top-color:var(--primary_color);border-style:solid;\"><h2>Ch\u1ec9 c\u1ea7n \u0111i\u1ec1n c\u00e1c y\u00eau c\u1ea7u c\u1ee7a b\u1ea1n b\u00ean d\u01b0\u1edbi \u0111\u1ec3 nh\u1eadn \u0111\u01b0\u1ee3c b\u00e1o gi\u00e1 mi\u1ec5n ph\u00ed, kh\u00f4ng c\u1ea7n ngh\u0129a v\u1ee5 ngay h\u00f4m nay!<\/h2><div class=\"reading-box-description fusion-reading-box-additional\">Y\u00eau c\u1ea7u c\u1ee7a b\u1ea1n s\u1ebd \u0111\u01b0\u1ee3c tr\u1ea3 l\u1eddi trong v\u00f2ng 24 gi\u1edd v\u00e0 ch\u00fang t\u00f4i s\u1ebd t\u00f4n tr\u1ecdng quy\u1ec1n ri\u00eang t\u01b0 c\u1ee7a b\u1ea1n.<\/div><div class=\"fusion-clearfix\"><\/div><\/div><\/div><div class=\"fusion-text fusion-text-3\"><p><iframe style=\"width: 100%; border: none;\" src=\"https:\/\/merina.wufoo.com\/embed\/z9jhv0p0kpcqxe\/\" width=\"300\" height=\"800\" frameborder=\"0\" scrolling=\"no\"><br \/>\n<a href=\"https:\/\/merina.wufoo.com\/forms\/z9jhv0p0kpcqxe\/\"><br \/>\n\u0110i\u1ec1n v\u00e0o m\u1eabu Wufoo c\u1ee7a t\u00f4i!<br \/>\n<\/a><br \/>\n<\/iframe><\/p>\n<div id=\"wuf-adv\" style=\"font-family: inherit; font-size: small; color: #a7a7a7; text-align: center; display: block;\"><span class=\"notranslate\">\u00a0<\/span><\/div>\n<\/div><div class=\"fusion-clearfix\"><\/div><\/div><\/div><div class=\"fusion-layout-column fusion_builder_column fusion-builder-column-2 fusion_builder_column_1_3 1_3 fusion-one-third fusion-column-last\" style=\"width:33.333333333333%;width:calc(33.333333333333% - ( ( 4% ) * 0.33333333333333 ) );margin-top:0px;margin-bottom:20px;\"><div class=\"fusion-column-wrapper fusion-flex-column-wrapper-legacy\" style=\"background-position:left top;background-repeat:no-repeat;-webkit-background-size:cover;-moz-background-size:cover;-o-background-size:cover;background-size:cover;padding: 0px 0px 0px 0px;\"><div class=\"fusion-text fusion-text-4\"><p style=\"text-align: center;\"><span style=\"color: #808080;\"><strong><span style=\"font-size: 20px;\">L\u00ean k\u1ebf ho\u1ea1ch cho m\u1ed9t chuy\u1ebfn th\u0103m?<\/span><\/strong><\/span><\/p>\n<\/div>\t\t\t\t\t<script type=\"text\/javascript\">\n\t\t\t\t\t\tvar map_fusion_map_69e9980f6ec80;\n\t\t\t\t\t\tvar markers = [];\n\t\t\t\t\t\tvar counter = 0;\n\t\t\t\t\t\t\t\t\t\t\t\t\t\t\t\t\t\t\t\tvar fusionMapNonce = '921557667e';\n\t\t\t\t\t\t\t\t\t\t\t\tfunction fusion_run_map_fusion_map_69e9980f6ec80() {\n\t\t\t\t\t\t\tjQuery('#fusion_map_69e9980f6ec80').fusion_maps({\n\t\t\t\t\t\t\t\taddresses: [{\"address\":\"50 Gan Yuan Lu,Tianhe Qu, Guangzhou Shi, Guangdong Sheng,China \",\"infobox_content\":\"50 Gan Yuan Lu,Tianhe Qu, Guangzhou Shi, Guangdong Sheng,China \",\"marker\":\"https:\\\/\\\/www.towelsports.com\\\/wp-content\\\/plugins\\\/fusion-builder\\\/images\\\/avada_map_marker.png\",\"coordinates\":false,\"cache\":true,\"latitude\":\"23.165034\",\"longitude\":\"113.31588299999999\"}],\n\t\t\t\t\t\t\t\tanimations: true,\n\t\t\t\t\t\t\t\tinfobox_background_color: 'rgba(160, 206, 78, 0.8)',\n\t\t\t\t\t\t\t\tinfobox_styling: 'custom',\n\t\t\t\t\t\t\t\tinfobox_text_color: '#fff',\n\t\t\t\t\t\t\t\tmap_style: 'custom',\n\t\t\t\t\t\t\t\tmap_type: 'roadmap',\n\t\t\t\t\t\t\t\tmarker_icon: 'theme',\n\t\t\t\t\t\t\t\toverlay_color: '#a0ce4e',\n\t\t\t\t\t\t\t\toverlay_color_hsl: {\"hue\":82,\"sat\":57,\"lum\":56},\n\t\t\t\t\t\t\t\tpan_control: true,\n\t\t\t\t\t\t\t\tshow_address: true,\n\t\t\t\t\t\t\t\tscale_control: true,\n\t\t\t\t\t\t\t\tscrollwheel: true,\n\t\t\t\t\t\t\t\tzoom: 8,\n\t\t\t\t\t\t\t\tzoom_control: true,\n\t\t\t\t\t\t\t});\n\t\t\t\t\t\t}\n\n\t\t\t\t\t\tgoogle.maps.event.addDomListener(window, 'load', fusion_run_map_fusion_map_69e9980f6ec80);\n\t\t\t\t\t<\/script>\n\t\t\t\t\t<div class=\"shortcode-map fusion-google-map fusion-maps-js-type\" id=\"fusion_map_69e9980f6ec80\" style=\"height:600px;width:100%;\"><\/div><div class=\"fusion-sep-clear\"><\/div><div class=\"fusion-separator fusion-full-width-sep\" style=\"margin-left: auto;margin-right: auto;margin-top:20px;width:100%;\"><div class=\"fusion-separator-border sep-double\" style=\"border-color:#e0dede;border-top-width:0px;border-bottom-width:0px;\"><\/div><\/div><div class=\"fusion-sep-clear\"><\/div><div class=\"fusion-text fusion-text-5\"><p style=\"text-align: center;\"><strong><span style=\"color: #808080; font-size: 20px;\">B\u1ea1n mu\u1ed1n li\u00ean h\u1ec7 v\u1edbi ch\u00fang t\u00f4i b\u1eb1ng SKYPE?<\/span><\/strong><\/p>\n<p style=\"text-align: center;\"><img decoding=\"async\" class=\"wp-image-224 aligncenter\" src=\"https:\/\/www.towelsports.com\/wp-content\/uploads\/2018\/04\/10009-11032414500734.jpg\" alt=\"\" width=\"160\" height=\"106\" srcset=\"https:\/\/www.towelsports.com\/wp-content\/uploads\/2018\/04\/10009-11032414500734-200x133.jpg 200w, https:\/\/www.towelsports.com\/wp-content\/uploads\/2018\/04\/10009-11032414500734-300x199.jpg 300w, https:\/\/www.towelsports.com\/wp-content\/uploads\/2018\/04\/10009-11032414500734-400x266.jpg 400w, https:\/\/www.towelsports.com\/wp-content\/uploads\/2018\/04\/10009-11032414500734-600x398.jpg 600w, https:\/\/www.towelsports.com\/wp-content\/uploads\/2018\/04\/10009-11032414500734-768x510.jpg 768w, https:\/\/www.towelsports.com\/wp-content\/uploads\/2018\/04\/10009-11032414500734-800x531.jpg 800w, https:\/\/www.towelsports.com\/wp-content\/uploads\/2018\/04\/10009-11032414500734.jpg 1000w\" sizes=\"(max-width: 160px) 100vw, 160px\" \/><\/p>\n<p style=\"text-align: center;\"><img decoding=\"async\" class=\"alignnone wp-image-225\" src=\"https:\/\/www.towelsports.com\/wp-content\/uploads\/2018\/04\/\u4e0b\u8f7d.png\" alt=\"\" width=\"28\" height=\"28\" srcset=\"https:\/\/www.towelsports.com\/wp-content\/uploads\/2018\/04\/\u4e0b\u8f7d-66x66.png 66w, https:\/\/www.towelsports.com\/wp-content\/uploads\/2018\/04\/\u4e0b\u8f7d-150x150.png 150w, https:\/\/www.towelsports.com\/wp-content\/uploads\/2018\/04\/\u4e0b\u8f7d-200x200.png 200w, https:\/\/www.towelsports.com\/wp-content\/uploads\/2018\/04\/\u4e0b\u8f7d.png 256w\" sizes=\"(max-width: 28px) 100vw, 28px\" \/> merinalau<\/p>\n<\/div><div class=\"fusion-text fusion-text-6\"><p><strong>B\u1ea1n c\u0169ng c\u00f3 th\u1ec3 qu\u00e9t m\u00e3 QR c\u1ee7a ch\u00fang t\u00f4i v\u00e0 li\u00ean h\u1ec7 v\u1edbi ch\u00fang t\u00f4i b\u1eb1ng wechat.<\/strong><\/p>\n<p><strong>Ho\u1eb7c b\u1ea1n c\u00f3 th\u1ec3 li\u00ean h\u1ec7 v\u1edbi ch\u00fang t\u00f4i b\u1eb1ng whatsapp!<\/strong><\/p>\n<\/div><span class=\"fusion-imageframe imageframe-none imageframe-1 hover-type-none\"><img decoding=\"async\" width=\"291\" height=\"282\" title=\"m\u00e3 s\u1ed1\" src=\"https:\/\/www.towelsports.com\/wp-content\/uploads\/2020\/04\/code.png\" class=\"img-responsive wp-image-1016\" srcset=\"https:\/\/www.towelsports.com\/wp-content\/uploads\/2020\/04\/code-200x194.png 200w, https:\/\/www.towelsports.com\/wp-content\/uploads\/2020\/04\/code.png 291w\" sizes=\"(max-width: 800px) 100vw, 291px\" \/><\/span><div class=\"aligncenter\"><div class=\"fusion-social-links\"><div class=\"fusion-social-networks\"><div class=\"fusion-social-networks-wrapper\"><a class=\"fusion-social-network-icon fusion-tooltip fusion-mail fusion-icon-mail\" style=\"color:#bebdbd;font-size:16px;\" data-placement=\"top\" data-title=\"Email\" data-toggle=\"tooltip\" title=\"E-mail\" aria-label=\"th\u01b0\" target=\"_self\" rel=\"noopener noreferrer\" href=\"mailto:i&#110;f&#111;&#064;to&#119;e&#108;&#115;&#112;or&#116;&#115;&#046;c&#111;&#109;\"><\/a><\/div><\/div><\/div><\/div><div class=\"fusion-clearfix\"><\/div><\/div><\/div><\/div><\/div><\/p>","protected":false},"excerpt":{"rendered":"","protected":false},"author":1,"featured_media":0,"parent":0,"menu_order":0,"comment_status":"closed","ping_status":"closed","template":"100-width.php","meta":{"footnotes":""},"class_list":["post-16","page","type-page","status-publish","hentry"],"aioseo_notices":[],"_links":{"self":[{"href":"https:\/\/www.towelsports.com\/vi\/wp-json\/wp\/v2\/pages\/16","targetHints":{"allow":["GET"]}}],"collection":[{"href":"https:\/\/www.towelsports.com\/vi\/wp-json\/wp\/v2\/pages"}],"about":[{"href":"https:\/\/www.towelsports.com\/vi\/wp-json\/wp\/v2\/types\/page"}],"author":[{"embeddable":true,"href":"https:\/\/www.towelsports.com\/vi\/wp-json\/wp\/v2\/users\/1"}],"replies":[{"embeddable":true,"href":"https:\/\/www.towelsports.com\/vi\/wp-json\/wp\/v2\/comments?post=16"}],"version-history":[{"count":44,"href":"https:\/\/www.towelsports.com\/vi\/wp-json\/wp\/v2\/pages\/16\/revisions"}],"predecessor-version":[{"id":3214,"href":"https:\/\/www.towelsports.com\/vi\/wp-json\/wp\/v2\/pages\/16\/revisions\/3214"}],"wp:attachment":[{"href":"https:\/\/www.towelsports.com\/vi\/wp-json\/wp\/v2\/media?parent=16"}],"curies":[{"name":"wp","href":"https:\/\/api.w.org\/{rel}","templated":true}]}}