{"id":1083,"date":"2020-04-19T22:38:59","date_gmt":"2020-04-19T14:38:59","guid":{"rendered":"https:\/\/www.towelsports.com\/?page_id=1083"},"modified":"2020-12-16T23:00:19","modified_gmt":"2020-12-16T15:00:19","slug":"coral-fleece-blanket","status":"publish","type":"page","link":"https:\/\/www.towelsports.com\/vi\/products\/microfiber-towel\/coral-fleece-blanket\/","title":{"rendered":"Ch\u0103n l\u00f4ng c\u1eebu san h\u00f4"},"content":{"rendered":"<div class=\"fusion-fullwidth fullwidth-box fusion-builder-row-1 nonhundred-percent-fullwidth non-hundred-percent-height-scrolling\" style=\"background-color: rgba(255,255,255,0);background-position: center center;background-repeat: no-repeat;padding-top:0px;padding-right:0px;padding-bottom:0px;padding-left:0px;margin-bottom: 0px;margin-top: 0px;border-width: 0px 0px 0px 0px;border-color:#eae9e9;border-style:solid;\" ><div class=\"fusion-builder-row fusion-row\"><div class=\"fusion-layout-column fusion_builder_column fusion-builder-column-0 fusion_builder_column_1_1 1_1 fusion-one-full fusion-column-first fusion-column-last\" style=\"margin-top:0px;margin-bottom:20px;\"><div class=\"fusion-column-wrapper fusion-flex-column-wrapper-legacy\" style=\"background-position:left top;background-repeat:no-repeat;-webkit-background-size:cover;-moz-background-size:cover;-o-background-size:cover;background-size:cover;padding: 0px 0px 0px 0px;\"><div class=\"fusion-text fusion-text-1\"><h2><span style=\"color: #000080; font-size: 18pt;\">Nh\u00e0 s\u1ea3n xu\u1ea5t ch\u0103n l\u00f4ng c\u1eebu san h\u00f4 ch\u1ea5t l\u01b0\u1ee3ng cao cho m\u00e1y bay v\u00e0 ng\u1ee7 khi \u0111i du l\u1ecbch<\/span><\/h2>\n<p><span style=\"font-size: 12pt;\">Ch\u0103n l\u00f4ng c\u1eebu san h\u00f4 s\u1ee3i nh\u1ecf ch\u1ea5t l\u01b0\u1ee3ng cao b\u00e1n bu\u00f4n t\u1eeb nh\u00e0 s\u1ea3n xu\u1ea5t, nh\u00e0 cung c\u1ea5p Trung Qu\u1ed1c v\u1edbi gi\u00e1 r\u1ebb. Ch\u0103n l\u00f4ng c\u1eebu san h\u00f4 Bangze \u0111\u01b0\u1ee3c thi\u1ebft k\u1ebf si\u00eau m\u1ec1m polyester 80% v\u00e0 polyamide 20% cho ng\u01b0\u1eddi l\u1edbn v\u00e0 tr\u1ebb em, h\u1ecda ti\u1ebft ngh\u1ec7 thu\u1eadt t\u00f9y ch\u1ec9nh \u0111\u01b0\u1ee3c kh\u00e2u b\u1eb1ng ch\u1ec9 t\u1ed1t v\u00e0 ch\u1eb7t, hai lo\u1ea1i c\u1ea1nh kh\u00e2u kh\u00e1c nhau l\u00e0 g\u00f3c tr\u00f2n v\u00e0 g\u00f3c ch\u1eef nh\u1eadt. Ch\u00fang c\u00f3 nhi\u1ec1u ki\u1ec3u d\u00e1ng v\u00e0 m\u00e0u s\u1eafc kh\u00e1c nhau, c\u0169ng nh\u01b0 m\u1ed9t s\u1ed1 v\u00f2ng t\u00f9y ch\u1ecdn \u0111\u1ec3 treo tr\u00ean t\u01b0\u1eddng. \u0110\u00e2y l\u00e0 m\u1ed9t chi\u1ebfc ch\u0103n t\u1ed1t \u0111\u1ec3 gi\u1eef \u1ea5m khi s\u01b0\u1edfi \u1ea5m TV tr\u00ean gi\u01b0\u1eddng \u0111\u00f4i ho\u1eb7c gh\u1ebf sofa v\u00e0o m\u00f9a \u0111\u00f4ng. \u0110\u01a1n \u0111\u1eb7t h\u00e0ng ch\u0103n l\u00f4ng c\u1eebu san h\u00f4 t\u00f9y ch\u1ec9nh \u0111\u01b0\u1ee3c \u0111\u00e1nh gi\u00e1 cao.<\/span><\/p>\n<p><span style=\"font-size: 12pt;\">Ch\u0103n c\u0169ng \u0111\u01b0\u1ee3c s\u1eed d\u1ee5ng r\u1ed9ng r\u00e3i tr\u00ean m\u00e1y bay, ph\u00f2ng m\u00e1y l\u1ea1nh v\u00e0 khi b\u1ea1n \u0111i du l\u1ecbch khi ng\u1ee7. K\u1ebft c\u1ea5u v\u1ea3i nhung si\u00eau m\u1ec1m m\u1ea1i v\u00e0 tho\u1ea3i m\u00e1i, kh\u00f4ng x\u01a1, k\u00edch th\u01b0\u1edbc 75x100cm c\u00f3 th\u1ec3 t\u00f9y ch\u1ec9nh. Ch\u00fang t\u00f4i cung c\u1ea5p gi\u1ea3i ph\u00e1p &#039;tr\u1ecdn g\u00f3i&#039; cho nhu c\u1ea7u ch\u0103n c\u1ee7a b\u1ea1n, vui l\u00f2ng li\u00ean h\u1ec7 \u0111\u1ec3 nh\u1eadn b\u00e1o gi\u00e1 v\u00e0 m\u1eabu.<\/span><\/p>\n<p><span style=\"color: #000080;\"><strong><span style=\"font-size: 18pt;\">N\u00ean s\u1eed d\u1ee5ng ch\u0103n n\u00e0o l\u00e0 t\u1ed1t nh\u1ea5t trong ph\u00f2ng m\u00e1y l\u1ea1nh?<\/span><\/strong><\/span><\/p>\n<p>Ch\u0103n l\u00f4ng san h\u00f4 l\u00e0 m\u1ed9t lo\u1ea1i ch\u0103n ga g\u1ed1i \u0111\u1ec7m th\u00f4ng d\u1ee5ng, c\u00f3 ch\u1ee9c n\u0103ng gi\u1eef \u1ea5m v\u00e0 m\u1ecfng h\u01a1n ch\u0103n b\u00f4ng. C\u00f3 v\u1ea3i len l\u00f4ng m\u1ec1m m\u1ea1i \u1edf c\u1ea3 hai m\u1eb7t, b\u1ec1 m\u1eb7t c\u00f3 l\u1edbp l\u00f4ng d\u00e0y, c\u00f3 \u0111\u1eb7c t\u00ednh c\u00e1ch nhi\u1ec7t. Ch\u0103n c\u0169ng c\u00f3 th\u1ec3 \u0111\u01b0\u1ee3c s\u1eed d\u1ee5ng l\u00e0m \u0111\u1ed3 trang tr\u00ed nh\u01b0 ga tr\u1ea3i gi\u01b0\u1eddng v\u00e0 th\u1ea3m trang tr\u00ed. Theo ph\u01b0\u01a1ng ph\u00e1p d\u1ec7t, ch\u0103n \u0111\u01b0\u1ee3c chia th\u00e0nh d\u1ec7t h\u1eefu c\u01a1, ch\u1ea7n, \u0111an s\u1ee3i d\u1ecdc, \u0111\u1ee5c kim, kh\u00e2u, v.v. C\u00e1c lo\u1ea1i ch\u0103n l\u1ea1 m\u1eaft th\u00f4ng th\u01b0\u1eddng bao g\u1ed3m jacquard, in v\u00e0 m\u00e0u tr\u01a1n, c\u00f3 \u0111\u1ed9 \u0111\u00e0n h\u1ed3i v\u00e0 \u1ea5m \u00e1p, v\u00e0 c\u00f3 k\u1ebft c\u1ea5u d\u00e0y. Ch\u1ee7 y\u1ebfu \u0111\u01b0\u1ee3c s\u1eed d\u1ee5ng l\u00e0m v\u1ecf gi\u01b0\u1eddng, ch\u0103n \u0111i\u1ec1u h\u00f2a, ch\u0103n sofa, c\u0169ng nh\u01b0 \u0111\u1ed3 trang tr\u00ed nh\u01b0 ga tr\u1ea3i gi\u01b0\u1eddng ho\u1eb7c th\u1ea3m trang tr\u00ed, v\u1edbi nhi\u1ec1u h\u1ecda ti\u1ebft v\u00e0 m\u00e0u s\u1eafc kh\u00e1c nhau.<\/p>\n<p><strong><span style=\"font-size: 18pt; color: #000080;\">\u01afu \u0111i\u1ec3m c\u1ee7a ch\u0103n l\u00f4ng c\u1eebu san h\u00f4 l\u00e0 g\u00ec?<\/span><\/strong><\/p>\n<p>1. V\u00e0o m\u00f9a \u0111\u00f4ng, c\u00f3 th\u1ec3 d\u00f9ng l\u00e0m ch\u0103n v\u00e0 ch\u0103n raschel \u1ea5m \u00e1p. N\u1eb1m tr\u00ean \u0111\u00f3 s\u1ebd khi\u1ebfn b\u1ea1n qu\u00ean h\u1ebft m\u1ecdi lo l\u1eafng v\u00e0 c\u00e1i l\u1ea1nh, v\u00e0 ngay l\u1eadp t\u1ee9c b\u01b0\u1edbc v\u00e0o tr\u1ea1ng th\u00e1i \u1ea5m \u00e1p. B\u1ea1n c\u00f3 th\u1ec3 ng\u1ee7 \u0111\u1ebfn t\u1eadn s\u00e1ng. Do \u0111\u00f3, ch\u0103n raschel c\u00f3 th\u1ec3 gi\u00fap b\u1ea1n c\u1ea3i thi\u1ec7n ch\u1ea5t l\u01b0\u1ee3ng gi\u1ea5c ng\u1ee7.<br \/>\n2. Xu\u00e2n thu c\u00f3 th\u1ec3 d\u00f9ng l\u00e0m ch\u0103n m\u1ecfng, m\u1ec1m m\u1ea1i m\u00e0 kh\u00f4ng m\u1ea5t \u0111i ch\u1ee9c n\u0103ng gi\u1eef \u1ea5m, nh\u01b0ng \u00f4m s\u00e1t c\u01a1 th\u1ec3 nh\u01b0ng kh\u00e1 tho\u00e1ng kh\u00ed, l\u00e0 m\u1ed9t lo\u1ea1i ch\u0103n ga g\u1ed1i \u0111\u1ec7m hi\u1ebfm c\u00f3.<br \/>\n3. M\u00f9a h\u00e8 l\u00e0 ch\u0103n m\u00f9a h\u00e8 l\u00fd t\u01b0\u1edfng (m\u00f9a h\u00e8 hai l\u1edbp kh\u00f4ng ph\u00f9 h\u1ee3p). M\u1eb7c d\u00f9 c\u1ea3m th\u1ea5y m\u1ec1m m\u1ea1i khi ch\u1ea1m v\u00e0o, ngay c\u1ea3 l\u1edbp raschel d\u00e0y c\u0169ng kh\u00e1 tho\u00e1ng kh\u00ed v\u00e0 tho\u1ea3i m\u00e1i khi \u0111\u1eafp. R\u1ea5t th\u00edch h\u1ee3p \u0111\u1ec3 ng\u1ee7 kh\u1ecfa th\u00e2n!<br \/>\n4. \u01afu \u0111i\u1ec3m n\u1ed5i b\u1eadt: s\u1edd tay r\u1ea5t tho\u1ea3i m\u00e1i v\u00e0 m\u1ec1m m\u1ea1i, s\u1ee3i v\u1ea3i m\u1ecfng, kh\u00f4ng r\u1ee5ng, \u1ea5m \u00e1p v\u00e0 tho\u00e1ng kh\u00ed, nhu\u1ed9m k\u1ef9 thu\u1eadt s\u1ed1, m\u00e0u s\u1eafc t\u01b0\u01a1i s\u00e1ng v\u00e0 kh\u00f4ng phai, do quy tr\u00ecnh s\u1ea3n xu\u1ea5t v\u1ea3i n\u1ec9 \u0111\u1ed9c \u0111\u00e1o n\u00ean d\u00e0y v\u00e0 kh\u00edt h\u01a1n ch\u0103n th\u00f4ng th\u01b0\u1eddng, hi\u1ec7u su\u1ea5t gi\u1eef \u1ea5m \u0111\u1ed9c \u0111\u00e1o.<br \/>\n5. M\u1eabu m\u00e3 v\u00e0 k\u00edch th\u01b0\u1edbc c\u00f3 th\u1ec3 t\u00f9y ch\u1ec9nh theo l\u00f4 nh\u1ecf theo nhu c\u1ea7u c\u1ee7a kh\u00e1ch h\u00e0ng<\/p>\n<p><strong><span style=\"font-size: 18pt; color: #000080;\">Ch\u0103m s\u00f3c gi\u1eb7t<\/span><\/strong><\/p>\n<p>Ch\u0103n l\u00f4ng c\u1eebu san h\u00f4 d\u1ec5 b\u1ecb \u1ed1 v\u00e0 h\u00fat b\u1ee5i, v\u00ec v\u1eady h\u00e3y gi\u1eb7t th\u01b0\u1eddng xuy\u00ean. Ph\u01b0\u01a1ng ph\u00e1p gi\u1eb7t \u0111\u00fang l\u00e0 ng\u00e2m trong n\u01b0\u1edbc l\u1ea1nh trong 30 ph\u00fat, sau \u0111\u00f3 cho v\u00e0o dung d\u1ecbch x\u00e0 ph\u00f2ng trung t\u00ednh \u1edf nhi\u1ec7t \u0111\u1ed9 40\uff5e50\u2103, li\u00ean t\u1ee5c l\u1eadt v\u00e0 tr\u00e1nh ch\u00e0 x\u00e1t qu\u00e1 m\u1ea1nh \u0111\u1ec3 tr\u00e1nh v\u00f3n c\u1ee5c. S\u1eed d\u1ee5ng n\u01b0\u1edbc s\u1ea1ch trong 15 ph\u00fat, v\u1eaft b\u1edbt n\u01b0\u1edbc v\u00e0 \u0111\u1ec3 kh\u00f4 t\u1ef1 nhi\u00ean. Khi kh\u00f4 m\u1ed9t n\u1eeda, h\u00e3y gi\u0169 ch\u0103n trong v\u00e0i ph\u00fat \u0111\u1ec3 l\u00e0m t\u01a1i ra, sau \u0111\u00f3 ti\u1ebfp t\u1ee5c ph\u01a1i cho \u0111\u1ebfn khi kh\u00f4.<\/p>\n<\/div><div class=\"fusion-sep-clear\"><\/div><div class=\"fusion-separator fusion-has-icon fusion-full-width-sep\" style=\"margin-left: auto;margin-right: auto;margin-bottom:30px;width:100%;\"><div class=\"fusion-separator-border sep-single sep-dotted\" style=\"border-color:#8bc34a;border-top-width:3px;\"><\/div><span class=\"icon-wrapper\" style=\"border-color:#8bc34a;background-color:#ff9800;font-size:16px;width: 1.75em; height: 1.75em;border-width:3px;padding:3px;margin-top:-1.5px\"><i class=\"fa fa-chevron-down\" style=\"font-size: inherit;color:#8bc34a;\" aria-hidden=\"true\"><\/i><\/span><div class=\"fusion-separator-border sep-single sep-dotted\" style=\"border-color:#8bc34a;border-top-width:3px;\"><\/div><\/div><div class=\"fusion-sep-clear\"><\/div><style type=\"text\/css\">.fusion-portfolio-wrapper#fusion-portfolio-1 .fusion-portfolio-content{  text-align: center; }<\/style><div class=\"fusion-recent-works fusion-portfolio-element fusion-portfolio fusion-portfolio-1 fusion-portfolio-grid fusion-portfolio-paging-infinite fusion-portfolio-four fusion-portfolio-unboxed fusion-portfolio-text fusion-portfolio-equal-heights fusion-portfolio-rollover\" data-id=\"-rw-1\" data-columns=\"four\"><div role=\"menubar\"><ul class=\"fusion-filters\" role=\"menu\" aria-label=\"b\u1ed9 l\u1ecdc\"><li role=\"menuitem\" class=\"fusion-filter fusion-filter-all fusion-active\"><a href=\"#\" data-filter=\"*\">T\u1ea5t c\u1ea3<\/a><\/li><li role=\"menuitem\" class=\"fusion-filter fusion-hidden\"><a href=\"#\" data-filter=\".coral-fleece-blanket\">Ch\u0103n l\u00f4ng c\u1eebu san h\u00f4<\/a><\/li><\/ul><\/div><style type=\"text\/css\">.fusion-portfolio-1 .fusion-portfolio-wrapper .fusion-col-spacing{padding:10px;}<\/style><div class=\"fusion-portfolio-wrapper\" id=\"fusion-portfolio-1\" data-picturesize=\"auto\" data-pages=\"1\" style=\"margin:-10px;\"><article id=\"portfolio-1-post-2324\" class=\"fusion-portfolio-post coral-fleece-blanket fusion-col-spacing post-2324\"><div class=\"fusion-portfolio-content-wrapper\" style=\"border:none;\"><span class=\"vcard rich-snippet-hidden\"><span class=\"fn\"><a href=\"https:\/\/www.towelsports.com\/vi\/author\/bangze\/\" title=\"\u0110\u0103ng b\u1edfi Bangze\" rel=\"author\">Bangze<\/a><\/span><\/span><span class=\"updated rich-snippet-hidden\">2022-06-05T22:05:21+08:00<\/span>\n\n<div  class=\"fusion-image-wrapper\" aria-haspopup=\"true\">\n\t\n\t\n\t\t\n\t\t\t\t\t<img decoding=\"async\" width=\"800\" height=\"800\" src=\"https:\/\/www.towelsports.com\/wp-content\/uploads\/2020\/05\/Custom-design-winter-plushy-luxury-quality-coral-fleece-blanket-home-use-3.jpg\" class=\"attachment-full size-full wp-post-image\" alt=\"\" srcset=\"https:\/\/www.towelsports.com\/wp-content\/uploads\/2020\/05\/Custom-design-winter-plushy-luxury-quality-coral-fleece-blanket-home-use-3-200x200.jpg 200w, https:\/\/www.towelsports.com\/wp-content\/uploads\/2020\/05\/Custom-design-winter-plushy-luxury-quality-coral-fleece-blanket-home-use-3-400x400.jpg 400w, https:\/\/www.towelsports.com\/wp-content\/uploads\/2020\/05\/Custom-design-winter-plushy-luxury-quality-coral-fleece-blanket-home-use-3-600x600.jpg 600w, https:\/\/www.towelsports.com\/wp-content\/uploads\/2020\/05\/Custom-design-winter-plushy-luxury-quality-coral-fleece-blanket-home-use-3.jpg 800w\" sizes=\"(min-width: 2200px) 100vw, (min-width: 856px) 260px, (min-width: 784px) 347px, (min-width: 712px) 520px, (min-width: 640px) 712px, \" \/>\n\t\n\n\t\t<div class=\"fusion-rollover\">\n\t<div class=\"fusion-rollover-content\">\n\n\t\t\t\t\t\t\t\t\t\t\t\t\t\t<a class=\"fusion-rollover-link\" href=\"https:\/\/www.towelsports.com\/vi\/portfolio-items\/custom-design-winter-plushy-luxury-quality-coral-fleece-blanket-home-use\/\">Thi\u1ebft k\u1ebf t\u00f9y ch\u1ec9nh m\u00f9a \u0111\u00f4ng sang tr\u1ecdng sang tr\u1ecdng ch\u1ea5t l\u01b0\u1ee3ng ch\u0103n l\u00f4ng c\u1eebu san h\u00f4 s\u1eed d\u1ee5ng t\u1ea1i nh\u00e0<\/a>\n\t\t\t\n\t\t\t\t\t\t\t\t\t\t\t\t\t\t\n\t\t\t\t\t\t\t\t\n\t\t\t\t\t\t\t\t\t\t\t\t\t<div class=\"fusion-rollover-sep\"><\/div>\n\t\t\t\t\n\t\t\t\t\t\t\t\t\t\t\t\t\t\t\t\t\t\t<a class=\"fusion-rollover-gallery\" href=\"https:\/\/www.towelsports.com\/wp-content\/uploads\/2020\/05\/Custom-design-winter-plushy-luxury-quality-coral-fleece-blanket-home-use-3.jpg\" data-id=\"2324\" data-rel=\"iLightbox[gallery-rw-1]\" data-title=\"Custom design winter plushy luxury quality coral fleece blanket home use (3)\" data-caption=\"\">\n\t\t\t\t\t\tPh\u00f2ng tr\u01b0ng b\u00e0y\t\t\t\t\t<\/a>\n\t\t\t\t\t\t\t\t\t\t\t\t\t\t\n\t\t\t\t\n\t\t\t\t\t\t\t\t\t\t\t\t<h4 class=\"fusion-rollover-title\">\n\t\t\t\t\t<a class=\"fusion-rollover-title-link\" href=\"https:\/\/www.towelsports.com\/vi\/portfolio-items\/custom-design-winter-plushy-luxury-quality-coral-fleece-blanket-home-use\/\">\n\t\t\t\t\t\tThi\u1ebft k\u1ebf t\u00f9y ch\u1ec9nh m\u00f9a \u0111\u00f4ng sang tr\u1ecdng sang tr\u1ecdng ch\u1ea5t l\u01b0\u1ee3ng ch\u0103n l\u00f4ng c\u1eebu san h\u00f4 s\u1eed d\u1ee5ng t\u1ea1i nh\u00e0\t\t\t\t\t<\/a>\n\t\t\t\t<\/h4>\n\t\t\t\n\t\t\t\t\t\t\t\t\t\t\t\t\t\t<div class=\"fusion-rollover-categories\"><a href=\"https:\/\/www.towelsports.com\/vi\/portfolio_category\/coral-fleece-blanket\/\" rel=\"tag\">Ch\u0103n l\u00f4ng c\u1eebu san h\u00f4<\/a><\/div>\t\t\t\t\t\n\t\t\n\t\t\t\t<a class=\"fusion-link-wrapper\" href=\"https:\/\/www.towelsports.com\/vi\/portfolio-items\/custom-design-winter-plushy-luxury-quality-coral-fleece-blanket-home-use\/\" aria-label=\"Thi\u1ebft k\u1ebf t\u00f9y ch\u1ec9nh m\u00f9a \u0111\u00f4ng sang tr\u1ecdng sang tr\u1ecdng ch\u1ea5t l\u01b0\u1ee3ng ch\u0103n l\u00f4ng c\u1eebu san h\u00f4 s\u1eed d\u1ee5ng t\u1ea1i nh\u00e0\"><\/a>\n\t<\/div>\n<\/div>\n\n\t\n<\/div>\n<div class=\"fusion-portfolio-content\"><h2 class=\"entry-title fusion-post-title\"><a href=\"https:\/\/www.towelsports.com\/vi\/portfolio-items\/custom-design-winter-plushy-luxury-quality-coral-fleece-blanket-home-use\/\">Thi\u1ebft k\u1ebf t\u00f9y ch\u1ec9nh m\u00f9a \u0111\u00f4ng sang tr\u1ecdng sang tr\u1ecdng ch\u1ea5t l\u01b0\u1ee3ng ch\u0103n l\u00f4ng c\u1eebu san h\u00f4 s\u1eed d\u1ee5ng t\u1ea1i nh\u00e0<\/a><\/h2><div class=\"fusion-post-content\"><p> Ch\u0103n l\u00f4ng c\u1eebu san h\u00f4 \u0111\u01b0\u1ee3c l\u00e0m t\u1eeb polyster v\u00e0 [\u2026]<\/p><\/div><\/div><\/div><\/article><article id=\"portfolio-1-post-1303\" class=\"fusion-portfolio-post coral-fleece-blanket microfiber-towel fusion-col-spacing post-1303\"><div class=\"fusion-portfolio-content-wrapper\" style=\"border:none;\"><span class=\"vcard rich-snippet-hidden\"><span class=\"fn\"><a href=\"https:\/\/www.towelsports.com\/vi\/author\/bangze\/\" title=\"\u0110\u0103ng b\u1edfi Bangze\" rel=\"author\">Bangze<\/a><\/span><\/span><span class=\"updated rich-snippet-hidden\">2020-12-16T16:46:47+08:00<\/span>\n\n<div  class=\"fusion-image-wrapper\" aria-haspopup=\"true\">\n\t\n\t\n\t\t\n\t\t\t\t\t<img decoding=\"async\" width=\"800\" height=\"800\" src=\"https:\/\/www.towelsports.com\/wp-content\/uploads\/2020\/04\/sublimation-printed-microfiber-coral-flannel-blanket-1.jpg\" class=\"attachment-full size-full wp-post-image\" alt=\"\" srcset=\"https:\/\/www.towelsports.com\/wp-content\/uploads\/2020\/04\/sublimation-printed-microfiber-coral-flannel-blanket-1-200x200.jpg 200w, https:\/\/www.towelsports.com\/wp-content\/uploads\/2020\/04\/sublimation-printed-microfiber-coral-flannel-blanket-1-400x400.jpg 400w, https:\/\/www.towelsports.com\/wp-content\/uploads\/2020\/04\/sublimation-printed-microfiber-coral-flannel-blanket-1-600x600.jpg 600w, https:\/\/www.towelsports.com\/wp-content\/uploads\/2020\/04\/sublimation-printed-microfiber-coral-flannel-blanket-1.jpg 800w\" sizes=\"(min-width: 2200px) 100vw, (min-width: 856px) 260px, (min-width: 784px) 347px, (min-width: 712px) 520px, (min-width: 640px) 712px, \" \/>\n\t\n\n\t\t<div class=\"fusion-rollover\">\n\t<div class=\"fusion-rollover-content\">\n\n\t\t\t\t\t\t\t\t\t\t\t\t\t\t<a class=\"fusion-rollover-link\" href=\"https:\/\/www.towelsports.com\/vi\/portfolio-items\/custom-sublimation-print-leopard-pattern-microfiber-coral-fleece-blanket-70x140cm-350gsm\/\">T\u00f9y ch\u1ec9nh in th\u0103ng hoa h\u1ecda ti\u1ebft da b\u00e1o ch\u0103n l\u00f4ng c\u1eebu san h\u00f4 s\u1ee3i nh\u1ecf 70x140cm 350GSM<\/a>\n\t\t\t\n\t\t\t\t\t\t\t\t\t\t\t\t\t\t\n\t\t\t\t\t\t\t\t\n\t\t\t\t\t\t\t\t\t\t\t\t\t<div class=\"fusion-rollover-sep\"><\/div>\n\t\t\t\t\n\t\t\t\t\t\t\t\t\t\t\t\t\t\t\t\t\t\t<a class=\"fusion-rollover-gallery\" href=\"https:\/\/www.towelsports.com\/wp-content\/uploads\/2020\/04\/sublimation-printed-microfiber-coral-flannel-blanket-1.jpg\" data-id=\"1303\" data-rel=\"iLightbox[gallery-rw-1]\" data-title=\"sublimation printed microfiber coral flannel blanket (1)\" data-caption=\"\">\n\t\t\t\t\t\tPh\u00f2ng tr\u01b0ng b\u00e0y\t\t\t\t\t<\/a>\n\t\t\t\t\t\t\t\t\t\t\t\t\t\t\n\t\t\t\t\n\t\t\t\t\t\t\t\t\t\t\t\t<h4 class=\"fusion-rollover-title\">\n\t\t\t\t\t<a class=\"fusion-rollover-title-link\" href=\"https:\/\/www.towelsports.com\/vi\/portfolio-items\/custom-sublimation-print-leopard-pattern-microfiber-coral-fleece-blanket-70x140cm-350gsm\/\">\n\t\t\t\t\t\tT\u00f9y ch\u1ec9nh in th\u0103ng hoa h\u1ecda ti\u1ebft da b\u00e1o ch\u0103n l\u00f4ng c\u1eebu san h\u00f4 s\u1ee3i nh\u1ecf 70x140cm 350GSM\t\t\t\t\t<\/a>\n\t\t\t\t<\/h4>\n\t\t\t\n\t\t\t\t\t\t\t\t\t\t\t\t\t\t<div class=\"fusion-rollover-categories\"><a href=\"https:\/\/www.towelsports.com\/vi\/portfolio_category\/coral-fleece-blanket\/\" rel=\"tag\">Ch\u0103n l\u00f4ng c\u1eebu san h\u00f4<\/a>, <a href=\"https:\/\/www.towelsports.com\/vi\/portfolio_category\/microfiber-towel\/\" rel=\"tag\">Kh\u0103n s\u1ee3i nh\u1ecf<\/a><\/div>\t\t\t\t\t\n\t\t\n\t\t\t\t<a class=\"fusion-link-wrapper\" href=\"https:\/\/www.towelsports.com\/vi\/portfolio-items\/custom-sublimation-print-leopard-pattern-microfiber-coral-fleece-blanket-70x140cm-350gsm\/\" aria-label=\"T\u00f9y ch\u1ec9nh in th\u0103ng hoa h\u1ecda ti\u1ebft da b\u00e1o ch\u0103n l\u00f4ng c\u1eebu san h\u00f4 s\u1ee3i nh\u1ecf 70x140cm 350GSM\"><\/a>\n\t<\/div>\n<\/div>\n\n\t\n<\/div>\n<div class=\"fusion-portfolio-content\"><h2 class=\"entry-title fusion-post-title\"><a href=\"https:\/\/www.towelsports.com\/vi\/portfolio-items\/custom-sublimation-print-leopard-pattern-microfiber-coral-fleece-blanket-70x140cm-350gsm\/\">T\u00f9y ch\u1ec9nh in th\u0103ng hoa h\u1ecda ti\u1ebft da b\u00e1o ch\u0103n l\u00f4ng c\u1eebu san h\u00f4 s\u1ee3i nh\u1ecf 70x140cm 350GSM<\/a><\/h2><div class=\"fusion-post-content\"><p> Ch\u0103n l\u00f4ng c\u1eebu san h\u00f4 s\u1ee3i nh\u1ecf in k\u00edch th\u01b0\u1edbc \u0111\u1ea7y \u0111\u1ee7 60x120cm trong [...]<\/p><\/div><\/div><\/div><\/article><\/div><\/div><div class=\"fusion-clearfix\"><\/div><\/div><\/div><\/div><\/div>","protected":false},"excerpt":{"rendered":"","protected":false},"author":1,"featured_media":0,"parent":1025,"menu_order":0,"comment_status":"closed","ping_status":"closed","template":"","meta":{"footnotes":""},"class_list":["post-1083","page","type-page","status-publish","hentry"],"aioseo_notices":[],"_links":{"self":[{"href":"https:\/\/www.towelsports.com\/vi\/wp-json\/wp\/v2\/pages\/1083","targetHints":{"allow":["GET"]}}],"collection":[{"href":"https:\/\/www.towelsports.com\/vi\/wp-json\/wp\/v2\/pages"}],"about":[{"href":"https:\/\/www.towelsports.com\/vi\/wp-json\/wp\/v2\/types\/page"}],"author":[{"embeddable":true,"href":"https:\/\/www.towelsports.com\/vi\/wp-json\/wp\/v2\/users\/1"}],"replies":[{"embeddable":true,"href":"https:\/\/www.towelsports.com\/vi\/wp-json\/wp\/v2\/comments?post=1083"}],"version-history":[{"count":6,"href":"https:\/\/www.towelsports.com\/vi\/wp-json\/wp\/v2\/pages\/1083\/revisions"}],"predecessor-version":[{"id":2779,"href":"https:\/\/www.towelsports.com\/vi\/wp-json\/wp\/v2\/pages\/1083\/revisions\/2779"}],"up":[{"embeddable":true,"href":"https:\/\/www.towelsports.com\/vi\/wp-json\/wp\/v2\/pages\/1025"}],"wp:attachment":[{"href":"https:\/\/www.towelsports.com\/vi\/wp-json\/wp\/v2\/media?parent=1083"}],"curies":[{"name":"wp","href":"https:\/\/api.w.org\/{rel}","templated":true}]}}