{"id":37,"date":"2018-04-05T13:38:25","date_gmt":"2018-04-05T05:38:25","guid":{"rendered":"https:\/\/www.towelsports.com\/?page_id=37"},"modified":"2020-12-14T22:37:36","modified_gmt":"2020-12-14T14:37:36","slug":"faq-2","status":"publish","type":"page","link":"https:\/\/www.towelsports.com\/tr\/faq-2\/","title":{"rendered":"SSS"},"content":{"rendered":"<p><div class=\"fusion-fullwidth fullwidth-box fusion-builder-row-1 fusion-parallax-none nonhundred-percent-fullwidth non-hundred-percent-height-scrolling\" style=\"background-color: #ffffff;background-image: url(&quot;https:\/\/www.towelsports.com\/wp-content\/uploads\/2018\/04\/FAQ.jpeg&quot;);background-position: center center;background-repeat: no-repeat;padding-top:300px;padding-right:300px;padding-bottom:0px;padding-left:0px;margin-bottom: 0px;margin-top: -50px;border-width: 0px 0px 0px 0px;border-color:#eae9e9;border-style:solid;-webkit-background-size:cover;-moz-background-size:cover;-o-background-size:cover;background-size:cover;\" ><div class=\"fusion-builder-row fusion-row\"><div class=\"fusion-layout-column fusion_builder_column fusion-builder-column-0 fusion_builder_column_1_1 1_1 fusion-one-full fusion-column-first fusion-column-last\" style=\"margin-top:0px;margin-bottom:20px;\"><div class=\"fusion-column-wrapper fusion-flex-column-wrapper-legacy\" style=\"background-position:left top;background-repeat:no-repeat;-webkit-background-size:cover;-moz-background-size:cover;-o-background-size:cover;background-size:cover;padding: 0px 0px 0px 0px;\"><div class=\"fusion-clearfix\"><\/div><\/div><\/div><\/div><\/div><div class=\"fusion-fullwidth fullwidth-box fusion-builder-row-2 nonhundred-percent-fullwidth non-hundred-percent-height-scrolling\" style=\"background-color: rgba(221,221,221,0.98);background-position: center center;background-repeat: no-repeat;padding-top:0px;padding-right:0px;padding-bottom:0px;padding-left:0px;margin-bottom: 0px;margin-top: 0px;border-width: 0px 0px 0px 0px;border-color:#eae9e9;border-style:solid;\" ><div class=\"fusion-builder-row fusion-row\"><div class=\"fusion-layout-column fusion_builder_column fusion-builder-column-1 fusion_builder_column_1_1 1_1 fusion-one-full fusion-column-first fusion-column-last\" style=\"margin-top:0px;margin-bottom:20px;\"><div class=\"fusion-column-wrapper fusion-flex-column-wrapper-legacy\" style=\"background-position:left top;background-repeat:no-repeat;-webkit-background-size:cover;-moz-background-size:cover;-o-background-size:cover;background-size:cover;padding: 0px 0px 0px 0px;\"><div class=\"fusion-sep-clear\"><\/div><div class=\"fusion-separator fusion-full-width-sep\" style=\"margin-left: auto;margin-right: auto;margin-top:60px;width:100%;\"><div class=\"fusion-separator-border sep-double\" style=\"border-color:#e0dede;border-top-width:1px;border-bottom-width:1px;\"><\/div><\/div><div class=\"fusion-sep-clear\"><\/div><div class=\"fusion-text fusion-text-1\"><p style=\"text-align: center;\"><span style=\"color: #000080;\"><strong><span style=\"font-size: 24px;\">\u015eirket i\u00e7in SSS<\/span><\/strong><\/span><\/p>\n<p><span style=\"color: #000080;\"><strong>S: BANGZE markas\u0131 nas\u0131l?<\/strong><\/span><\/p>\n<p>Bangze, \u00c7in&#039;in \u00fcnl\u00fc ilk 10 marka havlu \u00fcreticisidir ve a\u015fa\u011f\u0131daki \u00f6zelliklere sahiptir:<\/p>\n<p>-10 y\u0131ll\u0131k havlu \u00fcreticisi deneyimi.<\/p>\n<p>-15000 metrekare fabrika<\/p>\n<p>-12 ay garanti<\/p>\n<p><span style=\"color: #000080;\"><strong>S: Hangi sertifikalar\u0131n\u0131z var?<\/strong><\/span><\/p>\n<p>Her sevkiyattan \u00f6nce ISO9001, AZO ve 100% kalite kontrol\u00fc ve dayan\u0131kl\u0131l\u0131k testleri.<\/p>\n<p><span style=\"color: #000080;\"><strong>S: Bangze \u00fcr\u00fcnlerinin garantisi nedir?<\/strong><\/span><\/p>\n<p>T\u00fcm Bangze standart \u00fcr\u00fcnleri i\u00e7in 12 ay garanti (\u00fccretsiz).<\/p>\n<p>2 y\u0131ll\u0131k garanti s\u00fcresi dolduktan sonra \u00f6m\u00fcr boyu bak\u0131m sa\u011flanacakt\u0131r.<\/p>\n<p><span style=\"color: #000080;\"><strong>S: \u00d6deme y\u00f6ntemleriniz nedir?<\/strong><\/span><\/p>\n<p>TT Bank transferi, Western Union, Money Gram ve Paypal yoluyla \u00f6deme kabul edin.<\/p>\n<p>G\u00f6r\u00fc\u015fte L\/c&#039;yi kabul edin (toplu sipari\u015f).<\/p>\n<p><span style=\"color: #000080;\"><strong>S: \u00dcretim s\u00fcreniz ne kadar yaln\u0131z?<\/strong><\/span><\/p>\n<p>\u00d6rnek sipari\u015f i\u00e7in 3-10 i\u015f g\u00fcn\u00fc.<\/p>\n<p>Toplu sipari\u015f i\u00e7in 20-25 i\u015f g\u00fcn\u00fc.<\/p>\n<p><span style=\"color: #000080;\"><strong>S: Nakliye yolunuz nedir?<\/strong><\/span><\/p>\n<p>Ekspres kurye ile 3-5 g\u00fcn i\u00e7inde kap\u0131n\u0131za kadar.<\/p>\n<p>En yak\u0131n havaalan\u0131na u\u00e7akla 3-5 g\u00fcn.<\/p>\n<p>Deniz yoluyla en yak\u0131n liman\u0131n\u0131za 18-35 g\u00fcn.<\/p>\n<p style=\"text-align: center;\"><span style=\"color: #000080;\"><strong><span style=\"font-size: 24px;\">\u00dcr\u00fcnler i\u00e7in SSS<\/span><\/strong><\/span><\/p>\n<p><span style=\"color: #000080;\"><strong>S: Ne t\u00fcr havlu \u00e7\u00f6z\u00fcmleri sunabilirsiniz?<\/strong><\/span><\/p>\n<p>Bangze seyahat, spor, fitness, yoga, promosyon sat\u0131\u015f\u0131 i\u00e7in t\u00fcm spor havlular\u0131 i\u00e7in havlu tedarik ediyor.<\/p>\n<p><span style=\"color: #000080;\"><strong>S: \u00d6zel sipari\u015fler i\u00e7in \u00f6zelle\u015ftirme m\u00fcmk\u00fcn m\u00fc?<\/strong><\/span><\/p>\n<p>Evet. Tasar\u0131m\u0131n\u0131za ve malzemenize g\u00f6re havlu \u00fcretme konusunda Bangze deste\u011fi.<\/p>\n<p><span style=\"color: #000080;\"><strong>S: Ne t\u00fcr bir malzeme kullan\u0131yorsunuz?<\/strong><\/span><\/p>\n<p>100% pamuk, Mikrofiber 80% polyester ve 20% poliamid.<\/p>\n<p><span style=\"color: #000080;\"><strong>S: Havlunuza hangi logo eklenebilir?<\/strong><\/span><\/p>\n<p>Nak\u0131\u015f logosu, Serigrafi bask\u0131 logosu, Kabartma logosu ve S\u00fcblimasyon bask\u0131 logosu<\/p>\n<p><span style=\"color: #000080;\"><strong>S: Havlunuz kuma\u015f renginden farkl\u0131 kenar rengi yapabilir mi?<\/strong><\/span><\/p>\n<p>Evet, bu pop\u00fcler ve harika bir yol.<\/p>\n<p><span style=\"color: #000080;\"><strong>S: Spor havlusu i\u00e7in standart kal\u0131nl\u0131\u011f\u0131n\u0131z nedir?<\/strong><\/span><\/p>\n<p>Mikrofiber malzeme: 200GSM<\/p>\n<p>Pamuk malzemesi: 450GSM<\/p>\n<p><span style=\"color: #000080;\"><strong>S: Havlunuz makinede y\u0131kand\u0131ktan sonra soluyor mu?<\/strong><\/span><\/p>\n<p>Havlumuz 40 derecede elde veya makinede y\u0131kanabilir, solma yapmaz.<\/p>\n<p><span style=\"color: #000080;\"><strong>S: Hangi paket yolunu sa\u011fl\u0131yorsunuz?<\/strong><\/span><\/p>\n<p>Normal \u015feffaf opp poli \u00e7anta<\/p>\n<p>Fileli \u00c7anta<\/p>\n<p>Veya tasar\u0131m\u0131n\u0131z\u0131 \u00f6zelle\u015ftirin<\/p>\n<p><span style=\"color: #000080;\"><strong>S: Amazon veya Ebay platformu i\u00e7in havlu sa\u011fl\u0131yor musunuz?<\/strong><\/span><\/p>\n<p>Evet, 6 Amazon ve 2 Ebay b\u00fcy\u00fck sat\u0131c\u0131s\u0131na seyahat\/spor havlusu sa\u011fl\u0131yoruz.<\/p>\n<p><span style=\"color: #000080;\"><strong>S: Pakete UPCA, UPCE veya EAN ekleyebilir misiniz?<\/strong><\/span><\/p>\n<p>Evet yapabiliriz. Amazon ve Ebay nakliye kurallar\u0131na ve ko\u015fullar\u0131na a\u015finay\u0131z.<\/p>\n<\/div><div class=\"fusion-clearfix\"><\/div><\/div><\/div><\/div><\/div><\/p>","protected":false},"excerpt":{"rendered":"","protected":false},"author":1,"featured_media":0,"parent":0,"menu_order":0,"comment_status":"closed","ping_status":"closed","template":"100-width.php","meta":{"footnotes":""},"class_list":["post-37","page","type-page","status-publish","hentry"],"aioseo_notices":[],"_links":{"self":[{"href":"https:\/\/www.towelsports.com\/tr\/wp-json\/wp\/v2\/pages\/37","targetHints":{"allow":["GET"]}}],"collection":[{"href":"https:\/\/www.towelsports.com\/tr\/wp-json\/wp\/v2\/pages"}],"about":[{"href":"https:\/\/www.towelsports.com\/tr\/wp-json\/wp\/v2\/types\/page"}],"author":[{"embeddable":true,"href":"https:\/\/www.towelsports.com\/tr\/wp-json\/wp\/v2\/users\/1"}],"replies":[{"embeddable":true,"href":"https:\/\/www.towelsports.com\/tr\/wp-json\/wp\/v2\/comments?post=37"}],"version-history":[{"count":32,"href":"https:\/\/www.towelsports.com\/tr\/wp-json\/wp\/v2\/pages\/37\/revisions"}],"predecessor-version":[{"id":2555,"href":"https:\/\/www.towelsports.com\/tr\/wp-json\/wp\/v2\/pages\/37\/revisions\/2555"}],"wp:attachment":[{"href":"https:\/\/www.towelsports.com\/tr\/wp-json\/wp\/v2\/media?parent=37"}],"curies":[{"name":"wp","href":"https:\/\/api.w.org\/{rel}","templated":true}]}}