{"id":2406,"date":"2020-09-21T14:37:57","date_gmt":"2020-09-21T06:37:57","guid":{"rendered":"https:\/\/www.towelsports.com\/?page_id=2406"},"modified":"2020-12-13T16:06:18","modified_gmt":"2020-12-13T08:06:18","slug":"warranty-policy","status":"publish","type":"page","link":"https:\/\/www.towelsports.com\/tr\/warranty-policy\/","title":{"rendered":"Garanti poli\u00e7esi"},"content":{"rendered":"<div class=\"fusion-fullwidth fullwidth-box fusion-builder-row-1 fusion-flex-container nonhundred-percent-fullwidth non-hundred-percent-height-scrolling\" style=\"background-color: rgba(255,255,255,0);background-position: center center;background-repeat: no-repeat;border-width: 0px 0px 0px 0px;border-color:#eae9e9;border-style:solid;\" ><div class=\"fusion-builder-row fusion-row fusion-flex-align-items-flex-start\" style=\"max-width:1144px;margin-left: calc(-4% \/ 2 );margin-right: calc(-4% \/ 2 );\"><div class=\"fusion-layout-column fusion_builder_column fusion-builder-column-0 fusion_builder_column_1_1 1_1 fusion-flex-column\"><div class=\"fusion-column-wrapper fusion-flex-justify-content-flex-start fusion-content-layout-column\" style=\"background-position:left top;background-repeat:no-repeat;-webkit-background-size:cover;-moz-background-size:cover;-o-background-size:cover;background-size:cover;padding: 0px 0px 0px 0px;\"><div class=\"fusion-text fusion-text-1\"><h3 data-sr-id=\"1\"><span style=\"color: #000080;\">NEDEN BANGZE TEKST\u0130L?<\/span><\/h3>\n<hr \/>\n<p>B\u00fcy\u00fckbabam sert ama sevgi dolu bir adamd\u0131. Ayn\u0131 zamanda 80&#039;li ya\u015flar\u0131n\u0131n sonlar\u0131na kadar ya\u015fam\u0131\u015f harika bir spor a\u015f\u0131\u011f\u0131yd\u0131.<\/p>\n<p>Gen\u00e7 bir \u00e7ocukken bana tutku ve nezaketle kuma\u015f dikmeyi, kesmeyi, boyamay\u0131 ve kaliteli havlu \u00fcretmenin temellerini \u00f6\u011fretti.<\/p>\n<p>Genellikle suyu en iyi \u015fekilde emen, rahat ve yumu\u015fak kuma\u015f havlular\u0131 kullan\u0131rd\u0131. \u201c\u0130yi havlu yapman\u0131n s\u0131rr\u0131, cildimize yumu\u015fak ve sa\u011fl\u0131kl\u0131 gelen iyi hammaddeli pamuk ipli\u011finde ve \u00e7evre dostu boya malzemelerinin kaliteli desen bask\u0131s\u0131 yapmas\u0131nda yat\u0131yor\u201d dedi. En \u00f6nemlisi bana her zaman d\u00fcr\u00fcst, nazik, yard\u0131msever ve herkese kar\u015f\u0131 tutkulu olmay\u0131 \u00f6\u011fretti. BANGZE TEXTILE markam\u0131 yaratmamda bana ilham veren dedemin bu felsefesidir.<\/p>\n<p>Kullanmayaca\u011f\u0131m havluyu asla ta\u015f\u0131mayaca\u011f\u0131m, bu size s\u00f6z\u00fcmd\u00fcr. T\u00fcm bangze tekstilcilere ve onlar\u0131 sevgiyle destekleyen adamlara, ba\u015far\u0131lar diliyorum.<\/p>\n<h3><span style=\"color: #000080;\">\u00dcR\u00dcN GARANT\u0130S\u0130<\/span><\/h3>\n<hr \/>\n<p>\u0130ster yeni bir \u00fcr\u00fcn g\u00f6nderirken ister iadenizi kabul edip paran\u0131z\u0131 geri \u00f6derken 100% memnuniyet garantisi sunmaktan mutluluk duyuyoruz.<\/p>\n<p>GUANGZHOU BANGZE TEXTILE COMPANY, \u00fcr\u00fcn\u00fcn i\u015f\u00e7ili\u011fe kar\u015f\u0131 kusurlu oldu\u011fu kabul edilirse, sat\u0131n alma tarihinden itibaren bir y\u0131l s\u00fcreyle \u00fcr\u00fcne garanti verir. T\u00fcm pamuklu havlu ve mikrofiber havlular sat\u0131n alma tarihinden itibaren 12 ay garantilidir.<\/p>\n<p>Talep durumunda l\u00fctfen bizimle e-posta yoluyla ileti\u015fime ge\u00e7in:<strong><span style=\"font-size: 14pt;\"> <a href=\"mailto:info@towelsports.com,\"><u>info@towelsports.com\u00a0<\/u><\/a><\/span><u><\/u><\/strong>veya bizi aray\u0131n<strong><span style=\"font-size: 14pt;\"> 0086 13539770702 <\/span><u><\/u><\/strong>Sorununuzu 48 saat i\u00e7inde k\u0131sa s\u00fcrede \u00e7\u00f6zece\u011fiz.<\/p>\n<p>Garanti, \u00fcr\u00fcnlerin kaza, ihmal veya yanl\u0131\u015f kullan\u0131m\u0131ndan kaynaklanan hasarlar\u0131, nakliye ve ileti\u015fim masraflar\u0131n\u0131 kapsamaz.<\/p>\n<\/div><\/div><\/div><style type=\"text\/css\">.fusion-body .fusion-builder-column-0{width:100% !important;margin-top : 0px;margin-bottom : 20px;}.fusion-builder-column-0 > .fusion-column-wrapper {padding-top : 0px !important;padding-right : 0px !important;margin-right : 1.92%;padding-bottom : 0px !important;padding-left : 0px !important;margin-left : 1.92%;}@media only screen and (max-width:1024px) {.fusion-body .fusion-builder-column-0{width:100% !important;order : 0;}.fusion-builder-column-0 > .fusion-column-wrapper {margin-right : 1.92%;margin-left : 1.92%;}}@media only screen and (max-width:640px) {.fusion-body .fusion-builder-column-0{width:100% !important;order : 0;}.fusion-builder-column-0 > .fusion-column-wrapper {margin-right : 1.92%;margin-left : 1.92%;}}<\/style><\/div><style type=\"text\/css\">.fusion-body .fusion-flex-container.fusion-builder-row-1{ padding-top : 0px;margin-top : 0px;padding-right : 0px;padding-bottom : 0px;margin-bottom : 0px;padding-left : 0px;}<\/style><\/div>","protected":false},"excerpt":{"rendered":"","protected":false},"author":1,"featured_media":0,"parent":0,"menu_order":0,"comment_status":"closed","ping_status":"closed","template":"100-width.php","meta":{"footnotes":""},"class_list":["post-2406","page","type-page","status-publish","hentry"],"aioseo_notices":[],"_links":{"self":[{"href":"https:\/\/www.towelsports.com\/tr\/wp-json\/wp\/v2\/pages\/2406","targetHints":{"allow":["GET"]}}],"collection":[{"href":"https:\/\/www.towelsports.com\/tr\/wp-json\/wp\/v2\/pages"}],"about":[{"href":"https:\/\/www.towelsports.com\/tr\/wp-json\/wp\/v2\/types\/page"}],"author":[{"embeddable":true,"href":"https:\/\/www.towelsports.com\/tr\/wp-json\/wp\/v2\/users\/1"}],"replies":[{"embeddable":true,"href":"https:\/\/www.towelsports.com\/tr\/wp-json\/wp\/v2\/comments?post=2406"}],"version-history":[{"count":5,"href":"https:\/\/www.towelsports.com\/tr\/wp-json\/wp\/v2\/pages\/2406\/revisions"}],"predecessor-version":[{"id":2441,"href":"https:\/\/www.towelsports.com\/tr\/wp-json\/wp\/v2\/pages\/2406\/revisions\/2441"}],"wp:attachment":[{"href":"https:\/\/www.towelsports.com\/tr\/wp-json\/wp\/v2\/media?parent=2406"}],"curies":[{"name":"wp","href":"https:\/\/api.w.org\/{rel}","templated":true}]}}