{"id":1083,"date":"2020-04-19T22:38:59","date_gmt":"2020-04-19T14:38:59","guid":{"rendered":"https:\/\/www.towelsports.com\/?page_id=1083"},"modified":"2020-12-16T23:00:19","modified_gmt":"2020-12-16T15:00:19","slug":"coral-fleece-blanket","status":"publish","type":"page","link":"https:\/\/www.towelsports.com\/tr\/products\/microfiber-towel\/coral-fleece-blanket\/","title":{"rendered":"Mercan Polar Battaniye"},"content":{"rendered":"<div class=\"fusion-fullwidth fullwidth-box fusion-builder-row-1 nonhundred-percent-fullwidth non-hundred-percent-height-scrolling\" style=\"background-color: rgba(255,255,255,0);background-position: center center;background-repeat: no-repeat;padding-top:0px;padding-right:0px;padding-bottom:0px;padding-left:0px;margin-bottom: 0px;margin-top: 0px;border-width: 0px 0px 0px 0px;border-color:#eae9e9;border-style:solid;\" ><div class=\"fusion-builder-row fusion-row\"><div class=\"fusion-layout-column fusion_builder_column fusion-builder-column-0 fusion_builder_column_1_1 1_1 fusion-one-full fusion-column-first fusion-column-last\" style=\"margin-top:0px;margin-bottom:20px;\"><div class=\"fusion-column-wrapper fusion-flex-column-wrapper-legacy\" style=\"background-position:left top;background-repeat:no-repeat;-webkit-background-size:cover;-moz-background-size:cover;-o-background-size:cover;background-size:cover;padding: 0px 0px 0px 0px;\"><div class=\"fusion-text fusion-text-1\"><h2><span style=\"color: #000080; font-size: 18pt;\">U\u00e7ak ve Seyahat Uykusu \u0130\u00e7in Y\u00fcksek Kaliteli Mercan Polar Battaniye \u00dcreticisi<\/span><\/h2>\n<p><span style=\"font-size: 12pt;\">\u00c7in \u00fcretici, tedarik\u00e7iden ucuz fiyata toptan sat\u0131\u015f i\u00e7in y\u00fcksek kaliteli pelu\u015f mikrofiber mercan polar battaniye. Bangze tekstil, yeti\u015fkinler ve \u00e7ocuklar i\u00e7in s\u00fcper yumu\u015fak 80% polyester ve 20% poliamid mercan polar battaniyeler, iyi ve s\u0131k\u0131 iplikle dikilmi\u015f \u00f6zel sanat eseri deseni, iki farkl\u0131 diki\u015f kenar\u0131 tipi yuvarlak k\u00f6\u015fe ve dikd\u00f6rtgen k\u00f6\u015fe. \u00c7e\u015fitli stil ve renklerin yan\u0131 s\u0131ra duvara asmak i\u00e7in iste\u011fe ba\u011fl\u0131 baz\u0131 halkalarla birlikte gelirler. \u00c7ift ki\u015filik yatakta TV \u0131s\u0131t\u0131rken veya k\u0131\u015f\u0131n kanepede kal\u0131rken s\u0131cak tutmak i\u00e7in iyi bir battaniyedir. Mercan polar battaniyenin \u00f6zelle\u015ftirilmi\u015f sipari\u015fi \u00e7ok takdir edilmektedir.<\/span><\/p>\n<p><span style=\"font-size: 12pt;\">Battaniyeler ayr\u0131ca u\u00e7akta, klima odas\u0131nda ve uyurken seyahat ederken de yayg\u0131n olarak uygulan\u0131r. S\u00fcper yumu\u015fakl\u0131k ve rahatl\u0131k sa\u011flayan pelu\u015f kuma\u015f dokusu ve t\u00fcy b\u0131rakmayan, 75x100cm ebatlar\u0131nda \u00f6zelle\u015ftirilebilir. Battaniye ihtiya\u00e7lar\u0131n\u0131z i\u00e7in &#039;u\u00e7tan uca&#039; bir \u00e7\u00f6z\u00fcm sunuyoruz, l\u00fctfen teklif ve numune almak i\u00e7in ileti\u015fime ge\u00e7in.<\/span><\/p>\n<p><span style=\"color: #000080;\"><strong><span style=\"font-size: 18pt;\">Klima odas\u0131nda en iyi battaniye kullan\u0131m\u0131 nedir?<\/span><\/strong><\/span><\/p>\n<p>Mercan Polar Battaniye, s\u0131cak tutma i\u015flevine sahip, yorgandan daha ince olan, yayg\u0131n olarak kullan\u0131lan bir yatak \u00e7e\u015fididir. Her iki taraf\u0131nda yumu\u015fak pelu\u015f y\u00fcnl\u00fc kuma\u015flar bulunur ve y\u00fczeyi \u0131s\u0131 yal\u0131t\u0131m \u00f6zelli\u011fine sahip zengin pelu\u015flara sahiptir. Battaniye ayn\u0131 zamanda yatak \u00f6rt\u00fcs\u00fc, hal\u0131 gibi s\u00fcslemeler olarak da kullan\u0131labilir. Dokuma y\u00f6ntemine g\u00f6re battaniyeler organik dokuma, tafting, \u00e7\u00f6zg\u00fc \u00f6rme, i\u011fne delme, diki\u015f vb. olarak ayr\u0131l\u0131r. Yayg\u0131n olarak kullan\u0131lan fantezi battaniyeler aras\u0131nda elastik, s\u0131cak tutan ve kal\u0131n bir dokuya sahip olan jakarl\u0131, bask\u0131l\u0131 ve d\u00fcz renkler bulunur. A\u011f\u0131rl\u0131kl\u0131 olarak yatak \u00f6rt\u00fcs\u00fc, klima yorgan\u0131, koltuk yorgan\u0131, \u00e7ift ki\u015filik yatak \u00f6rt\u00fcs\u00fc veya duvar hal\u0131s\u0131 gibi dekorasyonlarda kullan\u0131lan, \u00e7e\u015fitli desen ve renklere sahip \u00fcr\u00fcnlerdir.<\/p>\n<p><strong><span style=\"font-size: 18pt; color: #000080;\">Mercan polar battaniyelerin avantajlar\u0131 nelerdir?<\/span><\/strong><\/p>\n<p>1. K\u0131\u015f\u0131n battaniye ve s\u0131cak ra\u015fel yorgan olarak kullan\u0131labilir. \u00dczerine uzanmak t\u00fcm endi\u015felerinizi ve \u00fc\u015f\u00fcmenizi unutacak ve an\u0131nda s\u0131cak bir duruma girmenizi sa\u011flayacakt\u0131r. Sabaha kadar uyuyabilirsin. Bu nedenle ra\u015fel battaniye uyku kalitenizi art\u0131rman\u0131za yard\u0131mc\u0131 olabilir.<br \/>\n2. \u0130lkbahar ve sonbaharda ince yorgan olarak kullan\u0131labilir. S\u0131cakl\u0131k fonksiyonunu kaybetmeden yumu\u015fakt\u0131r ancak v\u00fccuda yak\u0131nd\u0131r ancak olduk\u00e7a nefes alabilir. Nadir g\u00f6r\u00fclen bir yatakt\u0131r.<br \/>\n3. Yazl\u0131k ideal bir yazl\u0131k yorgand\u0131r (\u00e7ift katl\u0131 yazl\u0131k uygun de\u011fildir). Dokunuldu\u011funda yumu\u015fak bir his vermesine ra\u011fmen, kal\u0131nla\u015ft\u0131r\u0131lm\u0131\u015f ra\u015fel bile olduk\u00e7a nefes alabilir ve \u00f6rt\u00fclmesi rahatt\u0131r. \u00c7\u0131plak uyumak i\u00e7in \u00e7ok uygun!<br \/>\n4. Avantajlar\u0131 g\u00f6ze \u00e7arpmaktad\u0131r: el \u00e7ok rahat ve yumu\u015fakt\u0131r, elyaf hassast\u0131r, d\u00f6k\u00fclmez, s\u0131cak ve nefes alabilir, dijital olarak boyanm\u0131\u015ft\u0131r, benzersiz flanel i\u015flemi nedeniyle rengi parlakt\u0131r ve solmaz, s\u0131radan battaniyelerden daha kal\u0131n ve s\u0131k\u0131d\u0131r ve \u0131s\u0131 tutma performans\u0131 benzersizdir<br \/>\n5. Desenler ve boyutlar, m\u00fc\u015fteri ihtiya\u00e7lar\u0131na g\u00f6re k\u00fc\u00e7\u00fck partiler halinde \u00f6zelle\u015ftirilebilir<\/p>\n<p><strong><span style=\"font-size: 18pt; color: #000080;\">Y\u0131kama bak\u0131m\u0131<\/span><\/strong><\/p>\n<p>Mercan y\u00fcnl\u00fc battaniyelerin lekelenmesi ve s\u00fcp\u00fcr\u00fclmesi kolayd\u0131r, bu nedenle onlar\u0131 s\u0131k s\u0131k y\u0131kay\u0131n. Do\u011fru y\u0131kama y\u00f6ntemi, 30 dakika boyunca so\u011fuk suda bekletmek ve ard\u0131ndan 40~50\u00b0C&#039;deki n\u00f6tr sabun pulu \u00e7\u00f6zeltisine koymak, d\u00f6nd\u00fcrmeye devam etmek ve topaklanmay\u0131 \u00f6nlemek i\u00e7in \u00e7ok sert ovalamaktan ka\u00e7\u0131nmakt\u0131r. 15 dakika boyunca temiz su kullan\u0131n, suyu bast\u0131r\u0131n ve do\u011fal olarak kurumas\u0131n\u0131 bekleyin. Yar\u0131 kurudu\u011funda, t\u00fcylerin gev\u015femesi i\u00e7in battaniyeyi birka\u00e7 dakika sallay\u0131n ve ard\u0131ndan kuruyana kadar kurutmaya devam edin.<\/p>\n<\/div><div class=\"fusion-sep-clear\"><\/div><div class=\"fusion-separator fusion-has-icon fusion-full-width-sep\" style=\"margin-left: auto;margin-right: auto;margin-bottom:30px;width:100%;\"><div class=\"fusion-separator-border sep-single sep-dotted\" style=\"border-color:#8bc34a;border-top-width:3px;\"><\/div><span class=\"icon-wrapper\" style=\"border-color:#8bc34a;background-color:#ff9800;font-size:16px;width: 1.75em; height: 1.75em;border-width:3px;padding:3px;margin-top:-1.5px\"><i class=\"fa fa-chevron-down\" style=\"font-size: inherit;color:#8bc34a;\" aria-hidden=\"true\"><\/i><\/span><div class=\"fusion-separator-border sep-single sep-dotted\" style=\"border-color:#8bc34a;border-top-width:3px;\"><\/div><\/div><div class=\"fusion-sep-clear\"><\/div><style type=\"text\/css\">.fusion-portfolio-wrapper#fusion-portfolio-1 .fusion-portfolio-content{  text-align: center; }<\/style><div class=\"fusion-recent-works fusion-portfolio-element fusion-portfolio fusion-portfolio-1 fusion-portfolio-grid fusion-portfolio-paging-infinite fusion-portfolio-four fusion-portfolio-unboxed fusion-portfolio-text fusion-portfolio-equal-heights fusion-portfolio-rollover\" data-id=\"-rw-1\" data-columns=\"four\"><div role=\"menubar\"><ul class=\"fusion-filters\" role=\"menu\" aria-label=\"filtreler\"><li role=\"menuitem\" class=\"fusion-filter fusion-filter-all fusion-active\"><a href=\"#\" data-filter=\"*\">T\u00fcm<\/a><\/li><li role=\"menuitem\" class=\"fusion-filter fusion-hidden\"><a href=\"#\" data-filter=\".coral-fleece-blanket\">Mercan Polar Battaniye<\/a><\/li><\/ul><\/div><style type=\"text\/css\">.fusion-portfolio-1 .fusion-portfolio-wrapper .fusion-col-spacing{padding:10px;}<\/style><div class=\"fusion-portfolio-wrapper\" id=\"fusion-portfolio-1\" data-picturesize=\"auto\" data-pages=\"1\" style=\"margin:-10px;\"><article id=\"portfolio-1-post-2324\" class=\"fusion-portfolio-post coral-fleece-blanket fusion-col-spacing post-2324\"><div class=\"fusion-portfolio-content-wrapper\" style=\"border:none;\"><span class=\"vcard rich-snippet-hidden\"><span class=\"fn\"><a href=\"https:\/\/www.towelsports.com\/tr\/author\/bangze\/\" title=\"Bangze taraf\u0131ndan yaz\u0131lan yaz\u0131lar\" rel=\"author\">Bangze<\/a><\/span><\/span><span class=\"updated rich-snippet-hidden\">2022-06-05T22:05:21+08:00<\/span>\n\n<div  class=\"fusion-image-wrapper\" aria-haspopup=\"true\">\n\t\n\t\n\t\t\n\t\t\t\t\t<img decoding=\"async\" width=\"800\" height=\"800\" src=\"https:\/\/www.towelsports.com\/wp-content\/uploads\/2020\/05\/Custom-design-winter-plushy-luxury-quality-coral-fleece-blanket-home-use-3.jpg\" class=\"attachment-full size-full wp-post-image\" alt=\"\" srcset=\"https:\/\/www.towelsports.com\/wp-content\/uploads\/2020\/05\/Custom-design-winter-plushy-luxury-quality-coral-fleece-blanket-home-use-3-200x200.jpg 200w, https:\/\/www.towelsports.com\/wp-content\/uploads\/2020\/05\/Custom-design-winter-plushy-luxury-quality-coral-fleece-blanket-home-use-3-400x400.jpg 400w, https:\/\/www.towelsports.com\/wp-content\/uploads\/2020\/05\/Custom-design-winter-plushy-luxury-quality-coral-fleece-blanket-home-use-3-600x600.jpg 600w, https:\/\/www.towelsports.com\/wp-content\/uploads\/2020\/05\/Custom-design-winter-plushy-luxury-quality-coral-fleece-blanket-home-use-3.jpg 800w\" sizes=\"(min-width: 2200px) 100vw, (min-width: 856px) 260px, (min-width: 784px) 347px, (min-width: 712px) 520px, (min-width: 640px) 712px, \" \/>\n\t\n\n\t\t<div class=\"fusion-rollover\">\n\t<div class=\"fusion-rollover-content\">\n\n\t\t\t\t\t\t\t\t\t\t\t\t\t\t<a class=\"fusion-rollover-link\" href=\"https:\/\/www.towelsports.com\/tr\/portfolio-items\/custom-design-winter-plushy-luxury-quality-coral-fleece-blanket-home-use\/\">\u00d6zel tasar\u0131m k\u0131\u015f pelu\u015f l\u00fcks kaliteli mercan polar battaniye ev kullan\u0131m\u0131<\/a>\n\t\t\t\n\t\t\t\t\t\t\t\t\t\t\t\t\t\t\n\t\t\t\t\t\t\t\t\n\t\t\t\t\t\t\t\t\t\t\t\t\t<div class=\"fusion-rollover-sep\"><\/div>\n\t\t\t\t\n\t\t\t\t\t\t\t\t\t\t\t\t\t\t\t\t\t\t<a class=\"fusion-rollover-gallery\" href=\"https:\/\/www.towelsports.com\/wp-content\/uploads\/2020\/05\/Custom-design-winter-plushy-luxury-quality-coral-fleece-blanket-home-use-3.jpg\" data-id=\"2324\" data-rel=\"iLightbox[gallery-rw-1]\" data-title=\"Custom design winter plushy luxury quality coral fleece blanket home use (3)\" data-caption=\"\">\n\t\t\t\t\t\tGaleri\t\t\t\t\t<\/a>\n\t\t\t\t\t\t\t\t\t\t\t\t\t\t\n\t\t\t\t\n\t\t\t\t\t\t\t\t\t\t\t\t<h4 class=\"fusion-rollover-title\">\n\t\t\t\t\t<a class=\"fusion-rollover-title-link\" href=\"https:\/\/www.towelsports.com\/tr\/portfolio-items\/custom-design-winter-plushy-luxury-quality-coral-fleece-blanket-home-use\/\">\n\t\t\t\t\t\t\u00d6zel tasar\u0131m k\u0131\u015f pelu\u015f l\u00fcks kaliteli mercan polar battaniye ev kullan\u0131m\u0131\t\t\t\t\t<\/a>\n\t\t\t\t<\/h4>\n\t\t\t\n\t\t\t\t\t\t\t\t\t\t\t\t\t\t<div class=\"fusion-rollover-categories\"><a href=\"https:\/\/www.towelsports.com\/tr\/portfolio_category\/coral-fleece-blanket\/\" rel=\"tag\">Mercan Polar Battaniye<\/a><\/div>\t\t\t\t\t\n\t\t\n\t\t\t\t<a class=\"fusion-link-wrapper\" href=\"https:\/\/www.towelsports.com\/tr\/portfolio-items\/custom-design-winter-plushy-luxury-quality-coral-fleece-blanket-home-use\/\" aria-label=\"\u00d6zel tasar\u0131m k\u0131\u015f pelu\u015f l\u00fcks kaliteli mercan polar battaniye ev kullan\u0131m\u0131\"><\/a>\n\t<\/div>\n<\/div>\n\n\t\n<\/div>\n<div class=\"fusion-portfolio-content\"><h2 class=\"entry-title fusion-post-title\"><a href=\"https:\/\/www.towelsports.com\/tr\/portfolio-items\/custom-design-winter-plushy-luxury-quality-coral-fleece-blanket-home-use\/\">\u00d6zel tasar\u0131m k\u0131\u015f pelu\u015f l\u00fcks kaliteli mercan polar battaniye ev kullan\u0131m\u0131<\/a><\/h2><div class=\"fusion-post-content\"><p> Mercan polar battaniye polyesterden yap\u0131lm\u0131\u015ft\u0131r ve [...]<\/p><\/div><\/div><\/div><\/article><article id=\"portfolio-1-post-1303\" class=\"fusion-portfolio-post coral-fleece-blanket microfiber-towel fusion-col-spacing post-1303\"><div class=\"fusion-portfolio-content-wrapper\" style=\"border:none;\"><span class=\"vcard rich-snippet-hidden\"><span class=\"fn\"><a href=\"https:\/\/www.towelsports.com\/tr\/author\/bangze\/\" title=\"Bangze taraf\u0131ndan yaz\u0131lan yaz\u0131lar\" rel=\"author\">Bangze<\/a><\/span><\/span><span class=\"updated rich-snippet-hidden\">2020-12-16T16:46:47+08:00<\/span>\n\n<div  class=\"fusion-image-wrapper\" aria-haspopup=\"true\">\n\t\n\t\n\t\t\n\t\t\t\t\t<img decoding=\"async\" width=\"800\" height=\"800\" src=\"https:\/\/www.towelsports.com\/wp-content\/uploads\/2020\/04\/sublimation-printed-microfiber-coral-flannel-blanket-1.jpg\" class=\"attachment-full size-full wp-post-image\" alt=\"\" srcset=\"https:\/\/www.towelsports.com\/wp-content\/uploads\/2020\/04\/sublimation-printed-microfiber-coral-flannel-blanket-1-200x200.jpg 200w, https:\/\/www.towelsports.com\/wp-content\/uploads\/2020\/04\/sublimation-printed-microfiber-coral-flannel-blanket-1-400x400.jpg 400w, https:\/\/www.towelsports.com\/wp-content\/uploads\/2020\/04\/sublimation-printed-microfiber-coral-flannel-blanket-1-600x600.jpg 600w, https:\/\/www.towelsports.com\/wp-content\/uploads\/2020\/04\/sublimation-printed-microfiber-coral-flannel-blanket-1.jpg 800w\" sizes=\"(min-width: 2200px) 100vw, (min-width: 856px) 260px, (min-width: 784px) 347px, (min-width: 712px) 520px, (min-width: 640px) 712px, \" \/>\n\t\n\n\t\t<div class=\"fusion-rollover\">\n\t<div class=\"fusion-rollover-content\">\n\n\t\t\t\t\t\t\t\t\t\t\t\t\t\t<a class=\"fusion-rollover-link\" href=\"https:\/\/www.towelsports.com\/tr\/portfolio-items\/custom-sublimation-print-leopard-pattern-microfiber-coral-fleece-blanket-70x140cm-350gsm\/\">\u00d6zel s\u00fcblimasyon bask\u0131 leopar desenli mikrofiber mercan polar battaniye 70x140cm 350GSM<\/a>\n\t\t\t\n\t\t\t\t\t\t\t\t\t\t\t\t\t\t\n\t\t\t\t\t\t\t\t\n\t\t\t\t\t\t\t\t\t\t\t\t\t<div class=\"fusion-rollover-sep\"><\/div>\n\t\t\t\t\n\t\t\t\t\t\t\t\t\t\t\t\t\t\t\t\t\t\t<a class=\"fusion-rollover-gallery\" href=\"https:\/\/www.towelsports.com\/wp-content\/uploads\/2020\/04\/sublimation-printed-microfiber-coral-flannel-blanket-1.jpg\" data-id=\"1303\" data-rel=\"iLightbox[gallery-rw-1]\" data-title=\"sublimation printed microfiber coral flannel blanket (1)\" data-caption=\"\">\n\t\t\t\t\t\tGaleri\t\t\t\t\t<\/a>\n\t\t\t\t\t\t\t\t\t\t\t\t\t\t\n\t\t\t\t\n\t\t\t\t\t\t\t\t\t\t\t\t<h4 class=\"fusion-rollover-title\">\n\t\t\t\t\t<a class=\"fusion-rollover-title-link\" href=\"https:\/\/www.towelsports.com\/tr\/portfolio-items\/custom-sublimation-print-leopard-pattern-microfiber-coral-fleece-blanket-70x140cm-350gsm\/\">\n\t\t\t\t\t\t\u00d6zel s\u00fcblimasyon bask\u0131 leopar desenli mikrofiber mercan polar battaniye 70x140cm 350GSM\t\t\t\t\t<\/a>\n\t\t\t\t<\/h4>\n\t\t\t\n\t\t\t\t\t\t\t\t\t\t\t\t\t\t<div class=\"fusion-rollover-categories\"><a href=\"https:\/\/www.towelsports.com\/tr\/portfolio_category\/coral-fleece-blanket\/\" rel=\"tag\">Mercan Polar Battaniye<\/a>, <a href=\"https:\/\/www.towelsports.com\/tr\/portfolio_category\/microfiber-towel\/\" rel=\"tag\">Mikrofiber havlu<\/a><\/div>\t\t\t\t\t\n\t\t\n\t\t\t\t<a class=\"fusion-link-wrapper\" href=\"https:\/\/www.towelsports.com\/tr\/portfolio-items\/custom-sublimation-print-leopard-pattern-microfiber-coral-fleece-blanket-70x140cm-350gsm\/\" aria-label=\"\u00d6zel s\u00fcblimasyon bask\u0131 leopar desenli mikrofiber mercan polar battaniye 70x140cm 350GSM\"><\/a>\n\t<\/div>\n<\/div>\n\n\t\n<\/div>\n<div class=\"fusion-portfolio-content\"><h2 class=\"entry-title fusion-post-title\"><a href=\"https:\/\/www.towelsports.com\/tr\/portfolio-items\/custom-sublimation-print-leopard-pattern-microfiber-coral-fleece-blanket-70x140cm-350gsm\/\">\u00d6zel s\u00fcblimasyon bask\u0131 leopar desenli mikrofiber mercan polar battaniye 70x140cm 350GSM<\/a><\/h2><div class=\"fusion-post-content\"><p> Tam boy bask\u0131l\u0131 60x120cm mikrofiber mercan polar battaniye [...]<\/p><\/div><\/div><\/div><\/article><\/div><\/div><div class=\"fusion-clearfix\"><\/div><\/div><\/div><\/div><\/div>","protected":false},"excerpt":{"rendered":"","protected":false},"author":1,"featured_media":0,"parent":1025,"menu_order":0,"comment_status":"closed","ping_status":"closed","template":"","meta":{"footnotes":""},"class_list":["post-1083","page","type-page","status-publish","hentry"],"aioseo_notices":[],"_links":{"self":[{"href":"https:\/\/www.towelsports.com\/tr\/wp-json\/wp\/v2\/pages\/1083","targetHints":{"allow":["GET"]}}],"collection":[{"href":"https:\/\/www.towelsports.com\/tr\/wp-json\/wp\/v2\/pages"}],"about":[{"href":"https:\/\/www.towelsports.com\/tr\/wp-json\/wp\/v2\/types\/page"}],"author":[{"embeddable":true,"href":"https:\/\/www.towelsports.com\/tr\/wp-json\/wp\/v2\/users\/1"}],"replies":[{"embeddable":true,"href":"https:\/\/www.towelsports.com\/tr\/wp-json\/wp\/v2\/comments?post=1083"}],"version-history":[{"count":6,"href":"https:\/\/www.towelsports.com\/tr\/wp-json\/wp\/v2\/pages\/1083\/revisions"}],"predecessor-version":[{"id":2779,"href":"https:\/\/www.towelsports.com\/tr\/wp-json\/wp\/v2\/pages\/1083\/revisions\/2779"}],"up":[{"embeddable":true,"href":"https:\/\/www.towelsports.com\/tr\/wp-json\/wp\/v2\/pages\/1025"}],"wp:attachment":[{"href":"https:\/\/www.towelsports.com\/tr\/wp-json\/wp\/v2\/media?parent=1083"}],"curies":[{"name":"wp","href":"https:\/\/api.w.org\/{rel}","templated":true}]}}