{"id":37,"date":"2018-04-05T13:38:25","date_gmt":"2018-04-05T05:38:25","guid":{"rendered":"https:\/\/www.towelsports.com\/?page_id=37"},"modified":"2020-12-14T22:37:36","modified_gmt":"2020-12-14T14:37:36","slug":"faq-2","status":"publish","type":"page","link":"https:\/\/www.towelsports.com\/pt\/faq-2\/","title":{"rendered":"Perguntas frequentes"},"content":{"rendered":"<p><div class=\"fusion-fullwidth fullwidth-box fusion-builder-row-1 fusion-parallax-none nonhundred-percent-fullwidth non-hundred-percent-height-scrolling\" style=\"background-color: #ffffff;background-image: url(&quot;https:\/\/www.towelsports.com\/wp-content\/uploads\/2018\/04\/FAQ.jpeg&quot;);background-position: center center;background-repeat: no-repeat;padding-top:300px;padding-right:300px;padding-bottom:0px;padding-left:0px;margin-bottom: 0px;margin-top: -50px;border-width: 0px 0px 0px 0px;border-color:#eae9e9;border-style:solid;-webkit-background-size:cover;-moz-background-size:cover;-o-background-size:cover;background-size:cover;\" ><div class=\"fusion-builder-row fusion-row\"><div class=\"fusion-layout-column fusion_builder_column fusion-builder-column-0 fusion_builder_column_1_1 1_1 fusion-one-full fusion-column-first fusion-column-last\" style=\"margin-top:0px;margin-bottom:20px;\"><div class=\"fusion-column-wrapper fusion-flex-column-wrapper-legacy\" style=\"background-position:left top;background-repeat:no-repeat;-webkit-background-size:cover;-moz-background-size:cover;-o-background-size:cover;background-size:cover;padding: 0px 0px 0px 0px;\"><div class=\"fusion-clearfix\"><\/div><\/div><\/div><\/div><\/div><div class=\"fusion-fullwidth fullwidth-box fusion-builder-row-2 nonhundred-percent-fullwidth non-hundred-percent-height-scrolling\" style=\"background-color: rgba(221,221,221,0.98);background-position: center center;background-repeat: no-repeat;padding-top:0px;padding-right:0px;padding-bottom:0px;padding-left:0px;margin-bottom: 0px;margin-top: 0px;border-width: 0px 0px 0px 0px;border-color:#eae9e9;border-style:solid;\" ><div class=\"fusion-builder-row fusion-row\"><div class=\"fusion-layout-column fusion_builder_column fusion-builder-column-1 fusion_builder_column_1_1 1_1 fusion-one-full fusion-column-first fusion-column-last\" style=\"margin-top:0px;margin-bottom:20px;\"><div class=\"fusion-column-wrapper fusion-flex-column-wrapper-legacy\" style=\"background-position:left top;background-repeat:no-repeat;-webkit-background-size:cover;-moz-background-size:cover;-o-background-size:cover;background-size:cover;padding: 0px 0px 0px 0px;\"><div class=\"fusion-sep-clear\"><\/div><div class=\"fusion-separator fusion-full-width-sep\" style=\"margin-left: auto;margin-right: auto;margin-top:60px;width:100%;\"><div class=\"fusion-separator-border sep-double\" style=\"border-color:#e0dede;border-top-width:1px;border-bottom-width:1px;\"><\/div><\/div><div class=\"fusion-sep-clear\"><\/div><div class=\"fusion-text fusion-text-1\"><p style=\"text-align: center;\"><span style=\"color: #000080;\"><strong><span style=\"font-size: 24px;\">Perguntas frequentes para a empresa<\/span><\/strong><\/span><\/p>\n<p><span style=\"color: #000080;\"><strong>P: Como \u00e9 a marca BANGZE?<\/strong><\/span><\/p>\n<p>Bangze \u00e9 um famoso fabricante de toalhas de marca Top 10 da China, tem:<\/p>\n<p>-10 anos de experi\u00eancia em fabricante de toalhas.<\/p>\n<p>-15.000 metros quadrados de f\u00e1brica<\/p>\n<p>-Garantia de 12 meses<\/p>\n<p><span style=\"color: #000080;\"><strong>P: Quais certifica\u00e7\u00f5es voc\u00ea possui?<\/strong><\/span><\/p>\n<p>Verifica\u00e7\u00e3o de qualidade ISO9001, AZO e 100% e testes dur\u00e1veis antes de cada envio.<\/p>\n<p><span style=\"color: #000080;\"><strong>P: Qual \u00e9 a garantia dos produtos Bangze?<\/strong><\/span><\/p>\n<p>12 meses de garantia (gratuita) para todos os produtos padr\u00e3o Bangze.<\/p>\n<p>A manuten\u00e7\u00e3o vital\u00edcia ser\u00e1 fornecida ap\u00f3s o t\u00e9rmino do per\u00edodo de garantia de 2 anos.<\/p>\n<p><span style=\"color: #000080;\"><strong>P: Quais s\u00e3o os seus m\u00e9todos de pagamento?<\/strong><\/span><\/p>\n<p>Aceite pagamento via transfer\u00eancia banc\u00e1ria TT, Western Union, Money Gram e Paypal.<\/p>\n<p>Aceite L\/C \u00e0 vista (pedido em grandes quantidades).<\/p>\n<p><span style=\"color: #000080;\"><strong>P: Qu\u00e3o solit\u00e1rio \u00e9 o seu tempo de produ\u00e7\u00e3o?<\/strong><\/span><\/p>\n<p>3-10 dias \u00fateis para pedido de amostra.<\/p>\n<p>20-25 dias \u00fateis para pedidos em grandes quantidades.<\/p>\n<p><span style=\"color: #000080;\"><strong>P: Qual \u00e9 a sua forma de envio?<\/strong><\/span><\/p>\n<p>3-5 dias por correio expresso \u00e0 sua porta.<\/p>\n<p>3-5 dias de avi\u00e3o at\u00e9 o aeroporto mais pr\u00f3ximo.<\/p>\n<p>18-35 dias por mar at\u00e9 o porto mais pr\u00f3ximo.<\/p>\n<p style=\"text-align: center;\"><span style=\"color: #000080;\"><strong><span style=\"font-size: 24px;\">Perguntas frequentes sobre produtos<\/span><\/strong><\/span><\/p>\n<p><span style=\"color: #000080;\"><strong>P: Que tipo de solu\u00e7\u00f5es de toalhas voc\u00ea pode fornecer?<\/strong><\/span><\/p>\n<p>A Bangze fornece toalhas para viagens, esportes, fitness, ioga, promo\u00e7\u00e3o e venda de todas as toalhas esportivas.<\/p>\n<p><span style=\"color: #000080;\"><strong>P: \u00c9 poss\u00edvel personalizar para pedidos especiais?<\/strong><\/span><\/p>\n<p>Sim. Suporte Bangze para produzir toalhas com base em seu design e material.<\/p>\n<p><span style=\"color: #000080;\"><strong>P: Que tipo de material voc\u00ea usa?<\/strong><\/span><\/p>\n<p>Algod\u00e3o 100%, microfibra poli\u00e9ster 80% e poliamida 20%.<\/p>\n<p><span style=\"color: #000080;\"><strong>P: Qual logotipo pode ser adicionado \u00e0 sua toalha?<\/strong><\/span><\/p>\n<p>Logotipo bordado, logotipo impresso em serigrafia, logotipo em relevo e logotipo impresso por sublima\u00e7\u00e3o<\/p>\n<p><span style=\"color: #000080;\"><strong>P: Sua toalha pode ter cores de borda diferentes da cor do tecido?<\/strong><\/span><\/p>\n<p>Sim, esta \u00e9 uma maneira popular e legal.<\/p>\n<p><span style=\"color: #000080;\"><strong>P: Qual \u00e9 a espessura padr\u00e3o para toalha esportiva?<\/strong><\/span><\/p>\n<p>Material de microfibra: 200GSM<\/p>\n<p>Material de algod\u00e3o: 450GSM<\/p>\n<p><span style=\"color: #000080;\"><strong>P: Sua toalha desbota ap\u00f3s a lavagem na m\u00e1quina?<\/strong><\/span><\/p>\n<p>Nossa toalha pode ser lavada a 40 graus C \u00e0 m\u00e3o ou \u00e0 m\u00e1quina, sem desbotar.<\/p>\n<p><span style=\"color: #000080;\"><strong>P: Qual forma de pacote voc\u00ea fornece?<\/strong><\/span><\/p>\n<p>Saco poli opp transparente normal<\/p>\n<p>Saco de rede<\/p>\n<p>Ou personalize seu design<\/p>\n<p><span style=\"color: #000080;\"><strong>P: Voc\u00eas fornecem toalhas para a plataforma Amazon ou Ebay?<\/strong><\/span><\/p>\n<p>Sim, fornecemos toalhas de viagem\/esporte para 6 grandes vendedores da Amazon e 2 do Ebay.<\/p>\n<p><span style=\"color: #000080;\"><strong>P: Voc\u00ea pode adicionar UPCA, UPCE ou EAN ao pacote?<\/strong><\/span><\/p>\n<p>Sim, n\u00f3s podemos. Estamos familiarizados com as regras e estipula\u00e7\u00f5es de envio da Amazon e do Ebay.<\/p>\n<\/div><div class=\"fusion-clearfix\"><\/div><\/div><\/div><\/div><\/div><\/p>","protected":false},"excerpt":{"rendered":"","protected":false},"author":1,"featured_media":0,"parent":0,"menu_order":0,"comment_status":"closed","ping_status":"closed","template":"100-width.php","meta":{"footnotes":""},"class_list":["post-37","page","type-page","status-publish","hentry"],"aioseo_notices":[],"_links":{"self":[{"href":"https:\/\/www.towelsports.com\/pt\/wp-json\/wp\/v2\/pages\/37","targetHints":{"allow":["GET"]}}],"collection":[{"href":"https:\/\/www.towelsports.com\/pt\/wp-json\/wp\/v2\/pages"}],"about":[{"href":"https:\/\/www.towelsports.com\/pt\/wp-json\/wp\/v2\/types\/page"}],"author":[{"embeddable":true,"href":"https:\/\/www.towelsports.com\/pt\/wp-json\/wp\/v2\/users\/1"}],"replies":[{"embeddable":true,"href":"https:\/\/www.towelsports.com\/pt\/wp-json\/wp\/v2\/comments?post=37"}],"version-history":[{"count":32,"href":"https:\/\/www.towelsports.com\/pt\/wp-json\/wp\/v2\/pages\/37\/revisions"}],"predecessor-version":[{"id":2555,"href":"https:\/\/www.towelsports.com\/pt\/wp-json\/wp\/v2\/pages\/37\/revisions\/2555"}],"wp:attachment":[{"href":"https:\/\/www.towelsports.com\/pt\/wp-json\/wp\/v2\/media?parent=37"}],"curies":[{"name":"wp","href":"https:\/\/api.w.org\/{rel}","templated":true}]}}