{"id":2406,"date":"2020-09-21T14:37:57","date_gmt":"2020-09-21T06:37:57","guid":{"rendered":"https:\/\/www.towelsports.com\/?page_id=2406"},"modified":"2020-12-13T16:06:18","modified_gmt":"2020-12-13T08:06:18","slug":"warranty-policy","status":"publish","type":"page","link":"https:\/\/www.towelsports.com\/pt\/warranty-policy\/","title":{"rendered":"Pol\u00edtica de garantia"},"content":{"rendered":"<div class=\"fusion-fullwidth fullwidth-box fusion-builder-row-1 fusion-flex-container nonhundred-percent-fullwidth non-hundred-percent-height-scrolling\" style=\"background-color: rgba(255,255,255,0);background-position: center center;background-repeat: no-repeat;border-width: 0px 0px 0px 0px;border-color:#eae9e9;border-style:solid;\" ><div class=\"fusion-builder-row fusion-row fusion-flex-align-items-flex-start\" style=\"max-width:1144px;margin-left: calc(-4% \/ 2 );margin-right: calc(-4% \/ 2 );\"><div class=\"fusion-layout-column fusion_builder_column fusion-builder-column-0 fusion_builder_column_1_1 1_1 fusion-flex-column\"><div class=\"fusion-column-wrapper fusion-flex-justify-content-flex-start fusion-content-layout-column\" style=\"background-position:left top;background-repeat:no-repeat;-webkit-background-size:cover;-moz-background-size:cover;-o-background-size:cover;background-size:cover;padding: 0px 0px 0px 0px;\"><div class=\"fusion-text fusion-text-1\"><h3 data-sr-id=\"1\"><span style=\"color: #000080;\">POR QUE BANGZE TEXTILE?<\/span><\/h3>\n<hr \/>\n<p>Meu av\u00f4 era um homem forte, mas amoroso. Ele tamb\u00e9m era um amante fant\u00e1stico de esportes que viveu at\u00e9 o final dos 80 anos.<\/p>\n<p>Quando eu era menino, ele me ensinou o b\u00e1sico de como costurar, cortar, tingir tecidos e produzir toalhas de boa qualidade com paix\u00e3o e gentileza.<\/p>\n<p>Ele frequentemente usava apenas as melhores toalhas de tecido superabsorventes, confort\u00e1veis e macias. Ele disse: &quot;O segredo para fazer uma boa toalha est\u00e1 em uma boa mat\u00e9ria-prima, fio de algod\u00e3o, macio e saud\u00e1vel para a nossa pele e corpo, e ingredientes de tingimento ecol\u00f3gicos impressos em um padr\u00e3o de boa qualidade.&quot; Acima de tudo, ele me ensinou a sempre ser honesto, gentil, prestativo e apaixonado por todos. Foi essa filosofia para meu av\u00f4 que me inspirou a criar minha marca BANGZE TEXTILE.<\/p>\n<p>Eu nunca carregarei uma toalha que eu mesmo n\u00e3o usarei, essa \u00e9 minha promessa a voc\u00eas. A todos os t\u00eaxteis bangze, e aos homens que os apoiam amorosamente, desejo o melhor.<\/p>\n<h3><span style=\"color: #000080;\">GARANTIA DO PRODUTO<\/span><\/h3>\n<hr \/>\n<p>Temos o prazer de oferecer uma garantia de satisfa\u00e7\u00e3o 100%, seja enviando um produto de substitui\u00e7\u00e3o ou aceitando sua devolu\u00e7\u00e3o e emitindo um reembolso.<\/p>\n<p>A GUANGZHOU BANGZE TEXTILE COMPANY garante o produto por um per\u00edodo de um ano a partir da data da compra se o produto for considerado defeituoso contra a m\u00e3o de obra. Todas as toalhas de algod\u00e3o e toalhas de microfibra t\u00eam garantia de 12 meses a partir da data da compra.<\/p>\n<p>Em caso de reclama\u00e7\u00e3o, por favor entre em contato conosco pelo e-mail<strong><span style=\"font-size: 14pt;\"> <a href=\"mailto:info@towelsports.com,\"><u>info@towelsports.com\u00a0<\/u><\/a><\/span><u><\/u><\/strong>ou ligue para n\u00f3s em<strong><span style=\"font-size: 14pt;\"> 0086 13539770702 <\/span><u><\/u><\/strong>resolveremos seu problema em at\u00e9 48 horas.<\/p>\n<p>A garantia n\u00e3o cobre danos causados por acidentes, neglig\u00eancia ou uso indevido dos produtos, nem despesas de transporte e comunica\u00e7\u00e3o.<\/p>\n<\/div><\/div><\/div><style type=\"text\/css\">.fusion-body .fusion-builder-column-0{width:100% !important;margin-top : 0px;margin-bottom : 20px;}.fusion-builder-column-0 > .fusion-column-wrapper {padding-top : 0px !important;padding-right : 0px !important;margin-right : 1.92%;padding-bottom : 0px !important;padding-left : 0px !important;margin-left : 1.92%;}@media only screen and (max-width:1024px) {.fusion-body .fusion-builder-column-0{width:100% !important;order : 0;}.fusion-builder-column-0 > .fusion-column-wrapper {margin-right : 1.92%;margin-left : 1.92%;}}@media only screen and (max-width:640px) {.fusion-body .fusion-builder-column-0{width:100% !important;order : 0;}.fusion-builder-column-0 > .fusion-column-wrapper {margin-right : 1.92%;margin-left : 1.92%;}}<\/style><\/div><style type=\"text\/css\">.fusion-body .fusion-flex-container.fusion-builder-row-1{ padding-top : 0px;margin-top : 0px;padding-right : 0px;padding-bottom : 0px;margin-bottom : 0px;padding-left : 0px;}<\/style><\/div>","protected":false},"excerpt":{"rendered":"","protected":false},"author":1,"featured_media":0,"parent":0,"menu_order":0,"comment_status":"closed","ping_status":"closed","template":"100-width.php","meta":{"footnotes":""},"class_list":["post-2406","page","type-page","status-publish","hentry"],"aioseo_notices":[],"_links":{"self":[{"href":"https:\/\/www.towelsports.com\/pt\/wp-json\/wp\/v2\/pages\/2406","targetHints":{"allow":["GET"]}}],"collection":[{"href":"https:\/\/www.towelsports.com\/pt\/wp-json\/wp\/v2\/pages"}],"about":[{"href":"https:\/\/www.towelsports.com\/pt\/wp-json\/wp\/v2\/types\/page"}],"author":[{"embeddable":true,"href":"https:\/\/www.towelsports.com\/pt\/wp-json\/wp\/v2\/users\/1"}],"replies":[{"embeddable":true,"href":"https:\/\/www.towelsports.com\/pt\/wp-json\/wp\/v2\/comments?post=2406"}],"version-history":[{"count":5,"href":"https:\/\/www.towelsports.com\/pt\/wp-json\/wp\/v2\/pages\/2406\/revisions"}],"predecessor-version":[{"id":2441,"href":"https:\/\/www.towelsports.com\/pt\/wp-json\/wp\/v2\/pages\/2406\/revisions\/2441"}],"wp:attachment":[{"href":"https:\/\/www.towelsports.com\/pt\/wp-json\/wp\/v2\/media?parent=2406"}],"curies":[{"name":"wp","href":"https:\/\/api.w.org\/{rel}","templated":true}]}}