{"id":1083,"date":"2020-04-19T22:38:59","date_gmt":"2020-04-19T14:38:59","guid":{"rendered":"https:\/\/www.towelsports.com\/?page_id=1083"},"modified":"2020-12-16T23:00:19","modified_gmt":"2020-12-16T15:00:19","slug":"coral-fleece-blanket","status":"publish","type":"page","link":"https:\/\/www.towelsports.com\/pt\/products\/microfiber-towel\/coral-fleece-blanket\/","title":{"rendered":"Cobertor de l\u00e3 coral"},"content":{"rendered":"<div class=\"fusion-fullwidth fullwidth-box fusion-builder-row-1 nonhundred-percent-fullwidth non-hundred-percent-height-scrolling\" style=\"background-color: rgba(255,255,255,0);background-position: center center;background-repeat: no-repeat;padding-top:0px;padding-right:0px;padding-bottom:0px;padding-left:0px;margin-bottom: 0px;margin-top: 0px;border-width: 0px 0px 0px 0px;border-color:#eae9e9;border-style:solid;\" ><div class=\"fusion-builder-row fusion-row\"><div class=\"fusion-layout-column fusion_builder_column fusion-builder-column-0 fusion_builder_column_1_1 1_1 fusion-one-full fusion-column-first fusion-column-last\" style=\"margin-top:0px;margin-bottom:20px;\"><div class=\"fusion-column-wrapper fusion-flex-column-wrapper-legacy\" style=\"background-position:left top;background-repeat:no-repeat;-webkit-background-size:cover;-moz-background-size:cover;-o-background-size:cover;background-size:cover;padding: 0px 0px 0px 0px;\"><div class=\"fusion-text fusion-text-1\"><h2><span style=\"color: #000080; font-size: 18pt;\">Fabricante de cobertor de l\u00e3 coral de alta qualidade para avi\u00e3o e viagens para dormir<\/span><\/h2>\n<p><span style=\"font-size: 12pt;\">Cobertor de l\u00e3 coral de microfibra de pel\u00facia de alta qualidade para atacado do fabricante e fornecedor da China a pre\u00e7o baixo. Cobertores de l\u00e3 coral de poli\u00e9ster 80% super macios e poliamida 20% projetados pela Bangze Textile para adultos e crian\u00e7as, padr\u00e3o de arte personalizado costurado em linha boa e firme, dois tipos diferentes de bordas de costura, canto redondo e canto retangular. Eles v\u00eam com v\u00e1rios estilos e cores, bem como algum la\u00e7o opcional para pendurar na parede. \u00c9 um bom cobertor para se manter aquecido ao aquecer a TV na cama de casal ou ficar no sof\u00e1 no inverno. Pedidos personalizados de cobertores de l\u00e3 coral s\u00e3o muito apreciados.<\/span><\/p>\n<p><span style=\"font-size: 12pt;\">Os cobertores tamb\u00e9m s\u00e3o amplamente aplicados em avi\u00f5es, salas com ar condicionado e viagens quando voc\u00ea dorme. A textura do tecido de pel\u00facia supermacio e confort\u00e1vel e sem fiapos, o tamanho 75x100cm pode ser personalizado. N\u00f3s fornecemos uma solu\u00e7\u00e3o &#039;de ponta a ponta&#039; para suas necessidades de cobertor, entre em contato para obter uma oferta e amostra.<\/span><\/p>\n<p><span style=\"color: #000080;\"><strong><span style=\"font-size: 18pt;\">Qual \u00e9 o melhor uso de cobertor em ambiente com ar condicionado?<\/span><\/strong><\/span><\/p>\n<p>O cobertor de l\u00e3 coral \u00e9 um tipo de roupa de cama comumente usada, que tem a fun\u00e7\u00e3o de manter aquecido e \u00e9 mais fino do que a colcha. Existem tecidos de l\u00e3 macios e felpudos em ambos os lados, e a superf\u00edcie tem pel\u00facia rica, que tem propriedades de isolamento t\u00e9rmico. O cobertor tamb\u00e9m pode ser usado como decora\u00e7\u00e3o, como colchas e tape\u00e7arias. De acordo com o m\u00e9todo de tecelagem, os cobertores s\u00e3o divididos em tecelagem org\u00e2nica, tufagem, tric\u00f4 de urdidura, perfura\u00e7\u00e3o de agulha, costura e assim por diante. Os cobertores extravagantes comuns incluem jacquard, cores estampadas e lisas, que s\u00e3o el\u00e1sticos e quentes, e t\u00eam uma textura espessa. Usado principalmente como colchas, colchas de ar condicionado, colchas de sof\u00e1, duplas como decora\u00e7\u00f5es, como colchas ou tape\u00e7arias, com v\u00e1rios padr\u00f5es e cores.<\/p>\n<p><strong><span style=\"font-size: 18pt; color: #000080;\">Quais s\u00e3o as vantagens dos cobertores de l\u00e3 coral?<\/span><\/strong><\/p>\n<p>1. No inverno, pode ser usado como cobertor e colcha raschel quente. Deitar sobre ele far\u00e1 voc\u00ea esquecer todas as suas preocupa\u00e7\u00f5es e frio, e entrar instantaneamente em um estado quente. Voc\u00ea pode dormir at\u00e9 o amanhecer. Portanto, o cobertor raschel pode ajud\u00e1-lo a melhorar a qualidade do seu sono.<br \/>\n2. A primavera e o outono podem ser usados como uma colcha fina. \u00c9 macio sem perder sua fun\u00e7\u00e3o de aquecimento, mas \u00e9 pr\u00f3ximo ao corpo, mas bastante respir\u00e1vel. \u00c9 uma cama rara.<br \/>\n3. O ver\u00e3o \u00e9 uma colcha de ver\u00e3o ideal (camada dupla de ver\u00e3o n\u00e3o \u00e9 adequada). Embora pare\u00e7a macio ao toque, mesmo o raschel espesso \u00e9 bastante respir\u00e1vel e confort\u00e1vel de cobrir. Muito adequado para dormir nu!<br \/>\n4. Suas vantagens s\u00e3o excelentes: a m\u00e3o \u00e9 muito confort\u00e1vel e macia, a fibra \u00e9 delicada, n\u00e3o solta pelos, \u00e9 quente e respir\u00e1vel, tingida digitalmente, a cor \u00e9 brilhante e n\u00e3o desbota, devido ao processo exclusivo da flanela, \u00e9 mais espessa e firme do que cobertores comuns, e seu desempenho de reten\u00e7\u00e3o de calor \u00e9 \u00fanico<br \/>\n5. Padr\u00f5es e tamanhos podem ser personalizados em pequenos lotes de acordo com as necessidades do cliente<\/p>\n<p><strong><span style=\"font-size: 18pt; color: #000080;\">Cuidados de lavagem<\/span><\/strong><\/p>\n<p>Cobertores de l\u00e3 coral s\u00e3o f\u00e1ceis de manchar e aspirar, ent\u00e3o lave-os com frequ\u00eancia. O m\u00e9todo correto de lavagem \u00e9 deixar de molho em \u00e1gua fria por 30 minutos e, em seguida, coloc\u00e1-lo em uma solu\u00e7\u00e3o de flocos de sab\u00e3o neutro a 40\uff5e50\u2103, continuar virando e evitar esfregar com muita for\u00e7a para evitar que fique enrolado. Use \u00e1gua limpa por 15 minutos, esprema a \u00e1gua e deixe secar naturalmente. Quando estiver meio seco, sacuda o cobertor por alguns minutos para soltar o fiapo e, em seguida, continue a secar at\u00e9 que esteja seco.<\/p>\n<\/div><div class=\"fusion-sep-clear\"><\/div><div class=\"fusion-separator fusion-has-icon fusion-full-width-sep\" style=\"margin-left: auto;margin-right: auto;margin-bottom:30px;width:100%;\"><div class=\"fusion-separator-border sep-single sep-dotted\" style=\"border-color:#8bc34a;border-top-width:3px;\"><\/div><span class=\"icon-wrapper\" style=\"border-color:#8bc34a;background-color:#ff9800;font-size:16px;width: 1.75em; height: 1.75em;border-width:3px;padding:3px;margin-top:-1.5px\"><i class=\"fa fa-chevron-down\" style=\"font-size: inherit;color:#8bc34a;\" aria-hidden=\"true\"><\/i><\/span><div class=\"fusion-separator-border sep-single sep-dotted\" style=\"border-color:#8bc34a;border-top-width:3px;\"><\/div><\/div><div class=\"fusion-sep-clear\"><\/div><style type=\"text\/css\">.fusion-portfolio-wrapper#fusion-portfolio-1 .fusion-portfolio-content{  text-align: center; }<\/style><div class=\"fusion-recent-works fusion-portfolio-element fusion-portfolio fusion-portfolio-1 fusion-portfolio-grid fusion-portfolio-paging-infinite fusion-portfolio-four fusion-portfolio-unboxed fusion-portfolio-text fusion-portfolio-equal-heights fusion-portfolio-rollover\" data-id=\"-rw-1\" data-columns=\"four\"><div role=\"menubar\"><ul class=\"fusion-filters\" role=\"menu\" aria-label=\"filtros\"><li role=\"menuitem\" class=\"fusion-filter fusion-filter-all fusion-active\"><a href=\"#\" data-filter=\"*\">Todos<\/a><\/li><li role=\"menuitem\" class=\"fusion-filter fusion-hidden\"><a href=\"#\" data-filter=\".coral-fleece-blanket\">Cobertor de l\u00e3 coral<\/a><\/li><\/ul><\/div><style type=\"text\/css\">.fusion-portfolio-1 .fusion-portfolio-wrapper .fusion-col-spacing{padding:10px;}<\/style><div class=\"fusion-portfolio-wrapper\" id=\"fusion-portfolio-1\" data-picturesize=\"auto\" data-pages=\"1\" style=\"margin:-10px;\"><article id=\"portfolio-1-post-2324\" class=\"fusion-portfolio-post coral-fleece-blanket fusion-col-spacing post-2324\"><div class=\"fusion-portfolio-content-wrapper\" style=\"border:none;\"><span class=\"vcard rich-snippet-hidden\"><span class=\"fn\"><a href=\"https:\/\/www.towelsports.com\/pt\/author\/bangze\/\" title=\"Artigos de Bangze\" rel=\"author\">Bangze<\/a><\/span><\/span><span class=\"updated rich-snippet-hidden\">2022-06-05T22:05:21+08:00<\/span>\n\n<div  class=\"fusion-image-wrapper\" aria-haspopup=\"true\">\n\t\n\t\n\t\t\n\t\t\t\t\t<img decoding=\"async\" width=\"800\" height=\"800\" src=\"https:\/\/www.towelsports.com\/wp-content\/uploads\/2020\/05\/Custom-design-winter-plushy-luxury-quality-coral-fleece-blanket-home-use-3.jpg\" class=\"attachment-full size-full wp-post-image\" alt=\"\" srcset=\"https:\/\/www.towelsports.com\/wp-content\/uploads\/2020\/05\/Custom-design-winter-plushy-luxury-quality-coral-fleece-blanket-home-use-3-200x200.jpg 200w, https:\/\/www.towelsports.com\/wp-content\/uploads\/2020\/05\/Custom-design-winter-plushy-luxury-quality-coral-fleece-blanket-home-use-3-400x400.jpg 400w, https:\/\/www.towelsports.com\/wp-content\/uploads\/2020\/05\/Custom-design-winter-plushy-luxury-quality-coral-fleece-blanket-home-use-3-600x600.jpg 600w, https:\/\/www.towelsports.com\/wp-content\/uploads\/2020\/05\/Custom-design-winter-plushy-luxury-quality-coral-fleece-blanket-home-use-3.jpg 800w\" sizes=\"(min-width: 2200px) 100vw, (min-width: 856px) 260px, (min-width: 784px) 347px, (min-width: 712px) 520px, (min-width: 640px) 712px, \" \/>\n\t\n\n\t\t<div class=\"fusion-rollover\">\n\t<div class=\"fusion-rollover-content\">\n\n\t\t\t\t\t\t\t\t\t\t\t\t\t\t<a class=\"fusion-rollover-link\" href=\"https:\/\/www.towelsports.com\/pt\/portfolio-items\/custom-design-winter-plushy-luxury-quality-coral-fleece-blanket-home-use\/\">Cobertor de l\u00e3 coral de qualidade luxuosa de inverno com design personalizado para uso dom\u00e9stico<\/a>\n\t\t\t\n\t\t\t\t\t\t\t\t\t\t\t\t\t\t\n\t\t\t\t\t\t\t\t\n\t\t\t\t\t\t\t\t\t\t\t\t\t<div class=\"fusion-rollover-sep\"><\/div>\n\t\t\t\t\n\t\t\t\t\t\t\t\t\t\t\t\t\t\t\t\t\t\t<a class=\"fusion-rollover-gallery\" href=\"https:\/\/www.towelsports.com\/wp-content\/uploads\/2020\/05\/Custom-design-winter-plushy-luxury-quality-coral-fleece-blanket-home-use-3.jpg\" data-id=\"2324\" data-rel=\"iLightbox[gallery-rw-1]\" data-title=\"Custom design winter plushy luxury quality coral fleece blanket home use (3)\" data-caption=\"\">\n\t\t\t\t\t\tGaleria\t\t\t\t\t<\/a>\n\t\t\t\t\t\t\t\t\t\t\t\t\t\t\n\t\t\t\t\n\t\t\t\t\t\t\t\t\t\t\t\t<h4 class=\"fusion-rollover-title\">\n\t\t\t\t\t<a class=\"fusion-rollover-title-link\" href=\"https:\/\/www.towelsports.com\/pt\/portfolio-items\/custom-design-winter-plushy-luxury-quality-coral-fleece-blanket-home-use\/\">\n\t\t\t\t\t\tCobertor de l\u00e3 coral de qualidade luxuosa de inverno com design personalizado para uso dom\u00e9stico\t\t\t\t\t<\/a>\n\t\t\t\t<\/h4>\n\t\t\t\n\t\t\t\t\t\t\t\t\t\t\t\t\t\t<div class=\"fusion-rollover-categories\"><a href=\"https:\/\/www.towelsports.com\/pt\/portfolio_category\/coral-fleece-blanket\/\" rel=\"tag\">Cobertor de l\u00e3 coral<\/a><\/div>\t\t\t\t\t\n\t\t\n\t\t\t\t<a class=\"fusion-link-wrapper\" href=\"https:\/\/www.towelsports.com\/pt\/portfolio-items\/custom-design-winter-plushy-luxury-quality-coral-fleece-blanket-home-use\/\" aria-label=\"Cobertor de l\u00e3 coral de qualidade luxuosa de inverno com design personalizado para uso dom\u00e9stico\"><\/a>\n\t<\/div>\n<\/div>\n\n\t\n<\/div>\n<div class=\"fusion-portfolio-content\"><h2 class=\"entry-title fusion-post-title\"><a href=\"https:\/\/www.towelsports.com\/pt\/portfolio-items\/custom-design-winter-plushy-luxury-quality-coral-fleece-blanket-home-use\/\">Cobertor de l\u00e3 coral de qualidade luxuosa de inverno com design personalizado para uso dom\u00e9stico<\/a><\/h2><div class=\"fusion-post-content\"><p> A manta de l\u00e3 coral \u00e9 feita de poli\u00e9ster e [...]<\/p><\/div><\/div><\/div><\/article><article id=\"portfolio-1-post-1303\" class=\"fusion-portfolio-post coral-fleece-blanket microfiber-towel fusion-col-spacing post-1303\"><div class=\"fusion-portfolio-content-wrapper\" style=\"border:none;\"><span class=\"vcard rich-snippet-hidden\"><span class=\"fn\"><a href=\"https:\/\/www.towelsports.com\/pt\/author\/bangze\/\" title=\"Artigos de Bangze\" rel=\"author\">Bangze<\/a><\/span><\/span><span class=\"updated rich-snippet-hidden\">2020-12-16T16:46:47+08:00<\/span>\n\n<div  class=\"fusion-image-wrapper\" aria-haspopup=\"true\">\n\t\n\t\n\t\t\n\t\t\t\t\t<img decoding=\"async\" width=\"800\" height=\"800\" src=\"https:\/\/www.towelsports.com\/wp-content\/uploads\/2020\/04\/sublimation-printed-microfiber-coral-flannel-blanket-1.jpg\" class=\"attachment-full size-full wp-post-image\" alt=\"\" srcset=\"https:\/\/www.towelsports.com\/wp-content\/uploads\/2020\/04\/sublimation-printed-microfiber-coral-flannel-blanket-1-200x200.jpg 200w, https:\/\/www.towelsports.com\/wp-content\/uploads\/2020\/04\/sublimation-printed-microfiber-coral-flannel-blanket-1-400x400.jpg 400w, https:\/\/www.towelsports.com\/wp-content\/uploads\/2020\/04\/sublimation-printed-microfiber-coral-flannel-blanket-1-600x600.jpg 600w, https:\/\/www.towelsports.com\/wp-content\/uploads\/2020\/04\/sublimation-printed-microfiber-coral-flannel-blanket-1.jpg 800w\" sizes=\"(min-width: 2200px) 100vw, (min-width: 856px) 260px, (min-width: 784px) 347px, (min-width: 712px) 520px, (min-width: 640px) 712px, \" \/>\n\t\n\n\t\t<div class=\"fusion-rollover\">\n\t<div class=\"fusion-rollover-content\">\n\n\t\t\t\t\t\t\t\t\t\t\t\t\t\t<a class=\"fusion-rollover-link\" href=\"https:\/\/www.towelsports.com\/pt\/portfolio-items\/custom-sublimation-print-leopard-pattern-microfiber-coral-fleece-blanket-70x140cm-350gsm\/\">Cobertor de l\u00e3 coral de microfibra com estampa de leopardo por sublima\u00e7\u00e3o personalizada 70x140cm 350GSM<\/a>\n\t\t\t\n\t\t\t\t\t\t\t\t\t\t\t\t\t\t\n\t\t\t\t\t\t\t\t\n\t\t\t\t\t\t\t\t\t\t\t\t\t<div class=\"fusion-rollover-sep\"><\/div>\n\t\t\t\t\n\t\t\t\t\t\t\t\t\t\t\t\t\t\t\t\t\t\t<a class=\"fusion-rollover-gallery\" href=\"https:\/\/www.towelsports.com\/wp-content\/uploads\/2020\/04\/sublimation-printed-microfiber-coral-flannel-blanket-1.jpg\" data-id=\"1303\" data-rel=\"iLightbox[gallery-rw-1]\" data-title=\"sublimation printed microfiber coral flannel blanket (1)\" data-caption=\"\">\n\t\t\t\t\t\tGaleria\t\t\t\t\t<\/a>\n\t\t\t\t\t\t\t\t\t\t\t\t\t\t\n\t\t\t\t\n\t\t\t\t\t\t\t\t\t\t\t\t<h4 class=\"fusion-rollover-title\">\n\t\t\t\t\t<a class=\"fusion-rollover-title-link\" href=\"https:\/\/www.towelsports.com\/pt\/portfolio-items\/custom-sublimation-print-leopard-pattern-microfiber-coral-fleece-blanket-70x140cm-350gsm\/\">\n\t\t\t\t\t\tCobertor de l\u00e3 coral de microfibra com estampa de leopardo por sublima\u00e7\u00e3o personalizada 70x140cm 350GSM\t\t\t\t\t<\/a>\n\t\t\t\t<\/h4>\n\t\t\t\n\t\t\t\t\t\t\t\t\t\t\t\t\t\t<div class=\"fusion-rollover-categories\"><a href=\"https:\/\/www.towelsports.com\/pt\/portfolio_category\/coral-fleece-blanket\/\" rel=\"tag\">Cobertor de l\u00e3 coral<\/a>, <a href=\"https:\/\/www.towelsports.com\/pt\/portfolio_category\/microfiber-towel\/\" rel=\"tag\">Toalha de microfibra<\/a><\/div>\t\t\t\t\t\n\t\t\n\t\t\t\t<a class=\"fusion-link-wrapper\" href=\"https:\/\/www.towelsports.com\/pt\/portfolio-items\/custom-sublimation-print-leopard-pattern-microfiber-coral-fleece-blanket-70x140cm-350gsm\/\" aria-label=\"Cobertor de l\u00e3 coral de microfibra com estampa de leopardo por sublima\u00e7\u00e3o personalizada 70x140cm 350GSM\"><\/a>\n\t<\/div>\n<\/div>\n\n\t\n<\/div>\n<div class=\"fusion-portfolio-content\"><h2 class=\"entry-title fusion-post-title\"><a href=\"https:\/\/www.towelsports.com\/pt\/portfolio-items\/custom-sublimation-print-leopard-pattern-microfiber-coral-fleece-blanket-70x140cm-350gsm\/\">Cobertor de l\u00e3 coral de microfibra com estampa de leopardo por sublima\u00e7\u00e3o personalizada 70x140cm 350GSM<\/a><\/h2><div class=\"fusion-post-content\"><p> Manta de l\u00e3 coral de microfibra impressa em tamanho grande 60x120cm [...]<\/p><\/div><\/div><\/div><\/article><\/div><\/div><div class=\"fusion-clearfix\"><\/div><\/div><\/div><\/div><\/div>","protected":false},"excerpt":{"rendered":"","protected":false},"author":1,"featured_media":0,"parent":1025,"menu_order":0,"comment_status":"closed","ping_status":"closed","template":"","meta":{"footnotes":""},"class_list":["post-1083","page","type-page","status-publish","hentry"],"aioseo_notices":[],"_links":{"self":[{"href":"https:\/\/www.towelsports.com\/pt\/wp-json\/wp\/v2\/pages\/1083","targetHints":{"allow":["GET"]}}],"collection":[{"href":"https:\/\/www.towelsports.com\/pt\/wp-json\/wp\/v2\/pages"}],"about":[{"href":"https:\/\/www.towelsports.com\/pt\/wp-json\/wp\/v2\/types\/page"}],"author":[{"embeddable":true,"href":"https:\/\/www.towelsports.com\/pt\/wp-json\/wp\/v2\/users\/1"}],"replies":[{"embeddable":true,"href":"https:\/\/www.towelsports.com\/pt\/wp-json\/wp\/v2\/comments?post=1083"}],"version-history":[{"count":6,"href":"https:\/\/www.towelsports.com\/pt\/wp-json\/wp\/v2\/pages\/1083\/revisions"}],"predecessor-version":[{"id":2779,"href":"https:\/\/www.towelsports.com\/pt\/wp-json\/wp\/v2\/pages\/1083\/revisions\/2779"}],"up":[{"embeddable":true,"href":"https:\/\/www.towelsports.com\/pt\/wp-json\/wp\/v2\/pages\/1025"}],"wp:attachment":[{"href":"https:\/\/www.towelsports.com\/pt\/wp-json\/wp\/v2\/media?parent=1083"}],"curies":[{"name":"wp","href":"https:\/\/api.w.org\/{rel}","templated":true}]}}