{"id":37,"date":"2018-04-05T13:38:25","date_gmt":"2018-04-05T05:38:25","guid":{"rendered":"https:\/\/www.towelsports.com\/?page_id=37"},"modified":"2020-12-14T22:37:36","modified_gmt":"2020-12-14T14:37:36","slug":"faq-2","status":"publish","type":"page","link":"https:\/\/www.towelsports.com\/pl\/faq-2\/","title":{"rendered":"Cz\u0119sto zadawane pytania"},"content":{"rendered":"<p><div class=\"fusion-fullwidth fullwidth-box fusion-builder-row-1 fusion-parallax-none nonhundred-percent-fullwidth non-hundred-percent-height-scrolling\" style=\"background-color: #ffffff;background-image: url(&quot;https:\/\/www.towelsports.com\/wp-content\/uploads\/2018\/04\/FAQ.jpeg&quot;);background-position: center center;background-repeat: no-repeat;padding-top:300px;padding-right:300px;padding-bottom:0px;padding-left:0px;margin-bottom: 0px;margin-top: -50px;border-width: 0px 0px 0px 0px;border-color:#eae9e9;border-style:solid;-webkit-background-size:cover;-moz-background-size:cover;-o-background-size:cover;background-size:cover;\" ><div class=\"fusion-builder-row fusion-row\"><div class=\"fusion-layout-column fusion_builder_column fusion-builder-column-0 fusion_builder_column_1_1 1_1 fusion-one-full fusion-column-first fusion-column-last\" style=\"margin-top:0px;margin-bottom:20px;\"><div class=\"fusion-column-wrapper fusion-flex-column-wrapper-legacy\" style=\"background-position:left top;background-repeat:no-repeat;-webkit-background-size:cover;-moz-background-size:cover;-o-background-size:cover;background-size:cover;padding: 0px 0px 0px 0px;\"><div class=\"fusion-clearfix\"><\/div><\/div><\/div><\/div><\/div><div class=\"fusion-fullwidth fullwidth-box fusion-builder-row-2 nonhundred-percent-fullwidth non-hundred-percent-height-scrolling\" style=\"background-color: rgba(221,221,221,0.98);background-position: center center;background-repeat: no-repeat;padding-top:0px;padding-right:0px;padding-bottom:0px;padding-left:0px;margin-bottom: 0px;margin-top: 0px;border-width: 0px 0px 0px 0px;border-color:#eae9e9;border-style:solid;\" ><div class=\"fusion-builder-row fusion-row\"><div class=\"fusion-layout-column fusion_builder_column fusion-builder-column-1 fusion_builder_column_1_1 1_1 fusion-one-full fusion-column-first fusion-column-last\" style=\"margin-top:0px;margin-bottom:20px;\"><div class=\"fusion-column-wrapper fusion-flex-column-wrapper-legacy\" style=\"background-position:left top;background-repeat:no-repeat;-webkit-background-size:cover;-moz-background-size:cover;-o-background-size:cover;background-size:cover;padding: 0px 0px 0px 0px;\"><div class=\"fusion-sep-clear\"><\/div><div class=\"fusion-separator fusion-full-width-sep\" style=\"margin-left: auto;margin-right: auto;margin-top:60px;width:100%;\"><div class=\"fusion-separator-border sep-double\" style=\"border-color:#e0dede;border-top-width:1px;border-bottom-width:1px;\"><\/div><\/div><div class=\"fusion-sep-clear\"><\/div><div class=\"fusion-text fusion-text-1\"><p style=\"text-align: center;\"><span style=\"color: #000080;\"><strong><span style=\"font-size: 24px;\">Cz\u0119sto zadawane pytania dla firmy<\/span><\/strong><\/span><\/p>\n<p><span style=\"color: #000080;\"><strong>P: Jaka jest marka BANGZE?<\/strong><\/span><\/p>\n<p>Bangze jest znanym producentem r\u0119cznik\u00f3w z pierwszej dziesi\u0105tki w Chinach, posiada:<\/p>\n<p>-10 lat do\u015bwiadczenia w produkcji r\u0119cznik\u00f3w.<\/p>\n<p>-15000 metr\u00f3w kwadratowych fabryki<\/p>\n<p>-12 miesi\u0119cy gwarancji<\/p>\n<p><span style=\"color: #000080;\"><strong>P: Jakie posiadasz certyfikaty?<\/strong><\/span><\/p>\n<p>Kontrola jako\u015bci ISO9001, AZO i 100% oraz trwa\u0142e testy przed ka\u017cd\u0105 wysy\u0142k\u0105.<\/p>\n<p><span style=\"color: #000080;\"><strong>P: Jaka jest gwarancja na produkty Bangze?<\/strong><\/span><\/p>\n<p>12-miesi\u0119czna gwarancja (bezp\u0142atna) na wszystkie standardowe produkty Bangze.<\/p>\n<p>Do\u017cywotnia konserwacja zostanie zapewniona po up\u0142ywie 2-letniego okresu gwarancji.<\/p>\n<p><span style=\"color: #000080;\"><strong>P: Jakie s\u0105 Twoje metody p\u0142atno\u015bci?<\/strong><\/span><\/p>\n<p>Akceptuj p\u0142atno\u015bci przelewem bankowym TT, Western Union, Money Gram i Paypal.<\/p>\n<p>Zaakceptuj akredytyw\u0119 na widoku (zam\u00f3wienie zbiorcze).<\/p>\n<p><span style=\"color: #000080;\"><strong>P: Jak samotny jest Tw\u00f3j czas produkcji?<\/strong><\/span><\/p>\n<p>3-10 dni roboczych na zam\u00f3wienie pr\u00f3bki.<\/p>\n<p>20-25 dni roboczych w przypadku zam\u00f3wienia zbiorczego.<\/p>\n<p><span style=\"color: #000080;\"><strong>P: Jaki jest Tw\u00f3j spos\u00f3b wysy\u0142ki?<\/strong><\/span><\/p>\n<p>3-5 dni przesy\u0142k\u0105 kuriersk\u0105 ekspresow\u0105 do domu.<\/p>\n<p>3-5 dni samolotem na najbli\u017csze lotnisko.<\/p>\n<p>18-35 dni drog\u0105 morsk\u0105 do najbli\u017cszego portu morskiego.<\/p>\n<p style=\"text-align: center;\"><span style=\"color: #000080;\"><strong><span style=\"font-size: 24px;\">Cz\u0119sto zadawane pytania dotycz\u0105ce produkt\u00f3w<\/span><\/strong><\/span><\/p>\n<p><span style=\"color: #000080;\"><strong>P: Jakiego rodzaju rozwi\u0105zania w zakresie r\u0119cznik\u00f3w mo\u017cesz zapewni\u0107?<\/strong><\/span><\/p>\n<p>Bangze dostarcza r\u0119czniki podr\u00f3\u017cne, sportowe, fitness, jogi, wyprzeda\u017c promocyjna wszystkich r\u0119cznik\u00f3w sportowych.<\/p>\n<p><span style=\"color: #000080;\"><strong>P: Czy istnieje mo\u017cliwo\u015b\u0107 dostosowania na specjalne zam\u00f3wienia?<\/strong><\/span><\/p>\n<p>Wsparcie Yes.Bangze w produkcji r\u0119cznik\u00f3w w oparciu o Tw\u00f3j projekt i materia\u0142.<\/p>\n<p><span style=\"color: #000080;\"><strong>P: Jakiego rodzaju materia\u0142u u\u017cywasz?<\/strong><\/span><\/p>\n<p>Bawe\u0142na 100%, poliester Mikrofibra 80% i poliamid 20%.<\/p>\n<p><span style=\"color: #000080;\"><strong>P: Jakie logo mo\u017cna doda\u0107 na r\u0119czniku?<\/strong><\/span><\/p>\n<p>Logo haftu, logo z nadrukiem sitodrukowym, logo wyt\u0142oczone i logo z nadrukiem sublimacyjnym<\/p>\n<p><span style=\"color: #000080;\"><strong>P: Czy Tw\u00f3j r\u0119cznik mo\u017ce mie\u0107 inny kolor kraw\u0119dzi ni\u017c kolor tkaniny?<\/strong><\/span><\/p>\n<p>Tak, to popularny i fajny spos\u00f3b.<\/p>\n<p><span style=\"color: #000080;\"><strong>P: Jaka jest standardowa grubo\u015b\u0107 r\u0119cznika sportowego?<\/strong><\/span><\/p>\n<p>Materia\u0142 z mikrofibry: 200GSM<\/p>\n<p>Materia\u0142 bawe\u0142niany: 450GSM<\/p>\n<p><span style=\"color: #000080;\"><strong>P: Czy Tw\u00f3j r\u0119cznik blaknie po praniu w pralce?<\/strong><\/span><\/p>\n<p>Nasz r\u0119cznik mo\u017cna pra\u0107 w temperaturze 40 stopni C r\u0119cznie lub w pralce, nie blaknie.<\/p>\n<p><span style=\"color: #000080;\"><strong>P: Jaki spos\u00f3b pakowania zapewniasz?<\/strong><\/span><\/p>\n<p>Normalna przezroczysta torba przeciwpy\u0142owa<\/p>\n<p>Siatkowa torba<\/p>\n<p>Lub dostosuj sw\u00f3j projekt<\/p>\n<p><span style=\"color: #000080;\"><strong>P: Czy zapewniacie r\u0119czniki dla platformy Amazon lub Ebay?<\/strong><\/span><\/p>\n<p>Tak, dostarczamy r\u0119czniki podr\u00f3\u017cne\/sportowe dla 6 du\u017cych sprzedawc\u00f3w w serwisie Amazon i 2 w serwisie Ebay.<\/p>\n<p><span style=\"color: #000080;\"><strong>P: Czy mo\u017cesz doda\u0107 kod UPCA, UPCE lub EAN na opakowaniu?<\/strong><\/span><\/p>\n<p>Tak mo\u017cemy. Znamy zasady i postanowienia dotycz\u0105ce wysy\u0142ki Amazon i Ebay.<\/p>\n<\/div><div class=\"fusion-clearfix\"><\/div><\/div><\/div><\/div><\/div><\/p>","protected":false},"excerpt":{"rendered":"","protected":false},"author":1,"featured_media":0,"parent":0,"menu_order":0,"comment_status":"closed","ping_status":"closed","template":"100-width.php","meta":{"footnotes":""},"class_list":["post-37","page","type-page","status-publish","hentry"],"aioseo_notices":[],"_links":{"self":[{"href":"https:\/\/www.towelsports.com\/pl\/wp-json\/wp\/v2\/pages\/37","targetHints":{"allow":["GET"]}}],"collection":[{"href":"https:\/\/www.towelsports.com\/pl\/wp-json\/wp\/v2\/pages"}],"about":[{"href":"https:\/\/www.towelsports.com\/pl\/wp-json\/wp\/v2\/types\/page"}],"author":[{"embeddable":true,"href":"https:\/\/www.towelsports.com\/pl\/wp-json\/wp\/v2\/users\/1"}],"replies":[{"embeddable":true,"href":"https:\/\/www.towelsports.com\/pl\/wp-json\/wp\/v2\/comments?post=37"}],"version-history":[{"count":32,"href":"https:\/\/www.towelsports.com\/pl\/wp-json\/wp\/v2\/pages\/37\/revisions"}],"predecessor-version":[{"id":2555,"href":"https:\/\/www.towelsports.com\/pl\/wp-json\/wp\/v2\/pages\/37\/revisions\/2555"}],"wp:attachment":[{"href":"https:\/\/www.towelsports.com\/pl\/wp-json\/wp\/v2\/media?parent=37"}],"curies":[{"name":"wp","href":"https:\/\/api.w.org\/{rel}","templated":true}]}}