{"id":2406,"date":"2020-09-21T14:37:57","date_gmt":"2020-09-21T06:37:57","guid":{"rendered":"https:\/\/www.towelsports.com\/?page_id=2406"},"modified":"2020-12-13T16:06:18","modified_gmt":"2020-12-13T08:06:18","slug":"warranty-policy","status":"publish","type":"page","link":"https:\/\/www.towelsports.com\/pl\/warranty-policy\/","title":{"rendered":"Polityka gwarancyjna"},"content":{"rendered":"<div class=\"fusion-fullwidth fullwidth-box fusion-builder-row-1 fusion-flex-container nonhundred-percent-fullwidth non-hundred-percent-height-scrolling\" style=\"background-color: rgba(255,255,255,0);background-position: center center;background-repeat: no-repeat;border-width: 0px 0px 0px 0px;border-color:#eae9e9;border-style:solid;\" ><div class=\"fusion-builder-row fusion-row fusion-flex-align-items-flex-start\" style=\"max-width:1144px;margin-left: calc(-4% \/ 2 );margin-right: calc(-4% \/ 2 );\"><div class=\"fusion-layout-column fusion_builder_column fusion-builder-column-0 fusion_builder_column_1_1 1_1 fusion-flex-column\"><div class=\"fusion-column-wrapper fusion-flex-justify-content-flex-start fusion-content-layout-column\" style=\"background-position:left top;background-repeat:no-repeat;-webkit-background-size:cover;-moz-background-size:cover;-o-background-size:cover;background-size:cover;padding: 0px 0px 0px 0px;\"><div class=\"fusion-text fusion-text-1\"><h3 data-sr-id=\"1\"><span style=\"color: #000080;\">DLACZEGO BANGZE TEXTILE?<\/span><\/h3>\n<hr \/>\n<p>M\u00f3j dziadek by\u0142 twardym, ale kochaj\u0105cym cz\u0142owiekiem. By\u0142 tak\u017ce fantastycznym mi\u0142o\u015bnikiem sportu, kt\u00f3ry do\u017cy\u0142 p\u00f3\u017anych lat 80.<\/p>\n<p>Ju\u017c jako ma\u0142y ch\u0142opiec z pasj\u0105 i \u017cyczliwo\u015bci\u0105 uczy\u0142 mnie podstaw szycia, krojenia, farbowania tkanin i produkcji dobrej jako\u015bci r\u0119cznik\u00f3w.<\/p>\n<p>Cz\u0119sto u\u017cywa\u0142 najlepszych, superch\u0142onnych wody, wygodnych i mi\u0119kkich r\u0119cznik\u00f3w. Powiedzia\u0142: \u201eSekret dobrego r\u0119cznika le\u017cy w dobrej jako\u015bci prz\u0119dzie bawe\u0142nianej, mi\u0119kkiej i zdrowej dla naszej sk\u00f3ry oraz przyjaznych dla \u015brodowiska barwnikach wydrukowanych we wz\u00f3r dobrej jako\u015bci\u201d. Przede wszystkim nauczy\u0142 mnie, \u017ce zawsze nale\u017cy by\u0107 szczerym, mi\u0142ym, pomocnym i pe\u0142nym pasji dla ka\u017cdego. To w\u0142a\u015bnie ta filozofia mojego dziadka zainspirowa\u0142a mnie do stworzenia mojej marki BANGZE TEXTILE.<\/p>\n<p>Nigdy nie b\u0119d\u0119 nosi\u0107 r\u0119cznika, kt\u00f3rego sam nie u\u017cyj\u0119, to ci obiecuj\u0119. \u017bycz\u0119 wszystkiego najlepszego ca\u0142ej firmie Bangze Textile i m\u0119\u017cczyznom, kt\u00f3rzy z mi\u0142o\u015bci\u0105 j\u0105 wspieraj\u0105.<\/p>\n<h3><span style=\"color: #000080;\">GWARANCJA<\/span><\/h3>\n<hr \/>\n<p>Z przyjemno\u015bci\u0105 oferujemy gwarancj\u0119 satysfakcji 100%, niezale\u017cnie od tego, czy wysy\u0142amy produkt zamienny, czy akceptujemy zwrot i zwracamy pieni\u0105dze.<\/p>\n<p>GUANGZHOU BANGZE TEXTILE COMPANY udziela gwarancji na produkt na okres jednego roku od daty zakupu, je\u015bli produkt zostanie uznany za wadliwy pod wzgl\u0119dem wykonania. Wszystkie r\u0119czniki bawe\u0142niane i r\u0119czniki z mikrofibry obj\u0119te s\u0105 12 miesi\u0119czn\u0105 gwarancj\u0105 liczon\u0105 od daty zakupu.<\/p>\n<p>W przypadku reklamacji prosimy o kontakt e-mailowy pod adresem<strong><span style=\"font-size: 14pt;\"> <a href=\"mailto:info@towelsports.com,\"><u>info@towelsports.com\u00a0<\/u><\/a><\/span><u><\/u><\/strong>lub zadzwo\u0144 do nas pod numer<strong><span style=\"font-size: 14pt;\"> 0086 13539770702 <\/span><u><\/u><\/strong>rozwi\u0105\u017cemy Tw\u00f3j problem wkr\u00f3tce w ci\u0105gu 48 godzin.<\/p>\n<p>Gwarancja nie obejmuje uszkodze\u0144 powsta\u0142ych w wyniku wypadk\u00f3w, zaniedbania lub niew\u0142a\u015bciwego u\u017cycia produkt\u00f3w, koszt\u00f3w transportu i komunikacji.<\/p>\n<\/div><\/div><\/div><style type=\"text\/css\">.fusion-body .fusion-builder-column-0{width:100% !important;margin-top : 0px;margin-bottom : 20px;}.fusion-builder-column-0 > .fusion-column-wrapper {padding-top : 0px !important;padding-right : 0px !important;margin-right : 1.92%;padding-bottom : 0px !important;padding-left : 0px !important;margin-left : 1.92%;}@media only screen and (max-width:1024px) {.fusion-body .fusion-builder-column-0{width:100% !important;order : 0;}.fusion-builder-column-0 > .fusion-column-wrapper {margin-right : 1.92%;margin-left : 1.92%;}}@media only screen and (max-width:640px) {.fusion-body .fusion-builder-column-0{width:100% !important;order : 0;}.fusion-builder-column-0 > .fusion-column-wrapper {margin-right : 1.92%;margin-left : 1.92%;}}<\/style><\/div><style type=\"text\/css\">.fusion-body .fusion-flex-container.fusion-builder-row-1{ padding-top : 0px;margin-top : 0px;padding-right : 0px;padding-bottom : 0px;margin-bottom : 0px;padding-left : 0px;}<\/style><\/div>","protected":false},"excerpt":{"rendered":"","protected":false},"author":1,"featured_media":0,"parent":0,"menu_order":0,"comment_status":"closed","ping_status":"closed","template":"100-width.php","meta":{"footnotes":""},"class_list":["post-2406","page","type-page","status-publish","hentry"],"aioseo_notices":[],"_links":{"self":[{"href":"https:\/\/www.towelsports.com\/pl\/wp-json\/wp\/v2\/pages\/2406","targetHints":{"allow":["GET"]}}],"collection":[{"href":"https:\/\/www.towelsports.com\/pl\/wp-json\/wp\/v2\/pages"}],"about":[{"href":"https:\/\/www.towelsports.com\/pl\/wp-json\/wp\/v2\/types\/page"}],"author":[{"embeddable":true,"href":"https:\/\/www.towelsports.com\/pl\/wp-json\/wp\/v2\/users\/1"}],"replies":[{"embeddable":true,"href":"https:\/\/www.towelsports.com\/pl\/wp-json\/wp\/v2\/comments?post=2406"}],"version-history":[{"count":5,"href":"https:\/\/www.towelsports.com\/pl\/wp-json\/wp\/v2\/pages\/2406\/revisions"}],"predecessor-version":[{"id":2441,"href":"https:\/\/www.towelsports.com\/pl\/wp-json\/wp\/v2\/pages\/2406\/revisions\/2441"}],"wp:attachment":[{"href":"https:\/\/www.towelsports.com\/pl\/wp-json\/wp\/v2\/media?parent=2406"}],"curies":[{"name":"wp","href":"https:\/\/api.w.org\/{rel}","templated":true}]}}