{"id":1083,"date":"2020-04-19T22:38:59","date_gmt":"2020-04-19T14:38:59","guid":{"rendered":"https:\/\/www.towelsports.com\/?page_id=1083"},"modified":"2020-12-16T23:00:19","modified_gmt":"2020-12-16T15:00:19","slug":"coral-fleece-blanket","status":"publish","type":"page","link":"https:\/\/www.towelsports.com\/pl\/products\/microfiber-towel\/coral-fleece-blanket\/","title":{"rendered":"Koc z polaru koralowego"},"content":{"rendered":"<div class=\"fusion-fullwidth fullwidth-box fusion-builder-row-1 nonhundred-percent-fullwidth non-hundred-percent-height-scrolling\" style=\"background-color: rgba(255,255,255,0);background-position: center center;background-repeat: no-repeat;padding-top:0px;padding-right:0px;padding-bottom:0px;padding-left:0px;margin-bottom: 0px;margin-top: 0px;border-width: 0px 0px 0px 0px;border-color:#eae9e9;border-style:solid;\" ><div class=\"fusion-builder-row fusion-row\"><div class=\"fusion-layout-column fusion_builder_column fusion-builder-column-0 fusion_builder_column_1_1 1_1 fusion-one-full fusion-column-first fusion-column-last\" style=\"margin-top:0px;margin-bottom:20px;\"><div class=\"fusion-column-wrapper fusion-flex-column-wrapper-legacy\" style=\"background-position:left top;background-repeat:no-repeat;-webkit-background-size:cover;-moz-background-size:cover;-o-background-size:cover;background-size:cover;padding: 0px 0px 0px 0px;\"><div class=\"fusion-text fusion-text-1\"><h2><span style=\"color: #000080; font-size: 18pt;\">Wysokiej Jako\u015bci Koc Z Polaru Koralowego Do Samolotu I Podr\u00f3\u017cy Spanie Producent<\/span><\/h2>\n<p><span style=\"font-size: 12pt;\">Wysokiej jako\u015bci pluszowy koc z mikrofibry koralowej na sprzeda\u017c hurtow\u0105 od chi\u0144skiego producenta, dostawcy w niskiej cenie. Bangze tekstylia zaprojektowane supermi\u0119kkie koce z poliestru 80% i poliamidu 20% z polaru koralowego dla doros\u0142ych i dzieci, niestandardowy wz\u00f3r graficzny szyty dobr\u0105 i ciasn\u0105 nici\u0105, dwa r\u00f3\u017cne rodzaje kraw\u0119dzi do szycia: naro\u017cnik okr\u0105g\u0142y i naro\u017cnik prostok\u0105tny. Dost\u0119pne w r\u00f3\u017cnych stylach i kolorach, a tak\u017ce z opcjonaln\u0105 p\u0119telk\u0105 do zawieszenia na \u015bcianie. To dobry koc, aby utrzyma\u0107 ciep\u0142o podczas podgrzewania telewizora w podw\u00f3jnym \u0142\u00f3\u017cku lub pozostawania na sofie zim\u0105. Koce z polaru koralowego na zam\u00f3wienie s\u0105 wysoko cenione.<\/span><\/p>\n<p><span style=\"font-size: 12pt;\">Koce s\u0105 r\u00f3wnie\u017c szeroko stosowane w samolotach, pomieszczeniach z klimatyzacj\u0105 i podczas podr\u00f3\u017cy, gdy \u015bpisz. Supermi\u0119kka i wygodna pluszowa faktura tkaniny oraz bezpy\u0142owy rozmiar 75x100 cm mo\u017cna dostosowa\u0107. Zapewniamy kompleksowe rozwi\u0105zanie dla Twoich potrzeb dotycz\u0105cych koc\u00f3w, skontaktuj si\u0119 z nami, aby uzyska\u0107 ofert\u0119 i pr\u00f3bk\u0119.<\/span><\/p>\n<p><span style=\"color: #000080;\"><strong><span style=\"font-size: 18pt;\">Jakie jest najlepsze zastosowanie koca w klimatyzowanym pomieszczeniu?<\/span><\/strong><\/span><\/p>\n<p>Coral Fleece Blanket to powszechnie u\u017cywany rodzaj po\u015bcieli, kt\u00f3ry ma funkcj\u0119 utrzymywania ciep\u0142a i jest cie\u0144szy ni\u017c ko\u0142dra. Po obu stronach znajduj\u0105 si\u0119 mi\u0119kkie pluszowe tkaniny we\u0142niane, a powierzchnia ma bogaty plusz, kt\u00f3ry ma w\u0142a\u015bciwo\u015bci termoizolacyjne. Koc mo\u017ce by\u0107 r\u00f3wnie\u017c u\u017cywany jako dekoracja, taka jak narzuty na \u0142\u00f3\u017cka i gobeliny. Zgodnie z metod\u0105 tkania, koce dziel\u0105 si\u0119 na tkanie organiczne, pikowanie, dzianie osnowowe, ig\u0142owanie, szycie i tak dalej. Typowe fantazyjne koce obejmuj\u0105 \u017cakardowe, drukowane i g\u0142adkie kolory, kt\u00f3re s\u0105 elastyczne i ciep\u0142e oraz maj\u0105 grub\u0105 faktur\u0119. G\u0142\u00f3wnie u\u017cywane jako narzuty na \u0142\u00f3\u017cka, ko\u0142dry klimatyzacyjne, ko\u0142dry na sofy, podw\u00f3jnie jako dekoracja, taka jak narzuty na \u0142\u00f3\u017cka lub gobeliny, z r\u00f3\u017cnymi wzorami i kolorami.<\/p>\n<p><strong><span style=\"font-size: 18pt; color: #000080;\">Jakie s\u0105 zalety koc\u00f3w z polaru koralowego?<\/span><\/strong><\/p>\n<p>1. Zim\u0105 mo\u017cna go u\u017cywa\u0107 jako koca i ciep\u0142ej ko\u0142dry raszlowej. Le\u017c\u0105c na nim zapomnisz o wszystkich zmartwieniach i zimnie, a natychmiast poczujesz si\u0119 ciep\u0142o. Mo\u017cesz spa\u0107 do \u015bwitu. Dlatego koc raszlowy mo\u017ce pom\u00f3c Ci poprawi\u0107 jako\u015b\u0107 snu.<br \/>\n2. Wiosn\u0105 i jesieni\u0105 mo\u017cna u\u017cywa\u0107 jako cienkiej ko\u0142dry. Jest mi\u0119kka, nie trac\u0105c funkcji ocieplenia, ale przylega do cia\u0142a, ale jest do\u015b\u0107 przewiewna. Jest to rzadka po\u015bciel.<br \/>\n3. Lato to idealna letnia ko\u0142dra (podw\u00f3jna warstwa lato nie jest odpowiednia). Chocia\u017c jest mi\u0119kka w dotyku, nawet pogrubiony raszl jest do\u015b\u0107 oddychaj\u0105cy i wygodny do przykrycia. Bardzo odpowiedni do spania nago!<br \/>\n4. Jego zalety s\u0105 wyj\u0105tkowe: d\u0142o\u0144 jest bardzo wygodna i mi\u0119kka, w\u0142\u00f3kno jest delikatne, nie linieje, jest ciep\u0142e i oddychaj\u0105ce, barwione cyfrowo, kolor jest \u017cywy i nie blaknie, dzi\u0119ki unikalnemu procesowi produkcji flaneli jest grubszy i \u015bci\u015blejszy ni\u017c zwyk\u0142e koce, a jego w\u0142a\u015bciwo\u015bci zatrzymywania ciep\u0142a s\u0105 wyj\u0105tkowe<br \/>\n5. Wzory i rozmiary mog\u0105 by\u0107 dostosowywane w ma\u0142ych partiach do potrzeb klienta<\/p>\n<p><strong><span style=\"font-size: 18pt; color: #000080;\">Piel\u0119gnacja prania<\/span><\/strong><\/p>\n<p>Koce z polaru koralowego \u0142atwo si\u0119 plami\u0105 i odkurzaj\u0105, dlatego nale\u017cy je cz\u0119sto pra\u0107. Prawid\u0142owa metoda prania polega na namoczeniu w zimnej wodzie przez 30 minut, a nast\u0119pnie umieszczeniu ich w neutralnym roztworze p\u0142atk\u00f3w mydlanych o temperaturze 40\uff5e50\u2103, ci\u0105g\u0142ym obracaniu i unikaniu zbyt mocnego pocierania, aby zapobiec zbrylaniu. U\u017cywaj czystej wody przez 15 minut, wyci\u015bnij wod\u0119 i pozw\u00f3l mu wyschn\u0105\u0107 naturalnie. Gdy b\u0119dzie w po\u0142owie suchy, potrz\u0105\u015bnij kocem przez kilka minut, aby poluzowa\u0107 puch, a nast\u0119pnie kontynuuj suszenie, a\u017c b\u0119dzie suchy.<\/p>\n<\/div><div class=\"fusion-sep-clear\"><\/div><div class=\"fusion-separator fusion-has-icon fusion-full-width-sep\" style=\"margin-left: auto;margin-right: auto;margin-bottom:30px;width:100%;\"><div class=\"fusion-separator-border sep-single sep-dotted\" style=\"border-color:#8bc34a;border-top-width:3px;\"><\/div><span class=\"icon-wrapper\" style=\"border-color:#8bc34a;background-color:#ff9800;font-size:16px;width: 1.75em; height: 1.75em;border-width:3px;padding:3px;margin-top:-1.5px\"><i class=\"fa fa-chevron-down\" style=\"font-size: inherit;color:#8bc34a;\" aria-hidden=\"true\"><\/i><\/span><div class=\"fusion-separator-border sep-single sep-dotted\" style=\"border-color:#8bc34a;border-top-width:3px;\"><\/div><\/div><div class=\"fusion-sep-clear\"><\/div><style type=\"text\/css\">.fusion-portfolio-wrapper#fusion-portfolio-1 .fusion-portfolio-content{  text-align: center; }<\/style><div class=\"fusion-recent-works fusion-portfolio-element fusion-portfolio fusion-portfolio-1 fusion-portfolio-grid fusion-portfolio-paging-infinite fusion-portfolio-four fusion-portfolio-unboxed fusion-portfolio-text fusion-portfolio-equal-heights fusion-portfolio-rollover\" data-id=\"-rw-1\" data-columns=\"four\"><div role=\"menubar\"><ul class=\"fusion-filters\" role=\"menu\" aria-label=\"filtry\"><li role=\"menuitem\" class=\"fusion-filter fusion-filter-all fusion-active\"><a href=\"#\" data-filter=\"*\">Wszystko<\/a><\/li><li role=\"menuitem\" class=\"fusion-filter fusion-hidden\"><a href=\"#\" data-filter=\".coral-fleece-blanket\">Koc z polaru koralowego<\/a><\/li><\/ul><\/div><style type=\"text\/css\">.fusion-portfolio-1 .fusion-portfolio-wrapper .fusion-col-spacing{padding:10px;}<\/style><div class=\"fusion-portfolio-wrapper\" id=\"fusion-portfolio-1\" data-picturesize=\"auto\" data-pages=\"1\" style=\"margin:-10px;\"><article id=\"portfolio-1-post-2324\" class=\"fusion-portfolio-post coral-fleece-blanket fusion-col-spacing post-2324\"><div class=\"fusion-portfolio-content-wrapper\" style=\"border:none;\"><span class=\"vcard rich-snippet-hidden\"><span class=\"fn\"><a href=\"https:\/\/www.towelsports.com\/pl\/author\/bangze\/\" title=\"Wpisy od Bangze\" rel=\"author\">Bangze<\/a><\/span><\/span><span class=\"updated rich-snippet-hidden\">2022-06-05T22:05:21+08:00<\/span>\n\n<div  class=\"fusion-image-wrapper\" aria-haspopup=\"true\">\n\t\n\t\n\t\t\n\t\t\t\t\t<img decoding=\"async\" width=\"800\" height=\"800\" src=\"https:\/\/www.towelsports.com\/wp-content\/uploads\/2020\/05\/Custom-design-winter-plushy-luxury-quality-coral-fleece-blanket-home-use-3.jpg\" class=\"attachment-full size-full wp-post-image\" alt=\"\" srcset=\"https:\/\/www.towelsports.com\/wp-content\/uploads\/2020\/05\/Custom-design-winter-plushy-luxury-quality-coral-fleece-blanket-home-use-3-200x200.jpg 200w, https:\/\/www.towelsports.com\/wp-content\/uploads\/2020\/05\/Custom-design-winter-plushy-luxury-quality-coral-fleece-blanket-home-use-3-400x400.jpg 400w, https:\/\/www.towelsports.com\/wp-content\/uploads\/2020\/05\/Custom-design-winter-plushy-luxury-quality-coral-fleece-blanket-home-use-3-600x600.jpg 600w, https:\/\/www.towelsports.com\/wp-content\/uploads\/2020\/05\/Custom-design-winter-plushy-luxury-quality-coral-fleece-blanket-home-use-3.jpg 800w\" sizes=\"(min-width: 2200px) 100vw, (min-width: 856px) 260px, (min-width: 784px) 347px, (min-width: 712px) 520px, (min-width: 640px) 712px, \" \/>\n\t\n\n\t\t<div class=\"fusion-rollover\">\n\t<div class=\"fusion-rollover-content\">\n\n\t\t\t\t\t\t\t\t\t\t\t\t\t\t<a class=\"fusion-rollover-link\" href=\"https:\/\/www.towelsports.com\/pl\/portfolio-items\/custom-design-winter-plushy-luxury-quality-coral-fleece-blanket-home-use\/\">Zimowy, pluszowy, luksusowy koc z polaru koralowego, wykonany na zam\u00f3wienie, do u\u017cytku domowego<\/a>\n\t\t\t\n\t\t\t\t\t\t\t\t\t\t\t\t\t\t\n\t\t\t\t\t\t\t\t\n\t\t\t\t\t\t\t\t\t\t\t\t\t<div class=\"fusion-rollover-sep\"><\/div>\n\t\t\t\t\n\t\t\t\t\t\t\t\t\t\t\t\t\t\t\t\t\t\t<a class=\"fusion-rollover-gallery\" href=\"https:\/\/www.towelsports.com\/wp-content\/uploads\/2020\/05\/Custom-design-winter-plushy-luxury-quality-coral-fleece-blanket-home-use-3.jpg\" data-id=\"2324\" data-rel=\"iLightbox[gallery-rw-1]\" data-title=\"Custom design winter plushy luxury quality coral fleece blanket home use (3)\" data-caption=\"\">\n\t\t\t\t\t\tGaleria\t\t\t\t\t<\/a>\n\t\t\t\t\t\t\t\t\t\t\t\t\t\t\n\t\t\t\t\n\t\t\t\t\t\t\t\t\t\t\t\t<h4 class=\"fusion-rollover-title\">\n\t\t\t\t\t<a class=\"fusion-rollover-title-link\" href=\"https:\/\/www.towelsports.com\/pl\/portfolio-items\/custom-design-winter-plushy-luxury-quality-coral-fleece-blanket-home-use\/\">\n\t\t\t\t\t\tZimowy, pluszowy, luksusowy koc z polaru koralowego, wykonany na zam\u00f3wienie, do u\u017cytku domowego\t\t\t\t\t<\/a>\n\t\t\t\t<\/h4>\n\t\t\t\n\t\t\t\t\t\t\t\t\t\t\t\t\t\t<div class=\"fusion-rollover-categories\"><a href=\"https:\/\/www.towelsports.com\/pl\/portfolio_category\/coral-fleece-blanket\/\" rel=\"tag\">Koc z polaru koralowego<\/a><\/div>\t\t\t\t\t\n\t\t\n\t\t\t\t<a class=\"fusion-link-wrapper\" href=\"https:\/\/www.towelsports.com\/pl\/portfolio-items\/custom-design-winter-plushy-luxury-quality-coral-fleece-blanket-home-use\/\" aria-label=\"Zimowy, pluszowy, luksusowy koc z polaru koralowego, wykonany na zam\u00f3wienie, do u\u017cytku domowego\"><\/a>\n\t<\/div>\n<\/div>\n\n\t\n<\/div>\n<div class=\"fusion-portfolio-content\"><h2 class=\"entry-title fusion-post-title\"><a href=\"https:\/\/www.towelsports.com\/pl\/portfolio-items\/custom-design-winter-plushy-luxury-quality-coral-fleece-blanket-home-use\/\">Zimowy, pluszowy, luksusowy koc z polaru koralowego, wykonany na zam\u00f3wienie, do u\u017cytku domowego<\/a><\/h2><div class=\"fusion-post-content\"><p> Koc z polaru koralowego wykonany jest z poliestru i [...]<\/p><\/div><\/div><\/div><\/article><article id=\"portfolio-1-post-1303\" class=\"fusion-portfolio-post coral-fleece-blanket microfiber-towel fusion-col-spacing post-1303\"><div class=\"fusion-portfolio-content-wrapper\" style=\"border:none;\"><span class=\"vcard rich-snippet-hidden\"><span class=\"fn\"><a href=\"https:\/\/www.towelsports.com\/pl\/author\/bangze\/\" title=\"Wpisy od Bangze\" rel=\"author\">Bangze<\/a><\/span><\/span><span class=\"updated rich-snippet-hidden\">2020-12-16T16:46:47+08:00<\/span>\n\n<div  class=\"fusion-image-wrapper\" aria-haspopup=\"true\">\n\t\n\t\n\t\t\n\t\t\t\t\t<img decoding=\"async\" width=\"800\" height=\"800\" src=\"https:\/\/www.towelsports.com\/wp-content\/uploads\/2020\/04\/sublimation-printed-microfiber-coral-flannel-blanket-1.jpg\" class=\"attachment-full size-full wp-post-image\" alt=\"\" srcset=\"https:\/\/www.towelsports.com\/wp-content\/uploads\/2020\/04\/sublimation-printed-microfiber-coral-flannel-blanket-1-200x200.jpg 200w, https:\/\/www.towelsports.com\/wp-content\/uploads\/2020\/04\/sublimation-printed-microfiber-coral-flannel-blanket-1-400x400.jpg 400w, https:\/\/www.towelsports.com\/wp-content\/uploads\/2020\/04\/sublimation-printed-microfiber-coral-flannel-blanket-1-600x600.jpg 600w, https:\/\/www.towelsports.com\/wp-content\/uploads\/2020\/04\/sublimation-printed-microfiber-coral-flannel-blanket-1.jpg 800w\" sizes=\"(min-width: 2200px) 100vw, (min-width: 856px) 260px, (min-width: 784px) 347px, (min-width: 712px) 520px, (min-width: 640px) 712px, \" \/>\n\t\n\n\t\t<div class=\"fusion-rollover\">\n\t<div class=\"fusion-rollover-content\">\n\n\t\t\t\t\t\t\t\t\t\t\t\t\t\t<a class=\"fusion-rollover-link\" href=\"https:\/\/www.towelsports.com\/pl\/portfolio-items\/custom-sublimation-print-leopard-pattern-microfiber-coral-fleece-blanket-70x140cm-350gsm\/\">Niestandardowy nadruk sublimacyjny w panterk\u0119 z mikrofibry koralowy koc polarowy 70x140cm 350GSM<\/a>\n\t\t\t\n\t\t\t\t\t\t\t\t\t\t\t\t\t\t\n\t\t\t\t\t\t\t\t\n\t\t\t\t\t\t\t\t\t\t\t\t\t<div class=\"fusion-rollover-sep\"><\/div>\n\t\t\t\t\n\t\t\t\t\t\t\t\t\t\t\t\t\t\t\t\t\t\t<a class=\"fusion-rollover-gallery\" href=\"https:\/\/www.towelsports.com\/wp-content\/uploads\/2020\/04\/sublimation-printed-microfiber-coral-flannel-blanket-1.jpg\" data-id=\"1303\" data-rel=\"iLightbox[gallery-rw-1]\" data-title=\"sublimation printed microfiber coral flannel blanket (1)\" data-caption=\"\">\n\t\t\t\t\t\tGaleria\t\t\t\t\t<\/a>\n\t\t\t\t\t\t\t\t\t\t\t\t\t\t\n\t\t\t\t\n\t\t\t\t\t\t\t\t\t\t\t\t<h4 class=\"fusion-rollover-title\">\n\t\t\t\t\t<a class=\"fusion-rollover-title-link\" href=\"https:\/\/www.towelsports.com\/pl\/portfolio-items\/custom-sublimation-print-leopard-pattern-microfiber-coral-fleece-blanket-70x140cm-350gsm\/\">\n\t\t\t\t\t\tNiestandardowy nadruk sublimacyjny w panterk\u0119 z mikrofibry koralowy koc polarowy 70x140cm 350GSM\t\t\t\t\t<\/a>\n\t\t\t\t<\/h4>\n\t\t\t\n\t\t\t\t\t\t\t\t\t\t\t\t\t\t<div class=\"fusion-rollover-categories\"><a href=\"https:\/\/www.towelsports.com\/pl\/portfolio_category\/coral-fleece-blanket\/\" rel=\"tag\">Koc z polaru koralowego<\/a>, <a href=\"https:\/\/www.towelsports.com\/pl\/portfolio_category\/microfiber-towel\/\" rel=\"tag\">R\u0119cznik z mikrofibry<\/a><\/div>\t\t\t\t\t\n\t\t\n\t\t\t\t<a class=\"fusion-link-wrapper\" href=\"https:\/\/www.towelsports.com\/pl\/portfolio-items\/custom-sublimation-print-leopard-pattern-microfiber-coral-fleece-blanket-70x140cm-350gsm\/\" aria-label=\"Niestandardowy nadruk sublimacyjny w panterk\u0119 z mikrofibry koralowy koc polarowy 70x140cm 350GSM\"><\/a>\n\t<\/div>\n<\/div>\n\n\t\n<\/div>\n<div class=\"fusion-portfolio-content\"><h2 class=\"entry-title fusion-post-title\"><a href=\"https:\/\/www.towelsports.com\/pl\/portfolio-items\/custom-sublimation-print-leopard-pattern-microfiber-coral-fleece-blanket-70x140cm-350gsm\/\">Niestandardowy nadruk sublimacyjny w panterk\u0119 z mikrofibry koralowy koc polarowy 70x140cm 350GSM<\/a><\/h2><div class=\"fusion-post-content\"><p> Pe\u0142nowymiarowy koc z polaru koralowego z mikrofibry, z nadrukiem o wymiarach 60 x 120 cm, [...]<\/p><\/div><\/div><\/div><\/article><\/div><\/div><div class=\"fusion-clearfix\"><\/div><\/div><\/div><\/div><\/div>","protected":false},"excerpt":{"rendered":"","protected":false},"author":1,"featured_media":0,"parent":1025,"menu_order":0,"comment_status":"closed","ping_status":"closed","template":"","meta":{"footnotes":""},"class_list":["post-1083","page","type-page","status-publish","hentry"],"aioseo_notices":[],"_links":{"self":[{"href":"https:\/\/www.towelsports.com\/pl\/wp-json\/wp\/v2\/pages\/1083","targetHints":{"allow":["GET"]}}],"collection":[{"href":"https:\/\/www.towelsports.com\/pl\/wp-json\/wp\/v2\/pages"}],"about":[{"href":"https:\/\/www.towelsports.com\/pl\/wp-json\/wp\/v2\/types\/page"}],"author":[{"embeddable":true,"href":"https:\/\/www.towelsports.com\/pl\/wp-json\/wp\/v2\/users\/1"}],"replies":[{"embeddable":true,"href":"https:\/\/www.towelsports.com\/pl\/wp-json\/wp\/v2\/comments?post=1083"}],"version-history":[{"count":6,"href":"https:\/\/www.towelsports.com\/pl\/wp-json\/wp\/v2\/pages\/1083\/revisions"}],"predecessor-version":[{"id":2779,"href":"https:\/\/www.towelsports.com\/pl\/wp-json\/wp\/v2\/pages\/1083\/revisions\/2779"}],"up":[{"embeddable":true,"href":"https:\/\/www.towelsports.com\/pl\/wp-json\/wp\/v2\/pages\/1025"}],"wp:attachment":[{"href":"https:\/\/www.towelsports.com\/pl\/wp-json\/wp\/v2\/media?parent=1083"}],"curies":[{"name":"wp","href":"https:\/\/api.w.org\/{rel}","templated":true}]}}