{"id":2406,"date":"2020-09-21T14:37:57","date_gmt":"2020-09-21T06:37:57","guid":{"rendered":"https:\/\/www.towelsports.com\/?page_id=2406"},"modified":"2020-12-13T16:06:18","modified_gmt":"2020-12-13T08:06:18","slug":"warranty-policy","status":"publish","type":"page","link":"https:\/\/www.towelsports.com\/it\/warranty-policy\/","title":{"rendered":"Politica di garanzia"},"content":{"rendered":"<div class=\"fusion-fullwidth fullwidth-box fusion-builder-row-1 fusion-flex-container nonhundred-percent-fullwidth non-hundred-percent-height-scrolling\" style=\"background-color: rgba(255,255,255,0);background-position: center center;background-repeat: no-repeat;border-width: 0px 0px 0px 0px;border-color:#eae9e9;border-style:solid;\" ><div class=\"fusion-builder-row fusion-row fusion-flex-align-items-flex-start\" style=\"max-width:1144px;margin-left: calc(-4% \/ 2 );margin-right: calc(-4% \/ 2 );\"><div class=\"fusion-layout-column fusion_builder_column fusion-builder-column-0 fusion_builder_column_1_1 1_1 fusion-flex-column\"><div class=\"fusion-column-wrapper fusion-flex-justify-content-flex-start fusion-content-layout-column\" style=\"background-position:left top;background-repeat:no-repeat;-webkit-background-size:cover;-moz-background-size:cover;-o-background-size:cover;background-size:cover;padding: 0px 0px 0px 0px;\"><div class=\"fusion-text fusion-text-1\"><h3 data-sr-id=\"1\"><span style=\"color: #000080;\">PERCH\u00c9 BANGZE TEXTILE?<\/span><\/h3>\n<hr \/>\n<p>Mio nonno era un uomo duro ma affettuoso. Era anche un grande amante dello sport e ha vissuto fino alla fine degli 80 anni.<\/p>\n<p>Da bambino, con passione e gentilezza, mi ha insegnato le basi del cucito, del taglio, della tintura dei tessuti e della produzione di asciugamani di buona qualit\u00e0.<\/p>\n<p>Spesso usava solo i migliori asciugamani in tessuto super assorbenti, comodi e morbidi. Diceva &quot;Il segreto per realizzare un buon asciugamano sta nel filato di cotone di buona materia prima, morbido e salutare per la nostra pelle e per il nostro corpo, e negli ingredienti di tintura ECO-compatibili, stampati con motivi di buona qualit\u00e0&quot;. Soprattutto, mi ha insegnato a essere sempre onesto, gentile, disponibile e appassionato per tutti. \u00c8 questa filosofia per mio nonno che mi ha ispirato a creare il mio marchio BANGZE TEXTILE.<\/p>\n<p>Non porter\u00f2 mai un asciugamano che io stesso non user\u00f2, questa \u00e8 la mia promessa a voi. A tutti i bangze textile e agli uomini che li sostengono amorevolmente, auguro il meglio.<\/p>\n<h3><span style=\"color: #000080;\">GARANZIA DEL PRODOTTO<\/span><\/h3>\n<hr \/>\n<p>Siamo lieti di offrire una garanzia di soddisfazione 100%, sia che si tratti dell&#039;invio di un prodotto sostitutivo, sia che si accetti il reso e si emetta un rimborso.<\/p>\n<p>GUANGZHOU BANGZE TEXTILE COMPANY garantisce il prodotto per un periodo di un anno dalla data di acquisto se il prodotto \u00e8 ritenuto difettoso per fabbricazione. Tutti gli asciugamani in cotone e in microfibra hanno una garanzia di 12 mesi dalla data di acquisto.<\/p>\n<p>In caso di reclamo, vi preghiamo di contattarci via email all&#039;indirizzo<strong><span style=\"font-size: 14pt;\"> <a href=\"mailto:info@towelsports.com,\"><u>info@towelsports.com\u00a0<\/u><\/a><\/span><u><\/u><\/strong>o chiamaci al<strong><span style=\"font-size: 14pt;\"> 0086 13539770702 <\/span><u><\/u><\/strong>risolveremo il tuo problema entro 48 ore.<\/p>\n<p>La garanzia non copre i danni dovuti a incidenti, negligenza o uso improprio dei prodotti, n\u00e9 le spese di trasporto e di comunicazione.<\/p>\n<\/div><\/div><\/div><style type=\"text\/css\">.fusion-body .fusion-builder-column-0{width:100% !important;margin-top : 0px;margin-bottom : 20px;}.fusion-builder-column-0 > .fusion-column-wrapper {padding-top : 0px !important;padding-right : 0px !important;margin-right : 1.92%;padding-bottom : 0px !important;padding-left : 0px !important;margin-left : 1.92%;}@media only screen and (max-width:1024px) {.fusion-body .fusion-builder-column-0{width:100% !important;order : 0;}.fusion-builder-column-0 > .fusion-column-wrapper {margin-right : 1.92%;margin-left : 1.92%;}}@media only screen and (max-width:640px) {.fusion-body .fusion-builder-column-0{width:100% !important;order : 0;}.fusion-builder-column-0 > .fusion-column-wrapper {margin-right : 1.92%;margin-left : 1.92%;}}<\/style><\/div><style type=\"text\/css\">.fusion-body .fusion-flex-container.fusion-builder-row-1{ padding-top : 0px;margin-top : 0px;padding-right : 0px;padding-bottom : 0px;margin-bottom : 0px;padding-left : 0px;}<\/style><\/div>","protected":false},"excerpt":{"rendered":"","protected":false},"author":1,"featured_media":0,"parent":0,"menu_order":0,"comment_status":"closed","ping_status":"closed","template":"100-width.php","meta":{"footnotes":""},"class_list":["post-2406","page","type-page","status-publish","hentry"],"aioseo_notices":[],"_links":{"self":[{"href":"https:\/\/www.towelsports.com\/it\/wp-json\/wp\/v2\/pages\/2406","targetHints":{"allow":["GET"]}}],"collection":[{"href":"https:\/\/www.towelsports.com\/it\/wp-json\/wp\/v2\/pages"}],"about":[{"href":"https:\/\/www.towelsports.com\/it\/wp-json\/wp\/v2\/types\/page"}],"author":[{"embeddable":true,"href":"https:\/\/www.towelsports.com\/it\/wp-json\/wp\/v2\/users\/1"}],"replies":[{"embeddable":true,"href":"https:\/\/www.towelsports.com\/it\/wp-json\/wp\/v2\/comments?post=2406"}],"version-history":[{"count":5,"href":"https:\/\/www.towelsports.com\/it\/wp-json\/wp\/v2\/pages\/2406\/revisions"}],"predecessor-version":[{"id":2441,"href":"https:\/\/www.towelsports.com\/it\/wp-json\/wp\/v2\/pages\/2406\/revisions\/2441"}],"wp:attachment":[{"href":"https:\/\/www.towelsports.com\/it\/wp-json\/wp\/v2\/media?parent=2406"}],"curies":[{"name":"wp","href":"https:\/\/api.w.org\/{rel}","templated":true}]}}