{"id":1083,"date":"2020-04-19T22:38:59","date_gmt":"2020-04-19T14:38:59","guid":{"rendered":"https:\/\/www.towelsports.com\/?page_id=1083"},"modified":"2020-12-16T23:00:19","modified_gmt":"2020-12-16T15:00:19","slug":"coral-fleece-blanket","status":"publish","type":"page","link":"https:\/\/www.towelsports.com\/it\/products\/microfiber-towel\/coral-fleece-blanket\/","title":{"rendered":"Coperta in pile corallo"},"content":{"rendered":"<div class=\"fusion-fullwidth fullwidth-box fusion-builder-row-1 nonhundred-percent-fullwidth non-hundred-percent-height-scrolling\" style=\"background-color: rgba(255,255,255,0);background-position: center center;background-repeat: no-repeat;padding-top:0px;padding-right:0px;padding-bottom:0px;padding-left:0px;margin-bottom: 0px;margin-top: 0px;border-width: 0px 0px 0px 0px;border-color:#eae9e9;border-style:solid;\" ><div class=\"fusion-builder-row fusion-row\"><div class=\"fusion-layout-column fusion_builder_column fusion-builder-column-0 fusion_builder_column_1_1 1_1 fusion-one-full fusion-column-first fusion-column-last\" style=\"margin-top:0px;margin-bottom:20px;\"><div class=\"fusion-column-wrapper fusion-flex-column-wrapper-legacy\" style=\"background-position:left top;background-repeat:no-repeat;-webkit-background-size:cover;-moz-background-size:cover;-o-background-size:cover;background-size:cover;padding: 0px 0px 0px 0px;\"><div class=\"fusion-text fusion-text-1\"><h2><span style=\"color: #000080; font-size: 18pt;\">Coperta in pile di corallo di alta qualit\u00e0 per aereo e produttore di viaggi per dormire<\/span><\/h2>\n<p><span style=\"font-size: 12pt;\">Coperta in pile di corallo in microfibra di alta qualit\u00e0 per la vendita all&#039;ingrosso dal produttore cinese, fornitore a prezzi convenienti. Bangze textile ha progettato coperte in pile di corallo super morbide in poliestere 80% e poliammide 20% per adulti e bambini, motivo grafico personalizzato cucito con filo buono e stretto, due diversi tipi di bordo di cucitura angolo arrotondato e angolo rettangolare. Sono disponibili in vari stili e colori, nonch\u00e9 alcuni anelli opzionali per appenderli al muro. \u00c8 una buona coperta per stare al caldo quando si riscalda la TV nel letto matrimoniale o si sta sul divano in inverno. Gli ordini personalizzati di coperte in pile di corallo sono molto apprezzati.<\/span><\/p>\n<p><span style=\"font-size: 12pt;\">Le coperte sono anche ampiamente utilizzate per aerei, camere con aria condizionata e viaggi quando si dorme. La super morbidezza e la consistenza del tessuto di peluche e la dimensione 75x100cm senza pelucchi possono essere personalizzate. Forniamo una soluzione &quot;end-to-end&quot; per le tue esigenze di coperte, contattaci per ottenere un&#039;offerta e un campione.<\/span><\/p>\n<p><span style=\"color: #000080;\"><strong><span style=\"font-size: 18pt;\">Qual \u00e8 la coperta migliore da utilizzare in una stanza con aria condizionata?<\/span><\/strong><\/span><\/p>\n<p>La coperta in pile di corallo \u00e8 un tipo di biancheria da letto comunemente usata, che ha la funzione di tenere al caldo ed \u00e8 pi\u00f9 sottile di una trapunta. Ci sono tessuti di lana morbidi e morbidi su entrambi i lati e la superficie ha una ricca felpa, che ha propriet\u00e0 di isolamento termico. La coperta pu\u00f2 anche essere usata come decorazione come copriletti e arazzi. In base al metodo di tessitura, le coperte sono divise in tessitura organica, tufting, ordito a maglia, punzonatura ad ago, cucitura e cos\u00ec via. Le coperte di fantasia comuni includono jacquard, colori stampati e semplici, che sono elastici e caldi e hanno una consistenza spessa. Utilizzate principalmente come copriletti, trapunte per aria condizionata, trapunte per divani, doppie come decorazioni come copriletti o arazzi, con vari motivi e colori.<\/p>\n<p><strong><span style=\"font-size: 18pt; color: #000080;\">Quali sono i vantaggi delle coperte in pile corallo?<\/span><\/strong><\/p>\n<p>1. In inverno, pu\u00f2 essere utilizzato come coperta e caldo quilt raschel. Sdraiandoti su di esso ti far\u00e0 dimenticare tutte le tue preoccupazioni e il freddo, ed entrerai immediatamente in uno stato caldo. Puoi dormire fino all&#039;alba. Pertanto, la coperta raschel pu\u00f2 aiutarti a migliorare la qualit\u00e0 del tuo sonno.<br \/>\n2. Primavera e autunno possono essere usati come trapunte sottili. Sono morbidi senza perdere la loro funzione di calore, ma sono aderenti al corpo ma abbastanza traspiranti. Sono una biancheria da letto rara.<br \/>\n3. Summer \u00e8 una trapunta estiva ideale (l&#039;estate a doppio strato non \u00e8 adatta). Sebbene sia morbida al tatto, anche il raschel spesso \u00e8 abbastanza traspirante e comodo da coprire. Molto adatta per dormire nuda!<br \/>\n4. I suoi vantaggi sono eccezionali: la mano \u00e8 molto confortevole e morbida, la fibra \u00e8 delicata, non perde peli, \u00e8 calda e traspirante, tinta digitalmente, il colore \u00e8 brillante e non sbiadisce, grazie al processo unico della flanella, \u00e8 pi\u00f9 spessa e pi\u00f9 stretta delle normali coperte e le sue prestazioni di ritenzione del calore sono uniche<br \/>\n5. Modelli e dimensioni possono essere personalizzati in piccoli lotti in base alle esigenze del cliente<\/p>\n<p><strong><span style=\"font-size: 18pt; color: #000080;\">Cura del lavaggio<\/span><\/strong><\/p>\n<p>Le coperte in pile corallo si macchiano facilmente e si aspirano facilmente, quindi lavale frequentemente. Il metodo di lavaggio corretto \u00e8 immergerle in acqua fredda per 30 minuti, quindi immergerle in una soluzione di scaglie di sapone neutro a 40\uff5e50\u2103, continuare a girarle ed evitare di strofinarle troppo forte per evitare che si formino palline. Utilizzare acqua pulita per 15 minuti, strizzare per eliminare l&#039;acqua e lasciare asciugare naturalmente. Quando \u00e8 asciutta per met\u00e0, scuotere la coperta per alcuni minuti per allentare la lanugine, quindi continuare ad asciugare fino a quando non \u00e8 asciutta.<\/p>\n<\/div><div class=\"fusion-sep-clear\"><\/div><div class=\"fusion-separator fusion-has-icon fusion-full-width-sep\" style=\"margin-left: auto;margin-right: auto;margin-bottom:30px;width:100%;\"><div class=\"fusion-separator-border sep-single sep-dotted\" style=\"border-color:#8bc34a;border-top-width:3px;\"><\/div><span class=\"icon-wrapper\" style=\"border-color:#8bc34a;background-color:#ff9800;font-size:16px;width: 1.75em; height: 1.75em;border-width:3px;padding:3px;margin-top:-1.5px\"><i class=\"fa fa-chevron-down\" style=\"font-size: inherit;color:#8bc34a;\" aria-hidden=\"true\"><\/i><\/span><div class=\"fusion-separator-border sep-single sep-dotted\" style=\"border-color:#8bc34a;border-top-width:3px;\"><\/div><\/div><div class=\"fusion-sep-clear\"><\/div><style type=\"text\/css\">.fusion-portfolio-wrapper#fusion-portfolio-1 .fusion-portfolio-content{  text-align: center; }<\/style><div class=\"fusion-recent-works fusion-portfolio-element fusion-portfolio fusion-portfolio-1 fusion-portfolio-grid fusion-portfolio-paging-infinite fusion-portfolio-four fusion-portfolio-unboxed fusion-portfolio-text fusion-portfolio-equal-heights fusion-portfolio-rollover\" data-id=\"-rw-1\" data-columns=\"four\"><div role=\"menubar\"><ul class=\"fusion-filters\" role=\"menu\" aria-label=\"filtri\"><li role=\"menuitem\" class=\"fusion-filter fusion-filter-all fusion-active\"><a href=\"#\" data-filter=\"*\">Tutto<\/a><\/li><li role=\"menuitem\" class=\"fusion-filter fusion-hidden\"><a href=\"#\" data-filter=\".coral-fleece-blanket\">Coperta in pile corallo<\/a><\/li><\/ul><\/div><style type=\"text\/css\">.fusion-portfolio-1 .fusion-portfolio-wrapper .fusion-col-spacing{padding:10px;}<\/style><div class=\"fusion-portfolio-wrapper\" id=\"fusion-portfolio-1\" data-picturesize=\"auto\" data-pages=\"1\" style=\"margin:-10px;\"><article id=\"portfolio-1-post-2324\" class=\"fusion-portfolio-post coral-fleece-blanket fusion-col-spacing post-2324\"><div class=\"fusion-portfolio-content-wrapper\" style=\"border:none;\"><span class=\"vcard rich-snippet-hidden\"><span class=\"fn\"><a href=\"https:\/\/www.towelsports.com\/it\/author\/bangze\/\" title=\"Articoli scritti da Bangze\" rel=\"author\">Bangze<\/a><\/span><\/span><span class=\"updated rich-snippet-hidden\">2022-06-05T22:05:21+08:00<\/span>\n\n<div  class=\"fusion-image-wrapper\" aria-haspopup=\"true\">\n\t\n\t\n\t\t\n\t\t\t\t\t<img decoding=\"async\" width=\"800\" height=\"800\" src=\"https:\/\/www.towelsports.com\/wp-content\/uploads\/2020\/05\/Custom-design-winter-plushy-luxury-quality-coral-fleece-blanket-home-use-3.jpg\" class=\"attachment-full size-full wp-post-image\" alt=\"\" srcset=\"https:\/\/www.towelsports.com\/wp-content\/uploads\/2020\/05\/Custom-design-winter-plushy-luxury-quality-coral-fleece-blanket-home-use-3-200x200.jpg 200w, https:\/\/www.towelsports.com\/wp-content\/uploads\/2020\/05\/Custom-design-winter-plushy-luxury-quality-coral-fleece-blanket-home-use-3-400x400.jpg 400w, https:\/\/www.towelsports.com\/wp-content\/uploads\/2020\/05\/Custom-design-winter-plushy-luxury-quality-coral-fleece-blanket-home-use-3-600x600.jpg 600w, https:\/\/www.towelsports.com\/wp-content\/uploads\/2020\/05\/Custom-design-winter-plushy-luxury-quality-coral-fleece-blanket-home-use-3.jpg 800w\" sizes=\"(min-width: 2200px) 100vw, (min-width: 856px) 260px, (min-width: 784px) 347px, (min-width: 712px) 520px, (min-width: 640px) 712px, \" \/>\n\t\n\n\t\t<div class=\"fusion-rollover\">\n\t<div class=\"fusion-rollover-content\">\n\n\t\t\t\t\t\t\t\t\t\t\t\t\t\t<a class=\"fusion-rollover-link\" href=\"https:\/\/www.towelsports.com\/it\/portfolio-items\/custom-design-winter-plushy-luxury-quality-coral-fleece-blanket-home-use\/\">Coperta invernale in pile di corallo di qualit\u00e0 di lusso dal design personalizzato, per uso domestico<\/a>\n\t\t\t\n\t\t\t\t\t\t\t\t\t\t\t\t\t\t\n\t\t\t\t\t\t\t\t\n\t\t\t\t\t\t\t\t\t\t\t\t\t<div class=\"fusion-rollover-sep\"><\/div>\n\t\t\t\t\n\t\t\t\t\t\t\t\t\t\t\t\t\t\t\t\t\t\t<a class=\"fusion-rollover-gallery\" href=\"https:\/\/www.towelsports.com\/wp-content\/uploads\/2020\/05\/Custom-design-winter-plushy-luxury-quality-coral-fleece-blanket-home-use-3.jpg\" data-id=\"2324\" data-rel=\"iLightbox[gallery-rw-1]\" data-title=\"Custom design winter plushy luxury quality coral fleece blanket home use (3)\" data-caption=\"\">\n\t\t\t\t\t\tGalleria\t\t\t\t\t<\/a>\n\t\t\t\t\t\t\t\t\t\t\t\t\t\t\n\t\t\t\t\n\t\t\t\t\t\t\t\t\t\t\t\t<h4 class=\"fusion-rollover-title\">\n\t\t\t\t\t<a class=\"fusion-rollover-title-link\" href=\"https:\/\/www.towelsports.com\/it\/portfolio-items\/custom-design-winter-plushy-luxury-quality-coral-fleece-blanket-home-use\/\">\n\t\t\t\t\t\tCoperta invernale in pile di corallo di qualit\u00e0 di lusso dal design personalizzato, per uso domestico\t\t\t\t\t<\/a>\n\t\t\t\t<\/h4>\n\t\t\t\n\t\t\t\t\t\t\t\t\t\t\t\t\t\t<div class=\"fusion-rollover-categories\"><a href=\"https:\/\/www.towelsports.com\/it\/portfolio_category\/coral-fleece-blanket\/\" rel=\"tag\">Coperta in pile corallo<\/a><\/div>\t\t\t\t\t\n\t\t\n\t\t\t\t<a class=\"fusion-link-wrapper\" href=\"https:\/\/www.towelsports.com\/it\/portfolio-items\/custom-design-winter-plushy-luxury-quality-coral-fleece-blanket-home-use\/\" aria-label=\"Coperta invernale in pile di corallo di qualit\u00e0 di lusso dal design personalizzato, per uso domestico\"><\/a>\n\t<\/div>\n<\/div>\n\n\t\n<\/div>\n<div class=\"fusion-portfolio-content\"><h2 class=\"entry-title fusion-post-title\"><a href=\"https:\/\/www.towelsports.com\/it\/portfolio-items\/custom-design-winter-plushy-luxury-quality-coral-fleece-blanket-home-use\/\">Coperta invernale in pile di corallo di qualit\u00e0 di lusso dal design personalizzato, per uso domestico<\/a><\/h2><div class=\"fusion-post-content\"><p> La coperta in pile corallo \u00e8 realizzata in poliestere e [...]<\/p><\/div><\/div><\/div><\/article><article id=\"portfolio-1-post-1303\" class=\"fusion-portfolio-post coral-fleece-blanket microfiber-towel fusion-col-spacing post-1303\"><div class=\"fusion-portfolio-content-wrapper\" style=\"border:none;\"><span class=\"vcard rich-snippet-hidden\"><span class=\"fn\"><a href=\"https:\/\/www.towelsports.com\/it\/author\/bangze\/\" title=\"Articoli scritti da Bangze\" rel=\"author\">Bangze<\/a><\/span><\/span><span class=\"updated rich-snippet-hidden\">2020-12-16T16:46:47+08:00<\/span>\n\n<div  class=\"fusion-image-wrapper\" aria-haspopup=\"true\">\n\t\n\t\n\t\t\n\t\t\t\t\t<img decoding=\"async\" width=\"800\" height=\"800\" src=\"https:\/\/www.towelsports.com\/wp-content\/uploads\/2020\/04\/sublimation-printed-microfiber-coral-flannel-blanket-1.jpg\" class=\"attachment-full size-full wp-post-image\" alt=\"\" srcset=\"https:\/\/www.towelsports.com\/wp-content\/uploads\/2020\/04\/sublimation-printed-microfiber-coral-flannel-blanket-1-200x200.jpg 200w, https:\/\/www.towelsports.com\/wp-content\/uploads\/2020\/04\/sublimation-printed-microfiber-coral-flannel-blanket-1-400x400.jpg 400w, https:\/\/www.towelsports.com\/wp-content\/uploads\/2020\/04\/sublimation-printed-microfiber-coral-flannel-blanket-1-600x600.jpg 600w, https:\/\/www.towelsports.com\/wp-content\/uploads\/2020\/04\/sublimation-printed-microfiber-coral-flannel-blanket-1.jpg 800w\" sizes=\"(min-width: 2200px) 100vw, (min-width: 856px) 260px, (min-width: 784px) 347px, (min-width: 712px) 520px, (min-width: 640px) 712px, \" \/>\n\t\n\n\t\t<div class=\"fusion-rollover\">\n\t<div class=\"fusion-rollover-content\">\n\n\t\t\t\t\t\t\t\t\t\t\t\t\t\t<a class=\"fusion-rollover-link\" href=\"https:\/\/www.towelsports.com\/it\/portfolio-items\/custom-sublimation-print-leopard-pattern-microfiber-coral-fleece-blanket-70x140cm-350gsm\/\">Coperta in pile corallo in microfibra con stampa sublimatica personalizzata con motivo leopardato 70x140 cm 350 GSM<\/a>\n\t\t\t\n\t\t\t\t\t\t\t\t\t\t\t\t\t\t\n\t\t\t\t\t\t\t\t\n\t\t\t\t\t\t\t\t\t\t\t\t\t<div class=\"fusion-rollover-sep\"><\/div>\n\t\t\t\t\n\t\t\t\t\t\t\t\t\t\t\t\t\t\t\t\t\t\t<a class=\"fusion-rollover-gallery\" href=\"https:\/\/www.towelsports.com\/wp-content\/uploads\/2020\/04\/sublimation-printed-microfiber-coral-flannel-blanket-1.jpg\" data-id=\"1303\" data-rel=\"iLightbox[gallery-rw-1]\" data-title=\"sublimation printed microfiber coral flannel blanket (1)\" data-caption=\"\">\n\t\t\t\t\t\tGalleria\t\t\t\t\t<\/a>\n\t\t\t\t\t\t\t\t\t\t\t\t\t\t\n\t\t\t\t\n\t\t\t\t\t\t\t\t\t\t\t\t<h4 class=\"fusion-rollover-title\">\n\t\t\t\t\t<a class=\"fusion-rollover-title-link\" href=\"https:\/\/www.towelsports.com\/it\/portfolio-items\/custom-sublimation-print-leopard-pattern-microfiber-coral-fleece-blanket-70x140cm-350gsm\/\">\n\t\t\t\t\t\tCoperta in pile corallo in microfibra con stampa sublimatica personalizzata con motivo leopardato 70x140 cm 350 GSM\t\t\t\t\t<\/a>\n\t\t\t\t<\/h4>\n\t\t\t\n\t\t\t\t\t\t\t\t\t\t\t\t\t\t<div class=\"fusion-rollover-categories\"><a href=\"https:\/\/www.towelsports.com\/it\/portfolio_category\/coral-fleece-blanket\/\" rel=\"tag\">Coperta in pile corallo<\/a>, <a href=\"https:\/\/www.towelsports.com\/it\/portfolio_category\/microfiber-towel\/\" rel=\"tag\">Asciugamano in microfibra<\/a><\/div>\t\t\t\t\t\n\t\t\n\t\t\t\t<a class=\"fusion-link-wrapper\" href=\"https:\/\/www.towelsports.com\/it\/portfolio-items\/custom-sublimation-print-leopard-pattern-microfiber-coral-fleece-blanket-70x140cm-350gsm\/\" aria-label=\"Coperta in pile corallo in microfibra con stampa sublimatica personalizzata con motivo leopardato 70x140 cm 350 GSM\"><\/a>\n\t<\/div>\n<\/div>\n\n\t\n<\/div>\n<div class=\"fusion-portfolio-content\"><h2 class=\"entry-title fusion-post-title\"><a href=\"https:\/\/www.towelsports.com\/it\/portfolio-items\/custom-sublimation-print-leopard-pattern-microfiber-coral-fleece-blanket-70x140cm-350gsm\/\">Coperta in pile corallo in microfibra con stampa sublimatica personalizzata con motivo leopardato 70x140 cm 350 GSM<\/a><\/h2><div class=\"fusion-post-content\"><p> Coperta in pile corallo in microfibra stampata a grandezza naturale 60x120 cm [...]<\/p><\/div><\/div><\/div><\/article><\/div><\/div><div class=\"fusion-clearfix\"><\/div><\/div><\/div><\/div><\/div>","protected":false},"excerpt":{"rendered":"","protected":false},"author":1,"featured_media":0,"parent":1025,"menu_order":0,"comment_status":"closed","ping_status":"closed","template":"","meta":{"footnotes":""},"class_list":["post-1083","page","type-page","status-publish","hentry"],"aioseo_notices":[],"_links":{"self":[{"href":"https:\/\/www.towelsports.com\/it\/wp-json\/wp\/v2\/pages\/1083","targetHints":{"allow":["GET"]}}],"collection":[{"href":"https:\/\/www.towelsports.com\/it\/wp-json\/wp\/v2\/pages"}],"about":[{"href":"https:\/\/www.towelsports.com\/it\/wp-json\/wp\/v2\/types\/page"}],"author":[{"embeddable":true,"href":"https:\/\/www.towelsports.com\/it\/wp-json\/wp\/v2\/users\/1"}],"replies":[{"embeddable":true,"href":"https:\/\/www.towelsports.com\/it\/wp-json\/wp\/v2\/comments?post=1083"}],"version-history":[{"count":6,"href":"https:\/\/www.towelsports.com\/it\/wp-json\/wp\/v2\/pages\/1083\/revisions"}],"predecessor-version":[{"id":2779,"href":"https:\/\/www.towelsports.com\/it\/wp-json\/wp\/v2\/pages\/1083\/revisions\/2779"}],"up":[{"embeddable":true,"href":"https:\/\/www.towelsports.com\/it\/wp-json\/wp\/v2\/pages\/1025"}],"wp:attachment":[{"href":"https:\/\/www.towelsports.com\/it\/wp-json\/wp\/v2\/media?parent=1083"}],"curies":[{"name":"wp","href":"https:\/\/api.w.org\/{rel}","templated":true}]}}