{"id":37,"date":"2018-04-05T13:38:25","date_gmt":"2018-04-05T05:38:25","guid":{"rendered":"https:\/\/www.towelsports.com\/?page_id=37"},"modified":"2020-12-14T22:37:36","modified_gmt":"2020-12-14T14:37:36","slug":"faq-2","status":"publish","type":"page","link":"https:\/\/www.towelsports.com\/fr\/faq-2\/","title":{"rendered":"FAQ"},"content":{"rendered":"<p><div class=\"fusion-fullwidth fullwidth-box fusion-builder-row-1 fusion-parallax-none nonhundred-percent-fullwidth non-hundred-percent-height-scrolling\" style=\"background-color: #ffffff;background-image: url(&quot;https:\/\/www.towelsports.com\/wp-content\/uploads\/2018\/04\/FAQ.jpeg&quot;);background-position: center center;background-repeat: no-repeat;padding-top:300px;padding-right:300px;padding-bottom:0px;padding-left:0px;margin-bottom: 0px;margin-top: -50px;border-width: 0px 0px 0px 0px;border-color:#eae9e9;border-style:solid;-webkit-background-size:cover;-moz-background-size:cover;-o-background-size:cover;background-size:cover;\" ><div class=\"fusion-builder-row fusion-row\"><div class=\"fusion-layout-column fusion_builder_column fusion-builder-column-0 fusion_builder_column_1_1 1_1 fusion-one-full fusion-column-first fusion-column-last\" style=\"margin-top:0px;margin-bottom:20px;\"><div class=\"fusion-column-wrapper fusion-flex-column-wrapper-legacy\" style=\"background-position:left top;background-repeat:no-repeat;-webkit-background-size:cover;-moz-background-size:cover;-o-background-size:cover;background-size:cover;padding: 0px 0px 0px 0px;\"><div class=\"fusion-clearfix\"><\/div><\/div><\/div><\/div><\/div><div class=\"fusion-fullwidth fullwidth-box fusion-builder-row-2 nonhundred-percent-fullwidth non-hundred-percent-height-scrolling\" style=\"background-color: rgba(221,221,221,0.98);background-position: center center;background-repeat: no-repeat;padding-top:0px;padding-right:0px;padding-bottom:0px;padding-left:0px;margin-bottom: 0px;margin-top: 0px;border-width: 0px 0px 0px 0px;border-color:#eae9e9;border-style:solid;\" ><div class=\"fusion-builder-row fusion-row\"><div class=\"fusion-layout-column fusion_builder_column fusion-builder-column-1 fusion_builder_column_1_1 1_1 fusion-one-full fusion-column-first fusion-column-last\" style=\"margin-top:0px;margin-bottom:20px;\"><div class=\"fusion-column-wrapper fusion-flex-column-wrapper-legacy\" style=\"background-position:left top;background-repeat:no-repeat;-webkit-background-size:cover;-moz-background-size:cover;-o-background-size:cover;background-size:cover;padding: 0px 0px 0px 0px;\"><div class=\"fusion-sep-clear\"><\/div><div class=\"fusion-separator fusion-full-width-sep\" style=\"margin-left: auto;margin-right: auto;margin-top:60px;width:100%;\"><div class=\"fusion-separator-border sep-double\" style=\"border-color:#e0dede;border-top-width:1px;border-bottom-width:1px;\"><\/div><\/div><div class=\"fusion-sep-clear\"><\/div><div class=\"fusion-text fusion-text-1\"><p style=\"text-align: center;\"><span style=\"color: #000080;\"><strong><span style=\"font-size: 24px;\">FAQ pour l&#039;entreprise<\/span><\/strong><\/span><\/p>\n<p><span style=\"color: #000080;\"><strong>Q : Comment est la marque BANGZE ?<\/strong><\/span><\/p>\n<p>Bangze est le c\u00e9l\u00e8bre fabricant de serviettes de marque Top 10 en Chine, poss\u00e8de\u00a0:<\/p>\n<p>-10 ans d&#039;exp\u00e9rience dans la fabrication de serviettes.<\/p>\n<p>-Usine de 15 000 m\u00e8tres carr\u00e9s<\/p>\n<p>-12 mois de garantie<\/p>\n<p><span style=\"color: #000080;\"><strong>Q : Quelles certifications poss\u00e9dez-vous ?<\/strong><\/span><\/p>\n<p>Contr\u00f4le de qualit\u00e9 ISO9001, AZO et 100% et tests durables avant chaque exp\u00e9dition.<\/p>\n<p><span style=\"color: #000080;\"><strong>Q : Quelle est la garantie des produits Bangze ?<\/strong><\/span><\/p>\n<p>12 mois de garantie (gratuitement) pour tous les produits standard Bangze.<\/p>\n<p>La maintenance \u00e0 vie sera fournie apr\u00e8s l&#039;expiration de la p\u00e9riode de garantie de 2 ans.<\/p>\n<p><span style=\"color: #000080;\"><strong>Q\u00a0:\u00a0Quels sont vos modes de paiement\u00a0?<\/strong><\/span><\/p>\n<p>Acceptez les paiements par virement bancaire TT, Western Union, Money Gram et Paypal.<\/p>\n<p>Acceptez L\/C \u00e0 vue (commande group\u00e9e).<\/p>\n<p><span style=\"color: #000080;\"><strong>Q\u00a0: Dans quelle mesure votre temps de production est-il\u00a0?<\/strong><\/span><\/p>\n<p>3 \u00e0 10 jours ouvrables pour la commande d&#039;\u00e9chantillon.<\/p>\n<p>20-25 jours ouvrables pour la commande group\u00e9e.<\/p>\n<p><span style=\"color: #000080;\"><strong>Q\u00a0:\u00a0Quel est votre mode d\u2019exp\u00e9dition\u00a0?<\/strong><\/span><\/p>\n<p>3 \u00e0 5 jours par courrier express \u00e0 votre porte.<\/p>\n<p>3 \u00e0 5 jours en avion jusqu&#039;\u00e0 l&#039;a\u00e9roport le plus proche.<\/p>\n<p>18 \u00e0 35 jours par mer jusqu&#039;au port maritime le plus proche.<\/p>\n<p style=\"text-align: center;\"><span style=\"color: #000080;\"><strong><span style=\"font-size: 24px;\">FAQ pour les produits<\/span><\/strong><\/span><\/p>\n<p><span style=\"color: #000080;\"><strong>Q\u00a0: Quel type de solutions de serviettes pouvez-vous fournir\u00a0?<\/strong><\/span><\/p>\n<p>Bangze fournit des serviettes pour les voyages, le sport, le fitness, le yoga, la vente promotionnelle de toutes les serviettes de sport.<\/p>\n<p><span style=\"color: #000080;\"><strong>Q\u00a0: Est-il possible de personnaliser les commandes sp\u00e9ciales\u00a0?<\/strong><\/span><\/p>\n<p>Oui, Bangze prend en charge la production de serviettes en fonction de votre conception et de votre mat\u00e9riau.<\/p>\n<p><span style=\"color: #000080;\"><strong>Q : Quel type de mat\u00e9riel utilisez-vous ?<\/strong><\/span><\/p>\n<p>Coton 100%, Microfibre polyester 80% et polyamide 20%.<\/p>\n<p><span style=\"color: #000080;\"><strong>Q : Quel logo pouvez-vous ajouter sur votre serviette ?<\/strong><\/span><\/p>\n<p>Logo brod\u00e9, logo s\u00e9rigraphi\u00e9, logo gaufr\u00e9 et logo imprim\u00e9 par sublimation<\/p>\n<p><span style=\"color: #000080;\"><strong>Q\u00a0: Votre serviette peut-elle avoir une couleur de bord diff\u00e9rente de la couleur du tissu\u00a0?<\/strong><\/span><\/p>\n<p>Oui, c&#039;est une m\u00e9thode populaire et cool.<\/p>\n<p><span style=\"color: #000080;\"><strong>Q\u00a0: Quelle est votre \u00e9paisseur standard pour les serviettes de sport\u00a0?<\/strong><\/span><\/p>\n<p>Mat\u00e9riau en microfibre : 200 g\/m\u00b2.<\/p>\n<p>Mati\u00e8re coton : 450GSM<\/p>\n<p><span style=\"color: #000080;\"><strong>Q : Votre serviette se d\u00e9colore-t-elle apr\u00e8s le lavage en machine ?<\/strong><\/span><\/p>\n<p>Notre serviette peut \u00eatre lav\u00e9e \u00e0 40 degr\u00e9s C \u00e0 la main ou en machine, sans d\u00e9coloration.<\/p>\n<p><span style=\"color: #000080;\"><strong>Q\u00a0:\u00a0Quel moyen de colis fournissez-vous\u00a0?<\/strong><\/span><\/p>\n<p>Sac en poly opp transparent normal<\/p>\n<p>Sac en filet<\/p>\n<p>Ou personnalisez votre design<\/p>\n<p><span style=\"color: #000080;\"><strong>Q : Fournissez-vous des serviettes pour la plateforme Amazon ou Ebay ?<\/strong><\/span><\/p>\n<p>Oui, nous fournissons des serviettes de voyage\/sport pour 6 grands vendeurs Amazon et 2 Ebay.<\/p>\n<p><span style=\"color: #000080;\"><strong>Q\u00a0: Pouvez-vous ajouter un UPCA, UPCE ou EAN sur l&#039;emballage\u00a0?<\/strong><\/span><\/p>\n<p>Oui nous pouvons. Nous connaissons les r\u00e8gles et stipulations d&#039;exp\u00e9dition d&#039;Amazon et d&#039;Ebay.<\/p>\n<\/div><div class=\"fusion-clearfix\"><\/div><\/div><\/div><\/div><\/div><\/p>","protected":false},"excerpt":{"rendered":"","protected":false},"author":1,"featured_media":0,"parent":0,"menu_order":0,"comment_status":"closed","ping_status":"closed","template":"100-width.php","meta":{"footnotes":""},"class_list":["post-37","page","type-page","status-publish","hentry"],"aioseo_notices":[],"_links":{"self":[{"href":"https:\/\/www.towelsports.com\/fr\/wp-json\/wp\/v2\/pages\/37","targetHints":{"allow":["GET"]}}],"collection":[{"href":"https:\/\/www.towelsports.com\/fr\/wp-json\/wp\/v2\/pages"}],"about":[{"href":"https:\/\/www.towelsports.com\/fr\/wp-json\/wp\/v2\/types\/page"}],"author":[{"embeddable":true,"href":"https:\/\/www.towelsports.com\/fr\/wp-json\/wp\/v2\/users\/1"}],"replies":[{"embeddable":true,"href":"https:\/\/www.towelsports.com\/fr\/wp-json\/wp\/v2\/comments?post=37"}],"version-history":[{"count":32,"href":"https:\/\/www.towelsports.com\/fr\/wp-json\/wp\/v2\/pages\/37\/revisions"}],"predecessor-version":[{"id":2555,"href":"https:\/\/www.towelsports.com\/fr\/wp-json\/wp\/v2\/pages\/37\/revisions\/2555"}],"wp:attachment":[{"href":"https:\/\/www.towelsports.com\/fr\/wp-json\/wp\/v2\/media?parent=37"}],"curies":[{"name":"wp","href":"https:\/\/api.w.org\/{rel}","templated":true}]}}