{"id":2406,"date":"2020-09-21T14:37:57","date_gmt":"2020-09-21T06:37:57","guid":{"rendered":"https:\/\/www.towelsports.com\/?page_id=2406"},"modified":"2020-12-13T16:06:18","modified_gmt":"2020-12-13T08:06:18","slug":"warranty-policy","status":"publish","type":"page","link":"https:\/\/www.towelsports.com\/fr\/warranty-policy\/","title":{"rendered":"Politique de garantie"},"content":{"rendered":"<div class=\"fusion-fullwidth fullwidth-box fusion-builder-row-1 fusion-flex-container nonhundred-percent-fullwidth non-hundred-percent-height-scrolling\" style=\"background-color: rgba(255,255,255,0);background-position: center center;background-repeat: no-repeat;border-width: 0px 0px 0px 0px;border-color:#eae9e9;border-style:solid;\" ><div class=\"fusion-builder-row fusion-row fusion-flex-align-items-flex-start\" style=\"max-width:1144px;margin-left: calc(-4% \/ 2 );margin-right: calc(-4% \/ 2 );\"><div class=\"fusion-layout-column fusion_builder_column fusion-builder-column-0 fusion_builder_column_1_1 1_1 fusion-flex-column\"><div class=\"fusion-column-wrapper fusion-flex-justify-content-flex-start fusion-content-layout-column\" style=\"background-position:left top;background-repeat:no-repeat;-webkit-background-size:cover;-moz-background-size:cover;-o-background-size:cover;background-size:cover;padding: 0px 0px 0px 0px;\"><div class=\"fusion-text fusion-text-1\"><h3 data-sr-id=\"1\"><span style=\"color: #000080;\">POURQUOI BANGZE TEXTILE ?<\/span><\/h3>\n<hr \/>\n<p>Mon grand-p\u00e8re \u00e9tait un homme dur mais aimant. Il \u00e9tait \u00e9galement un fantastique amateur de sport et a v\u00e9cu jusqu&#039;\u00e0 la fin des ann\u00e9es 80.<\/p>\n<p>Jeune gar\u00e7on, il m&#039;a appris les bases pour coudre, couper, teindre du tissu et produire des serviettes de bonne qualit\u00e9 avec passion et bienveillance.<\/p>\n<p>Il utilisait souvent simplement les meilleures serviettes en tissu super absorbantes, confortables et douces. Il a d\u00e9clar\u00e9 : \u00ab Le secret pour fabriquer une bonne serviette r\u00e9side dans un fil de coton de bonne mati\u00e8re premi\u00e8re, doux et sain pour notre peau et des ingr\u00e9dients de teinture respectueux de l&#039;environnement imprim\u00e9s avec un motif de bonne qualit\u00e9. \u00bb Surtout, il m&#039;a appris \u00e0 toujours \u00eatre honn\u00eate, gentil, serviable et passionn\u00e9 envers tout le monde. C&#039;est cette philosophie de mon grand-p\u00e8re qui m&#039;a inspir\u00e9 pour cr\u00e9er ma marque BANGZE TEXTILE.<\/p>\n<p>Je ne porterai jamais une serviette que je n&#039;utiliserai pas moi-m\u00eame, c&#039;est ma promesse. \u00c0 tous les bangze textile, et aux hommes qui les soutiennent avec amour, je vous souhaite le meilleur.<\/p>\n<h3><span style=\"color: #000080;\">GARANTIE DU PRODUIT<\/span><\/h3>\n<hr \/>\n<p>Nous sommes heureux d&#039;offrir une garantie de satisfaction 100%, qu&#039;il s&#039;agisse d&#039;envoyer un produit de remplacement ou d&#039;accepter votre retour et d&#039;effectuer un remboursement.<\/p>\n<p>GUANGZHOU BANGZE TEXTILE COMPANY garantit le produit pour une p\u00e9riode d&#039;un an \u00e0 compter de la date d&#039;achat si le produit est jug\u00e9 d\u00e9fectueux en termes de fabrication. Toutes les serviettes en coton et en microfibre b\u00e9n\u00e9ficient d&#039;une garantie de 12 mois \u00e0 compter de la date d&#039;achat.<\/p>\n<p>En cas de sinistre, merci de nous contacter par email \u00e0<strong><span style=\"font-size: 14pt;\"> <a href=\"mailto:info@towelsports.com,\"><u>info@towelsports.com\u00a0<\/u><\/a><\/span><u><\/u><\/strong>ou appelez-nous au<strong><span style=\"font-size: 14pt;\"> 0086 13539770702 <\/span><u><\/u><\/strong>nous r\u00e9soudrons votre probl\u00e8me dans les 48 heures.<\/p>\n<p>La garantie ne couvre pas les dommages dus aux accidents, \u00e0 la n\u00e9gligence ou \u00e0 la mauvaise utilisation des produits, aux frais de transport et de communication.<\/p>\n<\/div><\/div><\/div><style type=\"text\/css\">.fusion-body .fusion-builder-column-0{width:100% !important;margin-top : 0px;margin-bottom : 20px;}.fusion-builder-column-0 > .fusion-column-wrapper {padding-top : 0px !important;padding-right : 0px !important;margin-right : 1.92%;padding-bottom : 0px !important;padding-left : 0px !important;margin-left : 1.92%;}@media only screen and (max-width:1024px) {.fusion-body .fusion-builder-column-0{width:100% !important;order : 0;}.fusion-builder-column-0 > .fusion-column-wrapper {margin-right : 1.92%;margin-left : 1.92%;}}@media only screen and (max-width:640px) {.fusion-body .fusion-builder-column-0{width:100% !important;order : 0;}.fusion-builder-column-0 > .fusion-column-wrapper {margin-right : 1.92%;margin-left : 1.92%;}}<\/style><\/div><style type=\"text\/css\">.fusion-body .fusion-flex-container.fusion-builder-row-1{ padding-top : 0px;margin-top : 0px;padding-right : 0px;padding-bottom : 0px;margin-bottom : 0px;padding-left : 0px;}<\/style><\/div>","protected":false},"excerpt":{"rendered":"","protected":false},"author":1,"featured_media":0,"parent":0,"menu_order":0,"comment_status":"closed","ping_status":"closed","template":"100-width.php","meta":{"footnotes":""},"class_list":["post-2406","page","type-page","status-publish","hentry"],"aioseo_notices":[],"_links":{"self":[{"href":"https:\/\/www.towelsports.com\/fr\/wp-json\/wp\/v2\/pages\/2406","targetHints":{"allow":["GET"]}}],"collection":[{"href":"https:\/\/www.towelsports.com\/fr\/wp-json\/wp\/v2\/pages"}],"about":[{"href":"https:\/\/www.towelsports.com\/fr\/wp-json\/wp\/v2\/types\/page"}],"author":[{"embeddable":true,"href":"https:\/\/www.towelsports.com\/fr\/wp-json\/wp\/v2\/users\/1"}],"replies":[{"embeddable":true,"href":"https:\/\/www.towelsports.com\/fr\/wp-json\/wp\/v2\/comments?post=2406"}],"version-history":[{"count":5,"href":"https:\/\/www.towelsports.com\/fr\/wp-json\/wp\/v2\/pages\/2406\/revisions"}],"predecessor-version":[{"id":2441,"href":"https:\/\/www.towelsports.com\/fr\/wp-json\/wp\/v2\/pages\/2406\/revisions\/2441"}],"wp:attachment":[{"href":"https:\/\/www.towelsports.com\/fr\/wp-json\/wp\/v2\/media?parent=2406"}],"curies":[{"name":"wp","href":"https:\/\/api.w.org\/{rel}","templated":true}]}}