{"id":1083,"date":"2020-04-19T22:38:59","date_gmt":"2020-04-19T14:38:59","guid":{"rendered":"https:\/\/www.towelsports.com\/?page_id=1083"},"modified":"2020-12-16T23:00:19","modified_gmt":"2020-12-16T15:00:19","slug":"coral-fleece-blanket","status":"publish","type":"page","link":"https:\/\/www.towelsports.com\/fr\/products\/microfiber-towel\/coral-fleece-blanket\/","title":{"rendered":"Couverture polaire corail"},"content":{"rendered":"<div class=\"fusion-fullwidth fullwidth-box fusion-builder-row-1 nonhundred-percent-fullwidth non-hundred-percent-height-scrolling\" style=\"background-color: rgba(255,255,255,0);background-position: center center;background-repeat: no-repeat;padding-top:0px;padding-right:0px;padding-bottom:0px;padding-left:0px;margin-bottom: 0px;margin-top: 0px;border-width: 0px 0px 0px 0px;border-color:#eae9e9;border-style:solid;\" ><div class=\"fusion-builder-row fusion-row\"><div class=\"fusion-layout-column fusion_builder_column fusion-builder-column-0 fusion_builder_column_1_1 1_1 fusion-one-full fusion-column-first fusion-column-last\" style=\"margin-top:0px;margin-bottom:20px;\"><div class=\"fusion-column-wrapper fusion-flex-column-wrapper-legacy\" style=\"background-position:left top;background-repeat:no-repeat;-webkit-background-size:cover;-moz-background-size:cover;-o-background-size:cover;background-size:cover;padding: 0px 0px 0px 0px;\"><div class=\"fusion-text fusion-text-1\"><h2><span style=\"color: #000080; font-size: 18pt;\">Couverture d&#039;ouatine de corail de haute qualit\u00e9 pour le fabricant de couchage d&#039;avion et de voyage<\/span><\/h2>\n<p><span style=\"font-size: 12pt;\">Couverture en molleton de corail en microfibre en peluche de haute qualit\u00e9 pour la vente en gros du fabricant chinois, fournisseur \u00e0 prix bon march\u00e9. Bangze textile a con\u00e7u des couvertures en polaire corail super douces en polyester 80% et en polyamide 20% pour adultes et enfants, motif d&#039;illustration personnalis\u00e9 cousu dans un fil bon et serr\u00e9, deux types de bords de couture diff\u00e9rents, coin rond et coin rectangulaire. Ils sont disponibles dans diff\u00e9rents styles et couleurs, ainsi qu&#039;avec une boucle optionnelle pour accrocher au mur. C&#039;est une bonne couverture pour rester au chaud lorsque vous r\u00e9chauffez la t\u00e9l\u00e9vision dans un lit double ou restez sur un canap\u00e9 en hiver. Les commandes personnalis\u00e9es de couvertures en polaire corail sont tr\u00e8s appr\u00e9ci\u00e9es.<\/span><\/p>\n<p><span style=\"font-size: 12pt;\">Les couvertures sont \u00e9galement largement utilis\u00e9es dans les avions, les salles climatis\u00e9es et les voyages lorsque vous dormez. La texture du tissu en peluche super doux et confortable et non pelucheux, la taille 75 x 100 cm peut \u00eatre personnalis\u00e9e. Nous fournissons une solution \u00ab de bout en bout \u00bb pour vos besoins en couverture, veuillez nous contacter pour obtenir une offre et un \u00e9chantillon.<\/span><\/p>\n<p><span style=\"color: #000080;\"><strong><span style=\"font-size: 18pt;\">Quelle est la meilleure utilisation d\u2019une couverture dans une pi\u00e8ce climatis\u00e9e\u00a0?<\/span><\/strong><\/span><\/p>\n<p>La couverture en polaire corail est une sorte de literie couramment utilis\u00e9e, qui a pour fonction de garder au chaud et est plus fine qu&#039;une couette. Il y a des tissus de laine doux en peluche des deux c\u00f4t\u00e9s et la surface est riche en peluche, qui poss\u00e8de des propri\u00e9t\u00e9s d&#039;isolation thermique. La couverture peut \u00e9galement \u00eatre utilis\u00e9e comme d\u00e9coration comme des couvre-lits et des tapisseries. Selon la m\u00e9thode de tissage, les couvertures sont divis\u00e9es en tissage organique, tuftage, tricot cha\u00eene, aiguilletage, couture, etc. Les couvertures fantaisie courantes comprennent les couleurs jacquard, imprim\u00e9es et unies, qui sont \u00e9lastiques et chaudes et ont une texture \u00e9paisse. Principalement utilis\u00e9 comme couvre-lit, couettes de climatisation, couettes de canap\u00e9, double comme d\u00e9corations telles que couvre-lits ou tapisseries, avec diff\u00e9rents motifs et couleurs.<\/p>\n<p><strong><span style=\"font-size: 18pt; color: #000080;\">Quels sont les avantages des couvertures polaires corail ?<\/span><\/strong><\/p>\n<p>1. En hiver, il peut \u00eatre utilis\u00e9 comme couverture et couette chaude. En vous allongeant dessus, vous oublierez tous vos soucis et votre froid et entrerez instantan\u00e9ment dans un \u00e9tat de chaleur. Tu peux dormir jusqu&#039;\u00e0 l&#039;aube. Par cons\u00e9quent, la couverture Raschel peut vous aider \u00e0 am\u00e9liorer la qualit\u00e9 de votre sommeil.<br \/>\n2. Le printemps et l&#039;automne peuvent \u00eatre utilis\u00e9s comme une fine couette. Il est doux sans perdre sa fonction thermique, mais il est pr\u00e8s du corps mais assez respirant. C&#039;est une literie rare.<br \/>\n3. L&#039;\u00e9t\u00e9 est une couette d&#039;\u00e9t\u00e9 id\u00e9ale (l&#039;\u00e9t\u00e9 double couche ne convient pas). Bien qu&#039;il soit moelleux au toucher, m\u00eame le raschel \u00e9paissi est assez respirant et confortable \u00e0 couvrir. Tr\u00e8s appropri\u00e9 pour dormir nu !<br \/>\n4. Ses avantages sont exceptionnels : la main est tr\u00e8s confortable et douce, la fibre est d\u00e9licate, ne perd pas ses poils, elle est chaude et respirante, teinte num\u00e9riquement, la couleur est vive et ne se d\u00e9colore pas, gr\u00e2ce au processus unique de flanelle, elle est plus \u00e9paisse et plus serr\u00e9e que les couvertures ordinaires, et sa performance de r\u00e9tention de chaleur est unique<br \/>\n5. Les mod\u00e8les et les tailles peuvent \u00eatre personnalis\u00e9s en petits lots selon les besoins du client<\/p>\n<p><strong><span style=\"font-size: 18pt; color: #000080;\">Entretien du lavage<\/span><\/strong><\/p>\n<p>Les couvertures en polaire corail sont faciles \u00e0 tacher et \u00e0 aspirer, alors lavez-les fr\u00e9quemment. La m\u00e9thode de lavage correcte consiste \u00e0 le tremper dans de l&#039;eau froide pendant 30 minutes, puis \u00e0 le mettre dans une solution de flocons de savon neutre \u00e0 40 \uff5e 50 \u2103, \u00e0 continuer de le tourner et \u00e0 \u00e9viter de le frotter trop fort pour \u00e9viter qu&#039;il ne s&#039;agglutine. Utilisez de l&#039;eau propre pendant 15 minutes, essorez l&#039;eau et laissez-la s\u00e9cher naturellement. Lorsqu&#039;elle est \u00e0 moiti\u00e9 s\u00e8che, secouez la couverture pendant quelques minutes pour d\u00e9tacher les peluches, puis continuez \u00e0 s\u00e9cher jusqu&#039;\u00e0 ce qu&#039;elle soit s\u00e8che.<\/p>\n<\/div><div class=\"fusion-sep-clear\"><\/div><div class=\"fusion-separator fusion-has-icon fusion-full-width-sep\" style=\"margin-left: auto;margin-right: auto;margin-bottom:30px;width:100%;\"><div class=\"fusion-separator-border sep-single sep-dotted\" style=\"border-color:#8bc34a;border-top-width:3px;\"><\/div><span class=\"icon-wrapper\" style=\"border-color:#8bc34a;background-color:#ff9800;font-size:16px;width: 1.75em; height: 1.75em;border-width:3px;padding:3px;margin-top:-1.5px\"><i class=\"fa fa-chevron-down\" style=\"font-size: inherit;color:#8bc34a;\" aria-hidden=\"true\"><\/i><\/span><div class=\"fusion-separator-border sep-single sep-dotted\" style=\"border-color:#8bc34a;border-top-width:3px;\"><\/div><\/div><div class=\"fusion-sep-clear\"><\/div><style type=\"text\/css\">.fusion-portfolio-wrapper#fusion-portfolio-1 .fusion-portfolio-content{  text-align: center; }<\/style><div class=\"fusion-recent-works fusion-portfolio-element fusion-portfolio fusion-portfolio-1 fusion-portfolio-grid fusion-portfolio-paging-infinite fusion-portfolio-four fusion-portfolio-unboxed fusion-portfolio-text fusion-portfolio-equal-heights fusion-portfolio-rollover\" data-id=\"-rw-1\" data-columns=\"four\"><div role=\"menubar\"><ul class=\"fusion-filters\" role=\"menu\" aria-label=\"filtres\"><li role=\"menuitem\" class=\"fusion-filter fusion-filter-all fusion-active\"><a href=\"#\" data-filter=\"*\">Tous<\/a><\/li><li role=\"menuitem\" class=\"fusion-filter fusion-hidden\"><a href=\"#\" data-filter=\".coral-fleece-blanket\">Couverture polaire corail<\/a><\/li><\/ul><\/div><style type=\"text\/css\">.fusion-portfolio-1 .fusion-portfolio-wrapper .fusion-col-spacing{padding:10px;}<\/style><div class=\"fusion-portfolio-wrapper\" id=\"fusion-portfolio-1\" data-picturesize=\"auto\" data-pages=\"1\" style=\"margin:-10px;\"><article id=\"portfolio-1-post-2324\" class=\"fusion-portfolio-post coral-fleece-blanket fusion-col-spacing post-2324\"><div class=\"fusion-portfolio-content-wrapper\" style=\"border:none;\"><span class=\"vcard rich-snippet-hidden\"><span class=\"fn\"><a href=\"https:\/\/www.towelsports.com\/fr\/author\/bangze\/\" title=\"Articles de Bangze\" rel=\"author\">Bangze<\/a><\/span><\/span><span class=\"updated rich-snippet-hidden\">2022-06-05T22:05:21+08:00<\/span>\n\n<div  class=\"fusion-image-wrapper\" aria-haspopup=\"true\">\n\t\n\t\n\t\t\n\t\t\t\t\t<img decoding=\"async\" width=\"800\" height=\"800\" src=\"https:\/\/www.towelsports.com\/wp-content\/uploads\/2020\/05\/Custom-design-winter-plushy-luxury-quality-coral-fleece-blanket-home-use-3.jpg\" class=\"attachment-full size-full wp-post-image\" alt=\"\" srcset=\"https:\/\/www.towelsports.com\/wp-content\/uploads\/2020\/05\/Custom-design-winter-plushy-luxury-quality-coral-fleece-blanket-home-use-3-200x200.jpg 200w, https:\/\/www.towelsports.com\/wp-content\/uploads\/2020\/05\/Custom-design-winter-plushy-luxury-quality-coral-fleece-blanket-home-use-3-400x400.jpg 400w, https:\/\/www.towelsports.com\/wp-content\/uploads\/2020\/05\/Custom-design-winter-plushy-luxury-quality-coral-fleece-blanket-home-use-3-600x600.jpg 600w, https:\/\/www.towelsports.com\/wp-content\/uploads\/2020\/05\/Custom-design-winter-plushy-luxury-quality-coral-fleece-blanket-home-use-3.jpg 800w\" sizes=\"(min-width: 2200px) 100vw, (min-width: 856px) 260px, (min-width: 784px) 347px, (min-width: 712px) 520px, (min-width: 640px) 712px, \" \/>\n\t\n\n\t\t<div class=\"fusion-rollover\">\n\t<div class=\"fusion-rollover-content\">\n\n\t\t\t\t\t\t\t\t\t\t\t\t\t\t<a class=\"fusion-rollover-link\" href=\"https:\/\/www.towelsports.com\/fr\/portfolio-items\/custom-design-winter-plushy-luxury-quality-coral-fleece-blanket-home-use\/\">Couverture d&#039;ouatine de corail de qualit\u00e9 de luxe en peluche d&#039;hiver de conception personnalis\u00e9e \u00e0 usage domestique<\/a>\n\t\t\t\n\t\t\t\t\t\t\t\t\t\t\t\t\t\t\n\t\t\t\t\t\t\t\t\n\t\t\t\t\t\t\t\t\t\t\t\t\t<div class=\"fusion-rollover-sep\"><\/div>\n\t\t\t\t\n\t\t\t\t\t\t\t\t\t\t\t\t\t\t\t\t\t\t<a class=\"fusion-rollover-gallery\" href=\"https:\/\/www.towelsports.com\/wp-content\/uploads\/2020\/05\/Custom-design-winter-plushy-luxury-quality-coral-fleece-blanket-home-use-3.jpg\" data-id=\"2324\" data-rel=\"iLightbox[gallery-rw-1]\" data-title=\"Custom design winter plushy luxury quality coral fleece blanket home use (3)\" data-caption=\"\">\n\t\t\t\t\t\tGalerie\t\t\t\t\t<\/a>\n\t\t\t\t\t\t\t\t\t\t\t\t\t\t\n\t\t\t\t\n\t\t\t\t\t\t\t\t\t\t\t\t<h4 class=\"fusion-rollover-title\">\n\t\t\t\t\t<a class=\"fusion-rollover-title-link\" href=\"https:\/\/www.towelsports.com\/fr\/portfolio-items\/custom-design-winter-plushy-luxury-quality-coral-fleece-blanket-home-use\/\">\n\t\t\t\t\t\tCouverture d&#039;ouatine de corail de qualit\u00e9 de luxe en peluche d&#039;hiver de conception personnalis\u00e9e \u00e0 usage domestique\t\t\t\t\t<\/a>\n\t\t\t\t<\/h4>\n\t\t\t\n\t\t\t\t\t\t\t\t\t\t\t\t\t\t<div class=\"fusion-rollover-categories\"><a href=\"https:\/\/www.towelsports.com\/fr\/portfolio_category\/coral-fleece-blanket\/\" rel=\"tag\">Couverture polaire corail<\/a><\/div>\t\t\t\t\t\n\t\t\n\t\t\t\t<a class=\"fusion-link-wrapper\" href=\"https:\/\/www.towelsports.com\/fr\/portfolio-items\/custom-design-winter-plushy-luxury-quality-coral-fleece-blanket-home-use\/\" aria-label=\"Couverture d&#039;ouatine de corail de qualit\u00e9 de luxe en peluche d&#039;hiver de conception personnalis\u00e9e \u00e0 usage domestique\"><\/a>\n\t<\/div>\n<\/div>\n\n\t\n<\/div>\n<div class=\"fusion-portfolio-content\"><h2 class=\"entry-title fusion-post-title\"><a href=\"https:\/\/www.towelsports.com\/fr\/portfolio-items\/custom-design-winter-plushy-luxury-quality-coral-fleece-blanket-home-use\/\">Couverture d&#039;ouatine de corail de qualit\u00e9 de luxe en peluche d&#039;hiver de conception personnalis\u00e9e \u00e0 usage domestique<\/a><\/h2><div class=\"fusion-post-content\"><p> La couverture polaire corail est fabriqu\u00e9e en polyester et [...]<\/p><\/div><\/div><\/div><\/article><article id=\"portfolio-1-post-1303\" class=\"fusion-portfolio-post coral-fleece-blanket microfiber-towel fusion-col-spacing post-1303\"><div class=\"fusion-portfolio-content-wrapper\" style=\"border:none;\"><span class=\"vcard rich-snippet-hidden\"><span class=\"fn\"><a href=\"https:\/\/www.towelsports.com\/fr\/author\/bangze\/\" title=\"Articles de Bangze\" rel=\"author\">Bangze<\/a><\/span><\/span><span class=\"updated rich-snippet-hidden\">2020-12-16T16:46:47+08:00<\/span>\n\n<div  class=\"fusion-image-wrapper\" aria-haspopup=\"true\">\n\t\n\t\n\t\t\n\t\t\t\t\t<img decoding=\"async\" width=\"800\" height=\"800\" src=\"https:\/\/www.towelsports.com\/wp-content\/uploads\/2020\/04\/sublimation-printed-microfiber-coral-flannel-blanket-1.jpg\" class=\"attachment-full size-full wp-post-image\" alt=\"\" srcset=\"https:\/\/www.towelsports.com\/wp-content\/uploads\/2020\/04\/sublimation-printed-microfiber-coral-flannel-blanket-1-200x200.jpg 200w, https:\/\/www.towelsports.com\/wp-content\/uploads\/2020\/04\/sublimation-printed-microfiber-coral-flannel-blanket-1-400x400.jpg 400w, https:\/\/www.towelsports.com\/wp-content\/uploads\/2020\/04\/sublimation-printed-microfiber-coral-flannel-blanket-1-600x600.jpg 600w, https:\/\/www.towelsports.com\/wp-content\/uploads\/2020\/04\/sublimation-printed-microfiber-coral-flannel-blanket-1.jpg 800w\" sizes=\"(min-width: 2200px) 100vw, (min-width: 856px) 260px, (min-width: 784px) 347px, (min-width: 712px) 520px, (min-width: 640px) 712px, \" \/>\n\t\n\n\t\t<div class=\"fusion-rollover\">\n\t<div class=\"fusion-rollover-content\">\n\n\t\t\t\t\t\t\t\t\t\t\t\t\t\t<a class=\"fusion-rollover-link\" href=\"https:\/\/www.towelsports.com\/fr\/portfolio-items\/custom-sublimation-print-leopard-pattern-microfiber-coral-fleece-blanket-70x140cm-350gsm\/\">Couverture polaire corail en microfibre \u00e0 motif l\u00e9opard imprim\u00e9 par sublimation personnalis\u00e9e 70x140cm 350GSM<\/a>\n\t\t\t\n\t\t\t\t\t\t\t\t\t\t\t\t\t\t\n\t\t\t\t\t\t\t\t\n\t\t\t\t\t\t\t\t\t\t\t\t\t<div class=\"fusion-rollover-sep\"><\/div>\n\t\t\t\t\n\t\t\t\t\t\t\t\t\t\t\t\t\t\t\t\t\t\t<a class=\"fusion-rollover-gallery\" href=\"https:\/\/www.towelsports.com\/wp-content\/uploads\/2020\/04\/sublimation-printed-microfiber-coral-flannel-blanket-1.jpg\" data-id=\"1303\" data-rel=\"iLightbox[gallery-rw-1]\" data-title=\"sublimation printed microfiber coral flannel blanket (1)\" data-caption=\"\">\n\t\t\t\t\t\tGalerie\t\t\t\t\t<\/a>\n\t\t\t\t\t\t\t\t\t\t\t\t\t\t\n\t\t\t\t\n\t\t\t\t\t\t\t\t\t\t\t\t<h4 class=\"fusion-rollover-title\">\n\t\t\t\t\t<a class=\"fusion-rollover-title-link\" href=\"https:\/\/www.towelsports.com\/fr\/portfolio-items\/custom-sublimation-print-leopard-pattern-microfiber-coral-fleece-blanket-70x140cm-350gsm\/\">\n\t\t\t\t\t\tCouverture polaire corail en microfibre \u00e0 motif l\u00e9opard imprim\u00e9 par sublimation personnalis\u00e9e 70x140cm 350GSM\t\t\t\t\t<\/a>\n\t\t\t\t<\/h4>\n\t\t\t\n\t\t\t\t\t\t\t\t\t\t\t\t\t\t<div class=\"fusion-rollover-categories\"><a href=\"https:\/\/www.towelsports.com\/fr\/portfolio_category\/coral-fleece-blanket\/\" rel=\"tag\">Couverture polaire corail<\/a>, <a href=\"https:\/\/www.towelsports.com\/fr\/portfolio_category\/microfiber-towel\/\" rel=\"tag\">Serviette en microfibre<\/a><\/div>\t\t\t\t\t\n\t\t\n\t\t\t\t<a class=\"fusion-link-wrapper\" href=\"https:\/\/www.towelsports.com\/fr\/portfolio-items\/custom-sublimation-print-leopard-pattern-microfiber-coral-fleece-blanket-70x140cm-350gsm\/\" aria-label=\"Couverture polaire corail en microfibre \u00e0 motif l\u00e9opard imprim\u00e9 par sublimation personnalis\u00e9e 70x140cm 350GSM\"><\/a>\n\t<\/div>\n<\/div>\n\n\t\n<\/div>\n<div class=\"fusion-portfolio-content\"><h2 class=\"entry-title fusion-post-title\"><a href=\"https:\/\/www.towelsports.com\/fr\/portfolio-items\/custom-sublimation-print-leopard-pattern-microfiber-coral-fleece-blanket-70x140cm-350gsm\/\">Couverture polaire corail en microfibre \u00e0 motif l\u00e9opard imprim\u00e9 par sublimation personnalis\u00e9e 70x140cm 350GSM<\/a><\/h2><div class=\"fusion-post-content\"><p> Couverture polaire corail en microfibre imprim\u00e9e pleine grandeur 60x120cm [...]<\/p><\/div><\/div><\/div><\/article><\/div><\/div><div class=\"fusion-clearfix\"><\/div><\/div><\/div><\/div><\/div>","protected":false},"excerpt":{"rendered":"","protected":false},"author":1,"featured_media":0,"parent":1025,"menu_order":0,"comment_status":"closed","ping_status":"closed","template":"","meta":{"footnotes":""},"class_list":["post-1083","page","type-page","status-publish","hentry"],"aioseo_notices":[],"_links":{"self":[{"href":"https:\/\/www.towelsports.com\/fr\/wp-json\/wp\/v2\/pages\/1083","targetHints":{"allow":["GET"]}}],"collection":[{"href":"https:\/\/www.towelsports.com\/fr\/wp-json\/wp\/v2\/pages"}],"about":[{"href":"https:\/\/www.towelsports.com\/fr\/wp-json\/wp\/v2\/types\/page"}],"author":[{"embeddable":true,"href":"https:\/\/www.towelsports.com\/fr\/wp-json\/wp\/v2\/users\/1"}],"replies":[{"embeddable":true,"href":"https:\/\/www.towelsports.com\/fr\/wp-json\/wp\/v2\/comments?post=1083"}],"version-history":[{"count":6,"href":"https:\/\/www.towelsports.com\/fr\/wp-json\/wp\/v2\/pages\/1083\/revisions"}],"predecessor-version":[{"id":2779,"href":"https:\/\/www.towelsports.com\/fr\/wp-json\/wp\/v2\/pages\/1083\/revisions\/2779"}],"up":[{"embeddable":true,"href":"https:\/\/www.towelsports.com\/fr\/wp-json\/wp\/v2\/pages\/1025"}],"wp:attachment":[{"href":"https:\/\/www.towelsports.com\/fr\/wp-json\/wp\/v2\/media?parent=1083"}],"curies":[{"name":"wp","href":"https:\/\/api.w.org\/{rel}","templated":true}]}}