{"id":37,"date":"2018-04-05T13:38:25","date_gmt":"2018-04-05T05:38:25","guid":{"rendered":"https:\/\/www.towelsports.com\/?page_id=37"},"modified":"2020-12-14T22:37:36","modified_gmt":"2020-12-14T14:37:36","slug":"faq-2","status":"publish","type":"page","link":"https:\/\/www.towelsports.com\/es\/faq-2\/","title":{"rendered":"Preguntas m\u00e1s frecuentes"},"content":{"rendered":"<p><div class=\"fusion-fullwidth fullwidth-box fusion-builder-row-1 fusion-parallax-none nonhundred-percent-fullwidth non-hundred-percent-height-scrolling\" style=\"background-color: #ffffff;background-image: url(&quot;https:\/\/www.towelsports.com\/wp-content\/uploads\/2018\/04\/FAQ.jpeg&quot;);background-position: center center;background-repeat: no-repeat;padding-top:300px;padding-right:300px;padding-bottom:0px;padding-left:0px;margin-bottom: 0px;margin-top: -50px;border-width: 0px 0px 0px 0px;border-color:#eae9e9;border-style:solid;-webkit-background-size:cover;-moz-background-size:cover;-o-background-size:cover;background-size:cover;\" ><div class=\"fusion-builder-row fusion-row\"><div class=\"fusion-layout-column fusion_builder_column fusion-builder-column-0 fusion_builder_column_1_1 1_1 fusion-one-full fusion-column-first fusion-column-last\" style=\"margin-top:0px;margin-bottom:20px;\"><div class=\"fusion-column-wrapper fusion-flex-column-wrapper-legacy\" style=\"background-position:left top;background-repeat:no-repeat;-webkit-background-size:cover;-moz-background-size:cover;-o-background-size:cover;background-size:cover;padding: 0px 0px 0px 0px;\"><div class=\"fusion-clearfix\"><\/div><\/div><\/div><\/div><\/div><div class=\"fusion-fullwidth fullwidth-box fusion-builder-row-2 nonhundred-percent-fullwidth non-hundred-percent-height-scrolling\" style=\"background-color: rgba(221,221,221,0.98);background-position: center center;background-repeat: no-repeat;padding-top:0px;padding-right:0px;padding-bottom:0px;padding-left:0px;margin-bottom: 0px;margin-top: 0px;border-width: 0px 0px 0px 0px;border-color:#eae9e9;border-style:solid;\" ><div class=\"fusion-builder-row fusion-row\"><div class=\"fusion-layout-column fusion_builder_column fusion-builder-column-1 fusion_builder_column_1_1 1_1 fusion-one-full fusion-column-first fusion-column-last\" style=\"margin-top:0px;margin-bottom:20px;\"><div class=\"fusion-column-wrapper fusion-flex-column-wrapper-legacy\" style=\"background-position:left top;background-repeat:no-repeat;-webkit-background-size:cover;-moz-background-size:cover;-o-background-size:cover;background-size:cover;padding: 0px 0px 0px 0px;\"><div class=\"fusion-sep-clear\"><\/div><div class=\"fusion-separator fusion-full-width-sep\" style=\"margin-left: auto;margin-right: auto;margin-top:60px;width:100%;\"><div class=\"fusion-separator-border sep-double\" style=\"border-color:#e0dede;border-top-width:1px;border-bottom-width:1px;\"><\/div><\/div><div class=\"fusion-sep-clear\"><\/div><div class=\"fusion-text fusion-text-1\"><p style=\"text-align: center;\"><span style=\"color: #000080;\"><strong><span style=\"font-size: 24px;\">Preguntas frecuentes para la empresa<\/span><\/strong><\/span><\/p>\n<p><span style=\"color: #000080;\"><strong>P: \u00bfC\u00f3mo es la marca BANGZE?<\/strong><\/span><\/p>\n<p>Bangze es el famoso fabricante de toallas de marca Top 10 de China y tiene:<\/p>\n<p>-10 a\u00f1os de experiencia en fabricaci\u00f3n de toallas.<\/p>\n<p>-F\u00e1brica de 15000 metros cuadrados.<\/p>\n<p>-12 meses de garant\u00eda<\/p>\n<p><span style=\"color: #000080;\"><strong>P: \u00bfQu\u00e9 certificaciones tienes?<\/strong><\/span><\/p>\n<p>Control de calidad ISO9001, AZO y 100% y pruebas duraderas antes de cada env\u00edo.<\/p>\n<p><span style=\"color: #000080;\"><strong>P: \u00bfCu\u00e1l es la garant\u00eda de los productos Bangze?<\/strong><\/span><\/p>\n<p>12 meses de garant\u00eda (gratuita) para todos los productos est\u00e1ndar Bangze.<\/p>\n<p>Se proporcionar\u00e1 mantenimiento de por vida despu\u00e9s de que expire el per\u00edodo de garant\u00eda de 2 a\u00f1os.<\/p>\n<p><span style=\"color: #000080;\"><strong>P: \u00bfCu\u00e1les son sus m\u00e9todos de pago?<\/strong><\/span><\/p>\n<p>Acepte pagos mediante transferencia bancaria TT, Western Union, Money Gram y Paypal.<\/p>\n<p>Acepte L\/C a la vista (pedido al por mayor).<\/p>\n<p><span style=\"color: #000080;\"><strong>P: \u00bfCu\u00e1nto dura su tiempo de producci\u00f3n?<\/strong><\/span><\/p>\n<p>3-10 d\u00edas h\u00e1biles para pedidos de muestra.<\/p>\n<p>20-25 d\u00edas h\u00e1biles para pedidos al por mayor.<\/p>\n<p><span style=\"color: #000080;\"><strong>P: \u00bfCu\u00e1l es su forma de env\u00edo?<\/strong><\/span><\/p>\n<p>3-5 d\u00edas por mensajer\u00eda urgente hasta tu puerta.<\/p>\n<p>3-5 d\u00edas en avi\u00f3n hasta el aeropuerto m\u00e1s cercano.<\/p>\n<p>18-35 d\u00edas por mar hasta el puerto mar\u00edtimo m\u00e1s cercano.<\/p>\n<p style=\"text-align: center;\"><span style=\"color: #000080;\"><strong><span style=\"font-size: 24px;\">Preguntas frecuentes sobre productos<\/span><\/strong><\/span><\/p>\n<p><span style=\"color: #000080;\"><strong>P: \u00bfQu\u00e9 tipo de soluciones de toallas pueden ofrecer?<\/strong><\/span><\/p>\n<p>Bangze suministra toallas para viajes, deportes, fitness, yoga, venta promocional de todas las toallas deportivas.<\/p>\n<p><span style=\"color: #000080;\"><strong>P: \u00bfEs posible personalizar para pedidos especiales?<\/strong><\/span><\/p>\n<p>S\u00ed. Bangze admite la producci\u00f3n de toallas seg\u00fan su dise\u00f1o y material.<\/p>\n<p><span style=\"color: #000080;\"><strong>P: \u00bfQu\u00e9 tipo de material utilizas?<\/strong><\/span><\/p>\n<p>Algod\u00f3n 100%, Microfibra poli\u00e9ster 80% y Poliamida 20%.<\/p>\n<p><span style=\"color: #000080;\"><strong>P: \u00bfQu\u00e9 logotipo puedo agregar a su toalla?<\/strong><\/span><\/p>\n<p>Logotipo bordado, logotipo impreso en serigraf\u00eda, logotipo en relieve y logotipo impreso por sublimaci\u00f3n<\/p>\n<p><span style=\"color: #000080;\"><strong>P: \u00bfPuede su toalla tener un color de borde diferente al color de la tela?<\/strong><\/span><\/p>\n<p>S\u00ed, esta es una forma popular y genial.<\/p>\n<p><span style=\"color: #000080;\"><strong>P: \u00bfCu\u00e1l es el grosor est\u00e1ndar de una toalla deportiva?<\/strong><\/span><\/p>\n<p>Material de microfibra: 200GSM<\/p>\n<p>Material de algod\u00f3n: 450GSM<\/p>\n<p><span style=\"color: #000080;\"><strong>P: \u00bfSu toalla se desvanece despu\u00e9s del lavado a m\u00e1quina?<\/strong><\/span><\/p>\n<p>Nuestra toalla se puede lavar a 40 grados C a mano o a m\u00e1quina, sin decoloraci\u00f3n.<\/p>\n<p><span style=\"color: #000080;\"><strong>P: \u00bfQu\u00e9 forma de paquete ofrecen?<\/strong><\/span><\/p>\n<p>Bolsa de polietileno transparente normal<\/p>\n<p>Bolsa de malla<\/p>\n<p>O personaliza tu dise\u00f1o<\/p>\n<p><span style=\"color: #000080;\"><strong>P: \u00bfProporcionan toallas para la plataforma Amazon o Ebay?<\/strong><\/span><\/p>\n<p>S\u00ed, suministramos toallas de viaje\/deportes para 6 grandes vendedores de Amazon y 2 de Ebay.<\/p>\n<p><span style=\"color: #000080;\"><strong>P: \u00bfPueden agregar UPCA, UPCE o EAN en el paquete?<\/strong><\/span><\/p>\n<p>Si podemos. Estamos familiarizados con las reglas y estipulaciones de env\u00edo de Amazon y Ebay.<\/p>\n<\/div><div class=\"fusion-clearfix\"><\/div><\/div><\/div><\/div><\/div><\/p>","protected":false},"excerpt":{"rendered":"","protected":false},"author":1,"featured_media":0,"parent":0,"menu_order":0,"comment_status":"closed","ping_status":"closed","template":"100-width.php","meta":{"footnotes":""},"class_list":["post-37","page","type-page","status-publish","hentry"],"aioseo_notices":[],"_links":{"self":[{"href":"https:\/\/www.towelsports.com\/es\/wp-json\/wp\/v2\/pages\/37","targetHints":{"allow":["GET"]}}],"collection":[{"href":"https:\/\/www.towelsports.com\/es\/wp-json\/wp\/v2\/pages"}],"about":[{"href":"https:\/\/www.towelsports.com\/es\/wp-json\/wp\/v2\/types\/page"}],"author":[{"embeddable":true,"href":"https:\/\/www.towelsports.com\/es\/wp-json\/wp\/v2\/users\/1"}],"replies":[{"embeddable":true,"href":"https:\/\/www.towelsports.com\/es\/wp-json\/wp\/v2\/comments?post=37"}],"version-history":[{"count":32,"href":"https:\/\/www.towelsports.com\/es\/wp-json\/wp\/v2\/pages\/37\/revisions"}],"predecessor-version":[{"id":2555,"href":"https:\/\/www.towelsports.com\/es\/wp-json\/wp\/v2\/pages\/37\/revisions\/2555"}],"wp:attachment":[{"href":"https:\/\/www.towelsports.com\/es\/wp-json\/wp\/v2\/media?parent=37"}],"curies":[{"name":"wp","href":"https:\/\/api.w.org\/{rel}","templated":true}]}}