{"id":2406,"date":"2020-09-21T14:37:57","date_gmt":"2020-09-21T06:37:57","guid":{"rendered":"https:\/\/www.towelsports.com\/?page_id=2406"},"modified":"2020-12-13T16:06:18","modified_gmt":"2020-12-13T08:06:18","slug":"warranty-policy","status":"publish","type":"page","link":"https:\/\/www.towelsports.com\/es\/warranty-policy\/","title":{"rendered":"P\u00f3liza de garant\u00eda"},"content":{"rendered":"<div class=\"fusion-fullwidth fullwidth-box fusion-builder-row-1 fusion-flex-container nonhundred-percent-fullwidth non-hundred-percent-height-scrolling\" style=\"background-color: rgba(255,255,255,0);background-position: center center;background-repeat: no-repeat;border-width: 0px 0px 0px 0px;border-color:#eae9e9;border-style:solid;\" ><div class=\"fusion-builder-row fusion-row fusion-flex-align-items-flex-start\" style=\"max-width:1144px;margin-left: calc(-4% \/ 2 );margin-right: calc(-4% \/ 2 );\"><div class=\"fusion-layout-column fusion_builder_column fusion-builder-column-0 fusion_builder_column_1_1 1_1 fusion-flex-column\"><div class=\"fusion-column-wrapper fusion-flex-justify-content-flex-start fusion-content-layout-column\" style=\"background-position:left top;background-repeat:no-repeat;-webkit-background-size:cover;-moz-background-size:cover;-o-background-size:cover;background-size:cover;padding: 0px 0px 0px 0px;\"><div class=\"fusion-text fusion-text-1\"><h3 data-sr-id=\"1\"><span style=\"color: #000080;\">\u00bfPOR QU\u00c9 BANGZE TEXTIL?<\/span><\/h3>\n<hr \/>\n<p>Mi abuelo era un hombre fuerte pero cari\u00f1oso. Tambi\u00e9n era un fant\u00e1stico amante de los deportes y vivi\u00f3 hasta bien entrados los 80 a\u00f1os.<\/p>\n<p>Cuando era ni\u00f1o, me ense\u00f1\u00f3 los conceptos b\u00e1sicos de c\u00f3mo coser, cortar, te\u00f1ir telas y producir toallas de buena calidad con pasi\u00f3n y amabilidad.<\/p>\n<p>A menudo, utilizaba las mejores toallas de tela s\u00faper absorbentes, c\u00f3modas y suaves. Dijo: \u201cEl secreto para hacer una buena toalla radica en un buen hilo de algod\u00f3n como materia prima, suave y saludable para nuestra piel y con ingredientes de tinte ecol\u00f3gicos impresos con patrones de buena calidad\u201d. Sobre todo, me ense\u00f1\u00f3 a ser siempre honesto, amable, servicial y apasionado por todos. Es esta filosof\u00eda de mi abuelo la que me inspir\u00f3 a crear mi marca BANGZE TEXTILE.<\/p>\n<p>Nunca llevar\u00e9 una toalla que yo no vaya a usar, esa es mi promesa. A todos los textiles de Bangze y a los hombres que los apoyan con tanto cari\u00f1o, les deseo lo mejor.<\/p>\n<h3><span style=\"color: #000080;\">GARANT\u00cdA DEL PRODUCTO<\/span><\/h3>\n<hr \/>\n<p>Nos complace ofrecer una garant\u00eda de satisfacci\u00f3n 100%, ya sea enviando un producto de reemplazo o aceptando su devoluci\u00f3n y emitiendo un reembolso.<\/p>\n<p>GUANGZHOU BANGZE TEXTILE COMPANY garantiza el producto por un per\u00edodo de un a\u00f1o a partir de la fecha de compra si se considera que el producto tiene defectos de fabricaci\u00f3n. Todas las toallas de algod\u00f3n y de microfibra tienen una garant\u00eda de 12 meses a partir de la fecha de compra.<\/p>\n<p>En caso de reclamaci\u00f3n, por favor cont\u00e1ctenos por correo electr\u00f3nico a<strong><span style=\"font-size: 14pt;\"> <a href=\"mailto:info@towelsports.com,\"><u>info@towelsports.com\u00a0<\/u><\/a><\/span><u><\/u><\/strong>o ll\u00e1manos al<strong><span style=\"font-size: 14pt;\"> 0086 13539770702 <\/span><u><\/u><\/strong>Resolveremos su problema en breve, dentro de 48 horas.<\/p>\n<p>La garant\u00eda no cubre da\u00f1os debidos a accidentes, negligencia o mal uso de los productos, gastos de transporte y comunicaci\u00f3n.<\/p>\n<\/div><\/div><\/div><style type=\"text\/css\">.fusion-body .fusion-builder-column-0{width:100% !important;margin-top : 0px;margin-bottom : 20px;}.fusion-builder-column-0 > .fusion-column-wrapper {padding-top : 0px !important;padding-right : 0px !important;margin-right : 1.92%;padding-bottom : 0px !important;padding-left : 0px !important;margin-left : 1.92%;}@media only screen and (max-width:1024px) {.fusion-body .fusion-builder-column-0{width:100% !important;order : 0;}.fusion-builder-column-0 > .fusion-column-wrapper {margin-right : 1.92%;margin-left : 1.92%;}}@media only screen and (max-width:640px) {.fusion-body .fusion-builder-column-0{width:100% !important;order : 0;}.fusion-builder-column-0 > .fusion-column-wrapper {margin-right : 1.92%;margin-left : 1.92%;}}<\/style><\/div><style type=\"text\/css\">.fusion-body .fusion-flex-container.fusion-builder-row-1{ padding-top : 0px;margin-top : 0px;padding-right : 0px;padding-bottom : 0px;margin-bottom : 0px;padding-left : 0px;}<\/style><\/div>","protected":false},"excerpt":{"rendered":"","protected":false},"author":1,"featured_media":0,"parent":0,"menu_order":0,"comment_status":"closed","ping_status":"closed","template":"100-width.php","meta":{"footnotes":""},"class_list":["post-2406","page","type-page","status-publish","hentry"],"aioseo_notices":[],"_links":{"self":[{"href":"https:\/\/www.towelsports.com\/es\/wp-json\/wp\/v2\/pages\/2406","targetHints":{"allow":["GET"]}}],"collection":[{"href":"https:\/\/www.towelsports.com\/es\/wp-json\/wp\/v2\/pages"}],"about":[{"href":"https:\/\/www.towelsports.com\/es\/wp-json\/wp\/v2\/types\/page"}],"author":[{"embeddable":true,"href":"https:\/\/www.towelsports.com\/es\/wp-json\/wp\/v2\/users\/1"}],"replies":[{"embeddable":true,"href":"https:\/\/www.towelsports.com\/es\/wp-json\/wp\/v2\/comments?post=2406"}],"version-history":[{"count":5,"href":"https:\/\/www.towelsports.com\/es\/wp-json\/wp\/v2\/pages\/2406\/revisions"}],"predecessor-version":[{"id":2441,"href":"https:\/\/www.towelsports.com\/es\/wp-json\/wp\/v2\/pages\/2406\/revisions\/2441"}],"wp:attachment":[{"href":"https:\/\/www.towelsports.com\/es\/wp-json\/wp\/v2\/media?parent=2406"}],"curies":[{"name":"wp","href":"https:\/\/api.w.org\/{rel}","templated":true}]}}