{"id":1083,"date":"2020-04-19T22:38:59","date_gmt":"2020-04-19T14:38:59","guid":{"rendered":"https:\/\/www.towelsports.com\/?page_id=1083"},"modified":"2020-12-16T23:00:19","modified_gmt":"2020-12-16T15:00:19","slug":"coral-fleece-blanket","status":"publish","type":"page","link":"https:\/\/www.towelsports.com\/es\/products\/microfiber-towel\/coral-fleece-blanket\/","title":{"rendered":"Manta polar coralina"},"content":{"rendered":"<div class=\"fusion-fullwidth fullwidth-box fusion-builder-row-1 nonhundred-percent-fullwidth non-hundred-percent-height-scrolling\" style=\"background-color: rgba(255,255,255,0);background-position: center center;background-repeat: no-repeat;padding-top:0px;padding-right:0px;padding-bottom:0px;padding-left:0px;margin-bottom: 0px;margin-top: 0px;border-width: 0px 0px 0px 0px;border-color:#eae9e9;border-style:solid;\" ><div class=\"fusion-builder-row fusion-row\"><div class=\"fusion-layout-column fusion_builder_column fusion-builder-column-0 fusion_builder_column_1_1 1_1 fusion-one-full fusion-column-first fusion-column-last\" style=\"margin-top:0px;margin-bottom:20px;\"><div class=\"fusion-column-wrapper fusion-flex-column-wrapper-legacy\" style=\"background-position:left top;background-repeat:no-repeat;-webkit-background-size:cover;-moz-background-size:cover;-o-background-size:cover;background-size:cover;padding: 0px 0px 0px 0px;\"><div class=\"fusion-text fusion-text-1\"><h2><span style=\"color: #000080; font-size: 18pt;\">Fabricante de mantas de vell\u00f3n coral de alta calidad para dormir en aviones y viajes<\/span><\/h2>\n<p><span style=\"font-size: 12pt;\">Manta de vell\u00f3n coral de microfibra de felpa de alta calidad para venta al por mayor del fabricante y proveedor de China a precio econ\u00f3mico. Bangze Textile dise\u00f1\u00f3 mantas de vell\u00f3n coral s\u00faper suaves de poli\u00e9ster 80% y poliamida 20% para adultos y ni\u00f1os, patr\u00f3n de arte personalizado cosido en hilo bueno y apretado, dos tipos de bordes de costura diferentes, esquinas redondeadas y esquinas rectangulares. Vienen en varios estilos y colores, as\u00ed como algunos lazos opcionales para colgar en la pared. Es una buena manta para mantenerse abrigado cuando se calienta la televisi\u00f3n en la cama doble o se permanece en el sof\u00e1 en invierno. Los pedidos personalizados de mantas de vell\u00f3n coral son muy apreciados.<\/span><\/p>\n<p><span style=\"font-size: 12pt;\">Las mantas tambi\u00e9n se utilizan ampliamente en aviones, habitaciones con aire acondicionado y cuando viajas para dormir. La textura de la tela de felpa es s\u00faper suave y c\u00f3moda y no deja pelusa. El tama\u00f1o de 75 x 100 cm se puede personalizar. Ofrecemos una soluci\u00f3n integral para sus necesidades de mantas. Comun\u00edquese con nosotros para obtener una oferta y una muestra.<\/span><\/p>\n<p><span style=\"color: #000080;\"><strong><span style=\"font-size: 18pt;\">\u00bfCu\u00e1l es la mejor manta para usar en una habitaci\u00f3n con aire acondicionado?<\/span><\/strong><\/span><\/p>\n<p>La manta de vell\u00f3n coral es un tipo de ropa de cama de uso com\u00fan, que tiene la funci\u00f3n de mantener el calor y es m\u00e1s delgada que la colcha. Hay telas de lana de felpa suave en ambos lados, y la superficie tiene una felpa rica, que tiene propiedades de aislamiento t\u00e9rmico. La manta tambi\u00e9n se puede utilizar como decoraciones como colchas y tapices. Seg\u00fan el m\u00e9todo de tejido, las mantas se dividen en tejido org\u00e1nico, mechones, tejido de urdimbre, punzonado con aguja, costura, etc. Las mantas de lujo comunes incluyen jacquard, estampados y colores lisos, que son el\u00e1sticos y c\u00e1lidos, y tienen una textura gruesa. Se utilizan principalmente como cubrecamas, edredones de aire acondicionado, edredones de sof\u00e1, tambi\u00e9n como decoraciones como colchas o tapices, con varios patrones y colores.<\/p>\n<p><strong><span style=\"font-size: 18pt; color: #000080;\">\u00bfCu\u00e1les son las ventajas de las mantas de polar coral?<\/span><\/strong><\/p>\n<p>1. En invierno, se puede utilizar como manta y edred\u00f3n c\u00e1lido de raschel. Acostarse sobre \u00e9l le har\u00e1 olvidar todas sus preocupaciones y el fr\u00edo, y entrar\u00e1 instant\u00e1neamente en un estado c\u00e1lido. Podr\u00e1 dormir hasta el amanecer. Por lo tanto, la manta de raschel puede ayudarle a mejorar la calidad de su sue\u00f1o.<br \/>\n2. La primavera y el oto\u00f1o se pueden utilizar como colcha fina. Es suave sin perder su funci\u00f3n de calidez, pero se ajusta al cuerpo y es bastante transpirable. Es una ropa de cama poco com\u00fan.<br \/>\n3. Summer es una colcha ideal para el verano (no es adecuada una de doble capa). Aunque se siente afelpada al tacto, incluso la raschel gruesa es bastante transpirable y c\u00f3moda de cubrir. \u00a1Muy adecuada para dormir desnudo!<br \/>\n4. Sus ventajas son sobresalientes: la mano se siente muy c\u00f3moda y suave, la fibra es delicada, no se desprende, es c\u00e1lida y transpirable, te\u00f1ida digitalmente, el color es brillante y no se desvanece, debido al proceso \u00fanico de franela, es m\u00e1s grueso y m\u00e1s apretado que las mantas comunes, y su rendimiento de retenci\u00f3n de calor es \u00fanico.<br \/>\n5. Los patrones y tama\u00f1os se pueden personalizar en lotes peque\u00f1os seg\u00fan las necesidades del cliente.<\/p>\n<p><strong><span style=\"font-size: 18pt; color: #000080;\">cuidado de lavado<\/span><\/strong><\/p>\n<p>Las mantas de vell\u00f3n coral se manchan f\u00e1cilmente y se aspiran con facilidad, por lo que se deben lavar con frecuencia. El m\u00e9todo de lavado correcto es remojarlas en agua fr\u00eda durante 30 minutos y luego ponerlas en una soluci\u00f3n de escamas de jab\u00f3n neutro a 40 \uff5e 50 \u2103, seguir d\u00e1ndoles vuelta y evitar frotarlas demasiado para evitar que se formen bolitas. Use agua limpia durante 15 minutos, escurra el agua y d\u00e9jela secar naturalmente. Cuando est\u00e9 medio seca, agite la manta durante unos minutos para aflojar la pelusa y luego contin\u00fae secando hasta que est\u00e9 seca.<\/p>\n<\/div><div class=\"fusion-sep-clear\"><\/div><div class=\"fusion-separator fusion-has-icon fusion-full-width-sep\" style=\"margin-left: auto;margin-right: auto;margin-bottom:30px;width:100%;\"><div class=\"fusion-separator-border sep-single sep-dotted\" style=\"border-color:#8bc34a;border-top-width:3px;\"><\/div><span class=\"icon-wrapper\" style=\"border-color:#8bc34a;background-color:#ff9800;font-size:16px;width: 1.75em; height: 1.75em;border-width:3px;padding:3px;margin-top:-1.5px\"><i class=\"fa fa-chevron-down\" style=\"font-size: inherit;color:#8bc34a;\" aria-hidden=\"true\"><\/i><\/span><div class=\"fusion-separator-border sep-single sep-dotted\" style=\"border-color:#8bc34a;border-top-width:3px;\"><\/div><\/div><div class=\"fusion-sep-clear\"><\/div><style type=\"text\/css\">.fusion-portfolio-wrapper#fusion-portfolio-1 .fusion-portfolio-content{  text-align: center; }<\/style><div class=\"fusion-recent-works fusion-portfolio-element fusion-portfolio fusion-portfolio-1 fusion-portfolio-grid fusion-portfolio-paging-infinite fusion-portfolio-four fusion-portfolio-unboxed fusion-portfolio-text fusion-portfolio-equal-heights fusion-portfolio-rollover\" data-id=\"-rw-1\" data-columns=\"four\"><div role=\"menubar\"><ul class=\"fusion-filters\" role=\"menu\" aria-label=\"filtros\"><li role=\"menuitem\" class=\"fusion-filter fusion-filter-all fusion-active\"><a href=\"#\" data-filter=\"*\">Todo<\/a><\/li><li role=\"menuitem\" class=\"fusion-filter fusion-hidden\"><a href=\"#\" data-filter=\".coral-fleece-blanket\">Manta polar coralina<\/a><\/li><\/ul><\/div><style type=\"text\/css\">.fusion-portfolio-1 .fusion-portfolio-wrapper .fusion-col-spacing{padding:10px;}<\/style><div class=\"fusion-portfolio-wrapper\" id=\"fusion-portfolio-1\" data-picturesize=\"auto\" data-pages=\"1\" style=\"margin:-10px;\"><article id=\"portfolio-1-post-2324\" class=\"fusion-portfolio-post coral-fleece-blanket fusion-col-spacing post-2324\"><div class=\"fusion-portfolio-content-wrapper\" style=\"border:none;\"><span class=\"vcard rich-snippet-hidden\"><span class=\"fn\"><a href=\"https:\/\/www.towelsports.com\/es\/author\/bangze\/\" title=\"Entradas de Bangze\" rel=\"author\">Bangze<\/a><\/span><\/span><span class=\"updated rich-snippet-hidden\">2022-06-05T22:05:21+08:00<\/span>\n\n<div  class=\"fusion-image-wrapper\" aria-haspopup=\"true\">\n\t\n\t\n\t\t\n\t\t\t\t\t<img decoding=\"async\" width=\"800\" height=\"800\" src=\"https:\/\/www.towelsports.com\/wp-content\/uploads\/2020\/05\/Custom-design-winter-plushy-luxury-quality-coral-fleece-blanket-home-use-3.jpg\" class=\"attachment-full size-full wp-post-image\" alt=\"\" srcset=\"https:\/\/www.towelsports.com\/wp-content\/uploads\/2020\/05\/Custom-design-winter-plushy-luxury-quality-coral-fleece-blanket-home-use-3-200x200.jpg 200w, https:\/\/www.towelsports.com\/wp-content\/uploads\/2020\/05\/Custom-design-winter-plushy-luxury-quality-coral-fleece-blanket-home-use-3-400x400.jpg 400w, https:\/\/www.towelsports.com\/wp-content\/uploads\/2020\/05\/Custom-design-winter-plushy-luxury-quality-coral-fleece-blanket-home-use-3-600x600.jpg 600w, https:\/\/www.towelsports.com\/wp-content\/uploads\/2020\/05\/Custom-design-winter-plushy-luxury-quality-coral-fleece-blanket-home-use-3.jpg 800w\" sizes=\"(min-width: 2200px) 100vw, (min-width: 856px) 260px, (min-width: 784px) 347px, (min-width: 712px) 520px, (min-width: 640px) 712px, \" \/>\n\t\n\n\t\t<div class=\"fusion-rollover\">\n\t<div class=\"fusion-rollover-content\">\n\n\t\t\t\t\t\t\t\t\t\t\t\t\t\t<a class=\"fusion-rollover-link\" href=\"https:\/\/www.towelsports.com\/es\/portfolio-items\/custom-design-winter-plushy-luxury-quality-coral-fleece-blanket-home-use\/\">Cree uso en el hogar de la manta coralina del pa\u00f1o grueso y suave de la calidad de lujo lujosa para requisitos particulares del invierno<\/a>\n\t\t\t\n\t\t\t\t\t\t\t\t\t\t\t\t\t\t\n\t\t\t\t\t\t\t\t\n\t\t\t\t\t\t\t\t\t\t\t\t\t<div class=\"fusion-rollover-sep\"><\/div>\n\t\t\t\t\n\t\t\t\t\t\t\t\t\t\t\t\t\t\t\t\t\t\t<a class=\"fusion-rollover-gallery\" href=\"https:\/\/www.towelsports.com\/wp-content\/uploads\/2020\/05\/Custom-design-winter-plushy-luxury-quality-coral-fleece-blanket-home-use-3.jpg\" data-id=\"2324\" data-rel=\"iLightbox[gallery-rw-1]\" data-title=\"Custom design winter plushy luxury quality coral fleece blanket home use (3)\" data-caption=\"\">\n\t\t\t\t\t\tGaler\u00eda\t\t\t\t\t<\/a>\n\t\t\t\t\t\t\t\t\t\t\t\t\t\t\n\t\t\t\t\n\t\t\t\t\t\t\t\t\t\t\t\t<h4 class=\"fusion-rollover-title\">\n\t\t\t\t\t<a class=\"fusion-rollover-title-link\" href=\"https:\/\/www.towelsports.com\/es\/portfolio-items\/custom-design-winter-plushy-luxury-quality-coral-fleece-blanket-home-use\/\">\n\t\t\t\t\t\tCree uso en el hogar de la manta coralina del pa\u00f1o grueso y suave de la calidad de lujo lujosa para requisitos particulares del invierno\t\t\t\t\t<\/a>\n\t\t\t\t<\/h4>\n\t\t\t\n\t\t\t\t\t\t\t\t\t\t\t\t\t\t<div class=\"fusion-rollover-categories\"><a href=\"https:\/\/www.towelsports.com\/es\/portfolio_category\/coral-fleece-blanket\/\" rel=\"tag\">Manta polar coralina<\/a><\/div>\t\t\t\t\t\n\t\t\n\t\t\t\t<a class=\"fusion-link-wrapper\" href=\"https:\/\/www.towelsports.com\/es\/portfolio-items\/custom-design-winter-plushy-luxury-quality-coral-fleece-blanket-home-use\/\" aria-label=\"Cree uso en el hogar de la manta coralina del pa\u00f1o grueso y suave de la calidad de lujo lujosa para requisitos particulares del invierno\"><\/a>\n\t<\/div>\n<\/div>\n\n\t\n<\/div>\n<div class=\"fusion-portfolio-content\"><h2 class=\"entry-title fusion-post-title\"><a href=\"https:\/\/www.towelsports.com\/es\/portfolio-items\/custom-design-winter-plushy-luxury-quality-coral-fleece-blanket-home-use\/\">Cree uso en el hogar de la manta coralina del pa\u00f1o grueso y suave de la calidad de lujo lujosa para requisitos particulares del invierno<\/a><\/h2><div class=\"fusion-post-content\"><p> La manta polar coral est\u00e1 hecha de poli\u00e9ster y [...]<\/p><\/div><\/div><\/div><\/article><article id=\"portfolio-1-post-1303\" class=\"fusion-portfolio-post coral-fleece-blanket microfiber-towel fusion-col-spacing post-1303\"><div class=\"fusion-portfolio-content-wrapper\" style=\"border:none;\"><span class=\"vcard rich-snippet-hidden\"><span class=\"fn\"><a href=\"https:\/\/www.towelsports.com\/es\/author\/bangze\/\" title=\"Entradas de Bangze\" rel=\"author\">Bangze<\/a><\/span><\/span><span class=\"updated rich-snippet-hidden\">2020-12-16T16:46:47+08:00<\/span>\n\n<div  class=\"fusion-image-wrapper\" aria-haspopup=\"true\">\n\t\n\t\n\t\t\n\t\t\t\t\t<img decoding=\"async\" width=\"800\" height=\"800\" src=\"https:\/\/www.towelsports.com\/wp-content\/uploads\/2020\/04\/sublimation-printed-microfiber-coral-flannel-blanket-1.jpg\" class=\"attachment-full size-full wp-post-image\" alt=\"\" srcset=\"https:\/\/www.towelsports.com\/wp-content\/uploads\/2020\/04\/sublimation-printed-microfiber-coral-flannel-blanket-1-200x200.jpg 200w, https:\/\/www.towelsports.com\/wp-content\/uploads\/2020\/04\/sublimation-printed-microfiber-coral-flannel-blanket-1-400x400.jpg 400w, https:\/\/www.towelsports.com\/wp-content\/uploads\/2020\/04\/sublimation-printed-microfiber-coral-flannel-blanket-1-600x600.jpg 600w, https:\/\/www.towelsports.com\/wp-content\/uploads\/2020\/04\/sublimation-printed-microfiber-coral-flannel-blanket-1.jpg 800w\" sizes=\"(min-width: 2200px) 100vw, (min-width: 856px) 260px, (min-width: 784px) 347px, (min-width: 712px) 520px, (min-width: 640px) 712px, \" \/>\n\t\n\n\t\t<div class=\"fusion-rollover\">\n\t<div class=\"fusion-rollover-content\">\n\n\t\t\t\t\t\t\t\t\t\t\t\t\t\t<a class=\"fusion-rollover-link\" href=\"https:\/\/www.towelsports.com\/es\/portfolio-items\/custom-sublimation-print-leopard-pattern-microfiber-coral-fleece-blanket-70x140cm-350gsm\/\">Manta polar coral de microfibra con estampado de leopardo, estampado por sublimaci\u00f3n personalizada, 70x140cm, 350GSM<\/a>\n\t\t\t\n\t\t\t\t\t\t\t\t\t\t\t\t\t\t\n\t\t\t\t\t\t\t\t\n\t\t\t\t\t\t\t\t\t\t\t\t\t<div class=\"fusion-rollover-sep\"><\/div>\n\t\t\t\t\n\t\t\t\t\t\t\t\t\t\t\t\t\t\t\t\t\t\t<a class=\"fusion-rollover-gallery\" href=\"https:\/\/www.towelsports.com\/wp-content\/uploads\/2020\/04\/sublimation-printed-microfiber-coral-flannel-blanket-1.jpg\" data-id=\"1303\" data-rel=\"iLightbox[gallery-rw-1]\" data-title=\"sublimation printed microfiber coral flannel blanket (1)\" data-caption=\"\">\n\t\t\t\t\t\tGaler\u00eda\t\t\t\t\t<\/a>\n\t\t\t\t\t\t\t\t\t\t\t\t\t\t\n\t\t\t\t\n\t\t\t\t\t\t\t\t\t\t\t\t<h4 class=\"fusion-rollover-title\">\n\t\t\t\t\t<a class=\"fusion-rollover-title-link\" href=\"https:\/\/www.towelsports.com\/es\/portfolio-items\/custom-sublimation-print-leopard-pattern-microfiber-coral-fleece-blanket-70x140cm-350gsm\/\">\n\t\t\t\t\t\tManta polar coral de microfibra con estampado de leopardo, estampado por sublimaci\u00f3n personalizada, 70x140cm, 350GSM\t\t\t\t\t<\/a>\n\t\t\t\t<\/h4>\n\t\t\t\n\t\t\t\t\t\t\t\t\t\t\t\t\t\t<div class=\"fusion-rollover-categories\"><a href=\"https:\/\/www.towelsports.com\/es\/portfolio_category\/coral-fleece-blanket\/\" rel=\"tag\">Manta polar coralina<\/a>, <a href=\"https:\/\/www.towelsports.com\/es\/portfolio_category\/microfiber-towel\/\" rel=\"tag\">toalla de microfibra<\/a><\/div>\t\t\t\t\t\n\t\t\n\t\t\t\t<a class=\"fusion-link-wrapper\" href=\"https:\/\/www.towelsports.com\/es\/portfolio-items\/custom-sublimation-print-leopard-pattern-microfiber-coral-fleece-blanket-70x140cm-350gsm\/\" aria-label=\"Manta polar coral de microfibra con estampado de leopardo, estampado por sublimaci\u00f3n personalizada, 70x140cm, 350GSM\"><\/a>\n\t<\/div>\n<\/div>\n\n\t\n<\/div>\n<div class=\"fusion-portfolio-content\"><h2 class=\"entry-title fusion-post-title\"><a href=\"https:\/\/www.towelsports.com\/es\/portfolio-items\/custom-sublimation-print-leopard-pattern-microfiber-coral-fleece-blanket-70x140cm-350gsm\/\">Manta polar coral de microfibra con estampado de leopardo, estampado por sublimaci\u00f3n personalizada, 70x140cm, 350GSM<\/a><\/h2><div class=\"fusion-post-content\"><p> Manta polar coral de microfibra estampada de tama\u00f1o completo de 60x120 cm, [...]<\/p><\/div><\/div><\/div><\/article><\/div><\/div><div class=\"fusion-clearfix\"><\/div><\/div><\/div><\/div><\/div>","protected":false},"excerpt":{"rendered":"","protected":false},"author":1,"featured_media":0,"parent":1025,"menu_order":0,"comment_status":"closed","ping_status":"closed","template":"","meta":{"footnotes":""},"class_list":["post-1083","page","type-page","status-publish","hentry"],"aioseo_notices":[],"_links":{"self":[{"href":"https:\/\/www.towelsports.com\/es\/wp-json\/wp\/v2\/pages\/1083","targetHints":{"allow":["GET"]}}],"collection":[{"href":"https:\/\/www.towelsports.com\/es\/wp-json\/wp\/v2\/pages"}],"about":[{"href":"https:\/\/www.towelsports.com\/es\/wp-json\/wp\/v2\/types\/page"}],"author":[{"embeddable":true,"href":"https:\/\/www.towelsports.com\/es\/wp-json\/wp\/v2\/users\/1"}],"replies":[{"embeddable":true,"href":"https:\/\/www.towelsports.com\/es\/wp-json\/wp\/v2\/comments?post=1083"}],"version-history":[{"count":6,"href":"https:\/\/www.towelsports.com\/es\/wp-json\/wp\/v2\/pages\/1083\/revisions"}],"predecessor-version":[{"id":2779,"href":"https:\/\/www.towelsports.com\/es\/wp-json\/wp\/v2\/pages\/1083\/revisions\/2779"}],"up":[{"embeddable":true,"href":"https:\/\/www.towelsports.com\/es\/wp-json\/wp\/v2\/pages\/1025"}],"wp:attachment":[{"href":"https:\/\/www.towelsports.com\/es\/wp-json\/wp\/v2\/media?parent=1083"}],"curies":[{"name":"wp","href":"https:\/\/api.w.org\/{rel}","templated":true}]}}