{"id":37,"date":"2018-04-05T13:38:25","date_gmt":"2018-04-05T05:38:25","guid":{"rendered":"https:\/\/www.towelsports.com\/?page_id=37"},"modified":"2020-12-14T22:37:36","modified_gmt":"2020-12-14T14:37:36","slug":"faq-2","status":"publish","type":"page","link":"https:\/\/www.towelsports.com\/de\/faq-2\/","title":{"rendered":"FAQ"},"content":{"rendered":"<p><div class=\"fusion-fullwidth fullwidth-box fusion-builder-row-1 fusion-parallax-none nonhundred-percent-fullwidth non-hundred-percent-height-scrolling\" style=\"background-color: #ffffff;background-image: url(&quot;https:\/\/www.towelsports.com\/wp-content\/uploads\/2018\/04\/FAQ.jpeg&quot;);background-position: center center;background-repeat: no-repeat;padding-top:300px;padding-right:300px;padding-bottom:0px;padding-left:0px;margin-bottom: 0px;margin-top: -50px;border-width: 0px 0px 0px 0px;border-color:#eae9e9;border-style:solid;-webkit-background-size:cover;-moz-background-size:cover;-o-background-size:cover;background-size:cover;\" ><div class=\"fusion-builder-row fusion-row\"><div class=\"fusion-layout-column fusion_builder_column fusion-builder-column-0 fusion_builder_column_1_1 1_1 fusion-one-full fusion-column-first fusion-column-last\" style=\"margin-top:0px;margin-bottom:20px;\"><div class=\"fusion-column-wrapper fusion-flex-column-wrapper-legacy\" style=\"background-position:left top;background-repeat:no-repeat;-webkit-background-size:cover;-moz-background-size:cover;-o-background-size:cover;background-size:cover;padding: 0px 0px 0px 0px;\"><div class=\"fusion-clearfix\"><\/div><\/div><\/div><\/div><\/div><div class=\"fusion-fullwidth fullwidth-box fusion-builder-row-2 nonhundred-percent-fullwidth non-hundred-percent-height-scrolling\" style=\"background-color: rgba(221,221,221,0.98);background-position: center center;background-repeat: no-repeat;padding-top:0px;padding-right:0px;padding-bottom:0px;padding-left:0px;margin-bottom: 0px;margin-top: 0px;border-width: 0px 0px 0px 0px;border-color:#eae9e9;border-style:solid;\" ><div class=\"fusion-builder-row fusion-row\"><div class=\"fusion-layout-column fusion_builder_column fusion-builder-column-1 fusion_builder_column_1_1 1_1 fusion-one-full fusion-column-first fusion-column-last\" style=\"margin-top:0px;margin-bottom:20px;\"><div class=\"fusion-column-wrapper fusion-flex-column-wrapper-legacy\" style=\"background-position:left top;background-repeat:no-repeat;-webkit-background-size:cover;-moz-background-size:cover;-o-background-size:cover;background-size:cover;padding: 0px 0px 0px 0px;\"><div class=\"fusion-sep-clear\"><\/div><div class=\"fusion-separator fusion-full-width-sep\" style=\"margin-left: auto;margin-right: auto;margin-top:60px;width:100%;\"><div class=\"fusion-separator-border sep-double\" style=\"border-color:#e0dede;border-top-width:1px;border-bottom-width:1px;\"><\/div><\/div><div class=\"fusion-sep-clear\"><\/div><div class=\"fusion-text fusion-text-1\"><p style=\"text-align: center;\"><span style=\"color: #000080;\"><strong><span style=\"font-size: 24px;\">FAQs f\u00fcr Unternehmen<\/span><\/strong><\/span><\/p>\n<p><span style=\"color: #000080;\"><strong>F: Wie ist die Marke BANGZE?<\/strong><\/span><\/p>\n<p>Bangze ist ein ber\u00fchmter Top-10-Markenhandtuchhersteller Chinas und bietet:<\/p>\n<p>-10 Jahre Erfahrung als Handtuchhersteller.<\/p>\n<p>-15000 Quadratmeter Fabrik<\/p>\n<p>-12 Monate Garantie<\/p>\n<p><span style=\"color: #000080;\"><strong>F: Welche Zertifizierungen haben Sie?<\/strong><\/span><\/p>\n<p>Qualit\u00e4tskontrolle nach ISO9001, AZO und 100% und Dauertests vor jedem Versand.<\/p>\n<p><span style=\"color: #000080;\"><strong>F: Welche Garantie gilt f\u00fcr Bangze-Produkte?<\/strong><\/span><\/p>\n<p>12 Monate Garantie (kostenlos) f\u00fcr alle Bangze-Standardprodukte.<\/p>\n<p>Nach Ablauf der zweij\u00e4hrigen Garantiezeit wird eine lebenslange Wartung gew\u00e4hrt.<\/p>\n<p><span style=\"color: #000080;\"><strong>F: Welche Zahlungsmethoden bieten Sie an?<\/strong><\/span><\/p>\n<p>Akzeptieren Sie Zahlungen per TT-Bank\u00fcberweisung, Western Union, Money Gram und Paypal.<\/p>\n<p>Akzeptieren Sie L\/C bei Sicht (Gro\u00dfbestellung).<\/p>\n<p><span style=\"color: #000080;\"><strong>F: Wie lange dauert Ihre Produktion?<\/strong><\/span><\/p>\n<p>3-10 Werktage f\u00fcr Musterbestellung.<\/p>\n<p>20\u201325 Werktage f\u00fcr Gro\u00dfbestellungen.<\/p>\n<p><span style=\"color: #000080;\"><strong>F: Wie erfolgt der Versand?<\/strong><\/span><\/p>\n<p>3-5 Tage per Expresskurier bis vor Ihre Haust\u00fcr.<\/p>\n<p>3-5 Tage mit dem Flugzeug zu Ihrem n\u00e4chstgelegenen Flughafen.<\/p>\n<p>18\u201335 Tage auf dem Seeweg zu Ihrem n\u00e4chstgelegenen Seehafen.<\/p>\n<p style=\"text-align: center;\"><span style=\"color: #000080;\"><strong><span style=\"font-size: 24px;\">FAQs zu Produkten<\/span><\/strong><\/span><\/p>\n<p><span style=\"color: #000080;\"><strong>F: Welche Handtuchl\u00f6sungen k\u00f6nnen Sie anbieten?<\/strong><\/span><\/p>\n<p>Bangze bietet Handt\u00fccher f\u00fcr Reisen, Sport, Fitness und Yoga. Sonderverkauf aller Sporthandt\u00fccher.<\/p>\n<p><span style=\"color: #000080;\"><strong>F: Ist es m\u00f6glich, Sonderbestellungen individuell anzupassen?<\/strong><\/span><\/p>\n<p>Ja. Bangze unterst\u00fctzt Sie bei der Herstellung von Handt\u00fcchern nach Ihrem Design und Material.<\/p>\n<p><span style=\"color: #000080;\"><strong>F: Welche Art von Material verwenden Sie?<\/strong><\/span><\/p>\n<p>100% Baumwolle, Mikrofaser 80% Polyester und 20% Polyamid.<\/p>\n<p><span style=\"color: #000080;\"><strong>F: Welches Logo kann auf Ihrem Handtuch angebracht werden?<\/strong><\/span><\/p>\n<p>Sticklogo, Siebdrucklogo, Pr\u00e4gelogo und Sublimationsdrucklogo<\/p>\n<p><span style=\"color: #000080;\"><strong>F: Kann die Kantenfarbe Ihres Handtuchs von der Stofffarbe abweichen?<\/strong><\/span><\/p>\n<p>Ja, das ist eine beliebte und coole Art.<\/p>\n<p><span style=\"color: #000080;\"><strong>F: Was ist Ihre Standarddicke f\u00fcr Sporthandt\u00fccher?<\/strong><\/span><\/p>\n<p>Mikrofasermaterial: 200 g\/m\u00b2<\/p>\n<p>Baumwollmaterial: 450 g\/m\u00b2<\/p>\n<p><span style=\"color: #000080;\"><strong>F: Bleicht Ihr Handtuch nach dem Waschen in der Maschine aus?<\/strong><\/span><\/p>\n<p>Unser Handtuch kann bei 40\u00a0\u00b0C von Hand oder in der Maschine gewaschen werden, ohne auszubleichen.<\/p>\n<p><span style=\"color: #000080;\"><strong>F: Welche Verpackungsart bieten Sie an?<\/strong><\/span><\/p>\n<p>Normaler transparenter OPP-Polybeutel<\/p>\n<p>Netzbeutel<\/p>\n<p>Oder passen Sie Ihr Design an<\/p>\n<p><span style=\"color: #000080;\"><strong>F: Bieten Sie Handt\u00fccher f\u00fcr die Plattformen Amazon oder eBay an?<\/strong><\/span><\/p>\n<p>Ja, wir liefern Reise-\/Sporthandt\u00fccher f\u00fcr 6 Amazon- und 2 Ebay-Gro\u00dfseller.<\/p>\n<p><span style=\"color: #000080;\"><strong>F: K\u00f6nnen Sie der Verpackung eine UPCA, UPCE oder EAN hinzuf\u00fcgen?<\/strong><\/span><\/p>\n<p>Ja, das k\u00f6nnen wir. Wir sind mit den Versandregeln und -bestimmungen von Amazon und eBay vertraut.<\/p>\n<\/div><div class=\"fusion-clearfix\"><\/div><\/div><\/div><\/div><\/div><\/p>","protected":false},"excerpt":{"rendered":"","protected":false},"author":1,"featured_media":0,"parent":0,"menu_order":0,"comment_status":"closed","ping_status":"closed","template":"100-width.php","meta":{"footnotes":""},"class_list":["post-37","page","type-page","status-publish","hentry"],"aioseo_notices":[],"_links":{"self":[{"href":"https:\/\/www.towelsports.com\/de\/wp-json\/wp\/v2\/pages\/37","targetHints":{"allow":["GET"]}}],"collection":[{"href":"https:\/\/www.towelsports.com\/de\/wp-json\/wp\/v2\/pages"}],"about":[{"href":"https:\/\/www.towelsports.com\/de\/wp-json\/wp\/v2\/types\/page"}],"author":[{"embeddable":true,"href":"https:\/\/www.towelsports.com\/de\/wp-json\/wp\/v2\/users\/1"}],"replies":[{"embeddable":true,"href":"https:\/\/www.towelsports.com\/de\/wp-json\/wp\/v2\/comments?post=37"}],"version-history":[{"count":32,"href":"https:\/\/www.towelsports.com\/de\/wp-json\/wp\/v2\/pages\/37\/revisions"}],"predecessor-version":[{"id":2555,"href":"https:\/\/www.towelsports.com\/de\/wp-json\/wp\/v2\/pages\/37\/revisions\/2555"}],"wp:attachment":[{"href":"https:\/\/www.towelsports.com\/de\/wp-json\/wp\/v2\/media?parent=37"}],"curies":[{"name":"wp","href":"https:\/\/api.w.org\/{rel}","templated":true}]}}