{"id":2406,"date":"2020-09-21T14:37:57","date_gmt":"2020-09-21T06:37:57","guid":{"rendered":"https:\/\/www.towelsports.com\/?page_id=2406"},"modified":"2020-12-13T16:06:18","modified_gmt":"2020-12-13T08:06:18","slug":"warranty-policy","status":"publish","type":"page","link":"https:\/\/www.towelsports.com\/de\/warranty-policy\/","title":{"rendered":"Garantiebestimmungen"},"content":{"rendered":"<div class=\"fusion-fullwidth fullwidth-box fusion-builder-row-1 fusion-flex-container nonhundred-percent-fullwidth non-hundred-percent-height-scrolling\" style=\"background-color: rgba(255,255,255,0);background-position: center center;background-repeat: no-repeat;border-width: 0px 0px 0px 0px;border-color:#eae9e9;border-style:solid;\" ><div class=\"fusion-builder-row fusion-row fusion-flex-align-items-flex-start\" style=\"max-width:1144px;margin-left: calc(-4% \/ 2 );margin-right: calc(-4% \/ 2 );\"><div class=\"fusion-layout-column fusion_builder_column fusion-builder-column-0 fusion_builder_column_1_1 1_1 fusion-flex-column\"><div class=\"fusion-column-wrapper fusion-flex-justify-content-flex-start fusion-content-layout-column\" style=\"background-position:left top;background-repeat:no-repeat;-webkit-background-size:cover;-moz-background-size:cover;-o-background-size:cover;background-size:cover;padding: 0px 0px 0px 0px;\"><div class=\"fusion-text fusion-text-1\"><h3 data-sr-id=\"1\"><span style=\"color: #000080;\">WARUM BANGZE TEXTILE?<\/span><\/h3>\n<hr \/>\n<p>Mein Gro\u00dfvater war ein harter, aber liebevoller Mann. Au\u00dferdem war er ein gro\u00dfer Sportliebhaber und wurde \u00fcber 80 Jahre alt.<\/p>\n<p>Als kleiner Junge brachte er mir mit Leidenschaft und Freundlichkeit die Grundlagen des N\u00e4hens, Schneidens und F\u00e4rbens von Stoffen bei und wie man hochwertige Handt\u00fccher herstellt.<\/p>\n<p>Er verwendete oft nur die besten, wasserabsorbierenden, bequemen und weichen Stoffhandt\u00fccher. Er sagte: \u201eDas Geheimnis der Herstellung guter Handt\u00fccher liegt in hochwertigem Baumwollgarn, das weich und gesund f\u00fcr unsere Haut ist, und in umweltfreundlichen Farbstoffen, die ein hochwertiges Muster ergeben.\u201c Vor allem lehrte er mich, immer ehrlich, freundlich, hilfsbereit und leidenschaftlich zu sein. Diese Philosophie meines Gro\u00dfvaters hat mich dazu inspiriert, meine Marke BANGZE TEXTILE zu gr\u00fcnden.<\/p>\n<p>Ich werde nie ein Handtuch tragen, das ich nicht selbst benutze, das ist mein Versprechen an Sie. Allen Bangze-Textilunternehmen und den M\u00e4nnern, die sie liebevoll unterst\u00fctzen, w\u00fcnsche ich nur das Beste.<\/p>\n<h3><span style=\"color: #000080;\">PRODUKTGARANTIE<\/span><\/h3>\n<hr \/>\n<p>Wir freuen uns, eine 100%-Zufriedenheitsgarantie anbieten zu k\u00f6nnen, sei es durch die Zusendung eines Ersatzprodukts oder die Annahme Ihrer R\u00fccksendung und Ausstellung einer R\u00fcckerstattung.<\/p>\n<p>GUANGZHOU BANGZE TEXTILE COMPANY gew\u00e4hrt auf das Produkt eine einj\u00e4hrige Garantie ab Kaufdatum, wenn das Produkt einen Verarbeitungsfehler aufweist. F\u00fcr alle Baumwollhandt\u00fccher und Mikrofaserhandt\u00fccher gilt eine Garantie von 12 Monaten ab Kaufdatum.<\/p>\n<p>Im Schadensfall kontaktieren Sie uns bitte per E-Mail an<strong><span style=\"font-size: 14pt;\"> <a href=\"mailto:info@towelsports.com,\"><u>info@towelsports.com\u00a0<\/u><\/a><\/span><u><\/u><\/strong>oder rufen Sie uns an<strong><span style=\"font-size: 14pt;\"> 0086 13539770702 <\/span><u><\/u><\/strong>Wir werden Ihr Problem innerhalb von 48 Stunden l\u00f6sen.<\/p>\n<p>Die Garantie deckt keine Sch\u00e4den durch Unf\u00e4lle, Fahrl\u00e4ssigkeit oder Missbrauch der Produkte sowie Transport- und Kommunikationskosten ab.<\/p>\n<\/div><\/div><\/div><style type=\"text\/css\">.fusion-body .fusion-builder-column-0{width:100% !important;margin-top : 0px;margin-bottom : 20px;}.fusion-builder-column-0 > .fusion-column-wrapper {padding-top : 0px !important;padding-right : 0px !important;margin-right : 1.92%;padding-bottom : 0px !important;padding-left : 0px !important;margin-left : 1.92%;}@media only screen and (max-width:1024px) {.fusion-body .fusion-builder-column-0{width:100% !important;order : 0;}.fusion-builder-column-0 > .fusion-column-wrapper {margin-right : 1.92%;margin-left : 1.92%;}}@media only screen and (max-width:640px) {.fusion-body .fusion-builder-column-0{width:100% !important;order : 0;}.fusion-builder-column-0 > .fusion-column-wrapper {margin-right : 1.92%;margin-left : 1.92%;}}<\/style><\/div><style type=\"text\/css\">.fusion-body .fusion-flex-container.fusion-builder-row-1{ padding-top : 0px;margin-top : 0px;padding-right : 0px;padding-bottom : 0px;margin-bottom : 0px;padding-left : 0px;}<\/style><\/div>","protected":false},"excerpt":{"rendered":"","protected":false},"author":1,"featured_media":0,"parent":0,"menu_order":0,"comment_status":"closed","ping_status":"closed","template":"100-width.php","meta":{"footnotes":""},"class_list":["post-2406","page","type-page","status-publish","hentry"],"aioseo_notices":[],"_links":{"self":[{"href":"https:\/\/www.towelsports.com\/de\/wp-json\/wp\/v2\/pages\/2406","targetHints":{"allow":["GET"]}}],"collection":[{"href":"https:\/\/www.towelsports.com\/de\/wp-json\/wp\/v2\/pages"}],"about":[{"href":"https:\/\/www.towelsports.com\/de\/wp-json\/wp\/v2\/types\/page"}],"author":[{"embeddable":true,"href":"https:\/\/www.towelsports.com\/de\/wp-json\/wp\/v2\/users\/1"}],"replies":[{"embeddable":true,"href":"https:\/\/www.towelsports.com\/de\/wp-json\/wp\/v2\/comments?post=2406"}],"version-history":[{"count":5,"href":"https:\/\/www.towelsports.com\/de\/wp-json\/wp\/v2\/pages\/2406\/revisions"}],"predecessor-version":[{"id":2441,"href":"https:\/\/www.towelsports.com\/de\/wp-json\/wp\/v2\/pages\/2406\/revisions\/2441"}],"wp:attachment":[{"href":"https:\/\/www.towelsports.com\/de\/wp-json\/wp\/v2\/media?parent=2406"}],"curies":[{"name":"wp","href":"https:\/\/api.w.org\/{rel}","templated":true}]}}