{"id":1083,"date":"2020-04-19T22:38:59","date_gmt":"2020-04-19T14:38:59","guid":{"rendered":"https:\/\/www.towelsports.com\/?page_id=1083"},"modified":"2020-12-16T23:00:19","modified_gmt":"2020-12-16T15:00:19","slug":"coral-fleece-blanket","status":"publish","type":"page","link":"https:\/\/www.towelsports.com\/de\/products\/microfiber-towel\/coral-fleece-blanket\/","title":{"rendered":"Korallenfleece-Decke"},"content":{"rendered":"<div class=\"fusion-fullwidth fullwidth-box fusion-builder-row-1 nonhundred-percent-fullwidth non-hundred-percent-height-scrolling\" style=\"background-color: rgba(255,255,255,0);background-position: center center;background-repeat: no-repeat;padding-top:0px;padding-right:0px;padding-bottom:0px;padding-left:0px;margin-bottom: 0px;margin-top: 0px;border-width: 0px 0px 0px 0px;border-color:#eae9e9;border-style:solid;\" ><div class=\"fusion-builder-row fusion-row\"><div class=\"fusion-layout-column fusion_builder_column fusion-builder-column-0 fusion_builder_column_1_1 1_1 fusion-one-full fusion-column-first fusion-column-last\" style=\"margin-top:0px;margin-bottom:20px;\"><div class=\"fusion-column-wrapper fusion-flex-column-wrapper-legacy\" style=\"background-position:left top;background-repeat:no-repeat;-webkit-background-size:cover;-moz-background-size:cover;-o-background-size:cover;background-size:cover;padding: 0px 0px 0px 0px;\"><div class=\"fusion-text fusion-text-1\"><h2><span style=\"color: #000080; font-size: 18pt;\">Hochwertige Coral Fleece Decke f\u00fcr Flugzeug und Reisen Schlafen Hersteller<\/span><\/h2>\n<p><span style=\"font-size: 12pt;\">Hochwertige, weiche Mikrofaser-Korallenfleecedecke zum Gro\u00dfhandelspreis vom chinesischen Hersteller und Lieferanten zu g\u00fcnstigen Preisen. Bangze Textile hat superweiche Korallenfleecedecken aus 80% Polyester und 20% Polyamid f\u00fcr Erwachsene und Kinder entworfen, individuelles Muster mit festem und gutem Faden gen\u00e4ht, zwei verschiedene N\u00e4hkantenarten mit runden und rechteckigen Ecken. Sie sind in verschiedenen Stilen und Farben erh\u00e4ltlich und haben optionale Schlaufen zum Aufh\u00e4ngen an der Wand. Es ist eine gute Decke, um sich warm zu halten, wenn man im Winter den Fernseher im Doppelbett oder auf dem Sofa w\u00e4rmt. Individuelle Bestellungen f\u00fcr Korallenfleecedecken werden sehr gesch\u00e4tzt.<\/span><\/p>\n<p><span style=\"font-size: 12pt;\">Decken werden auch h\u00e4ufig im Flugzeug, in klimatisierten R\u00e4umen und auf Reisen zum Schlafen verwendet. Die superweiche und bequeme Pl\u00fcschtextur und die fusselfreie Gr\u00f6\u00dfe 75 x 100 cm k\u00f6nnen individuell angepasst werden. Wir bieten eine Komplettl\u00f6sung f\u00fcr Ihre Deckenanforderungen. Bitte kontaktieren Sie uns, um ein Angebot und ein Muster zu erhalten.<\/span><\/p>\n<p><span style=\"color: #000080;\"><strong><span style=\"font-size: 18pt;\">Welche Decke eignet sich am besten f\u00fcr klimatisierte R\u00e4ume?<\/span><\/strong><\/span><\/p>\n<p>Korallenvliesdecken sind eine Art h\u00e4ufig verwendetes Bettzeug, das die Funktion hat, warm zu halten und d\u00fcnner als Steppdecken ist. Auf beiden Seiten befinden sich weiche Wollpl\u00fcschstoffe und die Oberfl\u00e4che ist mit reichhaltigem Pl\u00fcsch versehen, der w\u00e4rmeisolierende Eigenschaften hat. Die Decke kann auch als Dekoration wie Tagesdecke und Wandteppich verwendet werden. Je nach Webmethode werden Decken in organische Weberei, Tufting, Kettenwirkerei, Nadelfilzen, N\u00e4hen usw. unterteilt. \u00dcbliche ausgefallene Decken sind Jacquard-, Druck- und Unifarben, die elastisch und warm sind und eine dicke Textur haben. Sie werden haupts\u00e4chlich als Bettdecken, Klimaanlagendecken, Sofadecken und als Dekoration wie Tagesdecken oder Wandteppiche in verschiedenen Mustern und Farben verwendet.<\/p>\n<p><strong><span style=\"font-size: 18pt; color: #000080;\">Was sind die Vorteile von Coral Fleece-Decken?<\/span><\/strong><\/p>\n<p>1. Im Winter kann sie als Decke und warme Rascheldecke verwendet werden. Wenn Sie darauf liegen, vergessen Sie alle Ihre Sorgen und die K\u00e4lte und werden sofort warm. Sie k\u00f6nnen bis zum Morgengrauen schlafen. Daher kann die Rascheldecke Ihnen helfen, Ihre Schlafqualit\u00e4t zu verbessern.<br \/>\n2. Im Fr\u00fchling und Herbst kann es als d\u00fcnne Steppdecke verwendet werden. Es ist weich, ohne seine W\u00e4rmefunktion zu verlieren, liegt aber eng am K\u00f6rper an, ist aber ziemlich atmungsaktiv. Es ist eine seltene Bettw\u00e4sche.<br \/>\n3. Summer ist eine ideale Sommerdecke (doppellagige Sommerdecke ist nicht geeignet). Obwohl sie sich pl\u00fcschig anf\u00fchlt, ist selbst die verdickte Rascheldecke recht atmungsaktiv und angenehm zu bedecken. Sehr gut zum Nacktschlafen geeignet!<br \/>\n4. Seine Vorteile sind hervorragend: Die Hand f\u00fchlt sich sehr angenehm und weich an, die Faser ist zart, fusselt nicht, sie ist warm und atmungsaktiv, digital gef\u00e4rbt, die Farbe ist hell und verblasst nicht, aufgrund des einzigartigen Flanellverfahrens ist sie dicker und dichter als gew\u00f6hnliche Decken und ihre W\u00e4rmespeicherleistung ist einzigartig<br \/>\n5. Muster und Gr\u00f6\u00dfen k\u00f6nnen in kleinen Chargen nach Kundenwunsch angepasst werden<\/p>\n<p><strong><span style=\"font-size: 18pt; color: #000080;\">Waschpflege<\/span><\/strong><\/p>\n<p>Korallenfleecedecken sind leicht fleckig und m\u00fcssen abgesaugt werden, also waschen Sie sie h\u00e4ufig. Die richtige Waschmethode besteht darin, sie 30 Minuten lang in kaltem Wasser einzuweichen und sie dann in eine neutrale Seifenflockenl\u00f6sung bei 40 bis 50 \u00b0C zu legen, sie dabei immer wieder zu wenden und zu starkes Reiben zu vermeiden, um ein Kn\u00f6tchen zu vermeiden. Verwenden Sie 15 Minuten lang sauberes Wasser, dr\u00fccken Sie das Wasser heraus und lassen Sie sie nat\u00fcrlich trocknen. Wenn sie halb trocken ist, sch\u00fctteln Sie die Decke einige Minuten lang, um die Flusen zu l\u00f6sen, und trocknen Sie sie dann weiter, bis sie trocken ist.<\/p>\n<\/div><div class=\"fusion-sep-clear\"><\/div><div class=\"fusion-separator fusion-has-icon fusion-full-width-sep\" style=\"margin-left: auto;margin-right: auto;margin-bottom:30px;width:100%;\"><div class=\"fusion-separator-border sep-single sep-dotted\" style=\"border-color:#8bc34a;border-top-width:3px;\"><\/div><span class=\"icon-wrapper\" style=\"border-color:#8bc34a;background-color:#ff9800;font-size:16px;width: 1.75em; height: 1.75em;border-width:3px;padding:3px;margin-top:-1.5px\"><i class=\"fa fa-chevron-down\" style=\"font-size: inherit;color:#8bc34a;\" aria-hidden=\"true\"><\/i><\/span><div class=\"fusion-separator-border sep-single sep-dotted\" style=\"border-color:#8bc34a;border-top-width:3px;\"><\/div><\/div><div class=\"fusion-sep-clear\"><\/div><style type=\"text\/css\">.fusion-portfolio-wrapper#fusion-portfolio-1 .fusion-portfolio-content{  text-align: center; }<\/style><div class=\"fusion-recent-works fusion-portfolio-element fusion-portfolio fusion-portfolio-1 fusion-portfolio-grid fusion-portfolio-paging-infinite fusion-portfolio-four fusion-portfolio-unboxed fusion-portfolio-text fusion-portfolio-equal-heights fusion-portfolio-rollover\" data-id=\"-rw-1\" data-columns=\"four\"><div role=\"menubar\"><ul class=\"fusion-filters\" role=\"menu\" aria-label=\"Filter\"><li role=\"menuitem\" class=\"fusion-filter fusion-filter-all fusion-active\"><a href=\"#\" data-filter=\"*\">Alle<\/a><\/li><li role=\"menuitem\" class=\"fusion-filter fusion-hidden\"><a href=\"#\" data-filter=\".coral-fleece-blanket\">Korallenfleece-Decke<\/a><\/li><\/ul><\/div><style type=\"text\/css\">.fusion-portfolio-1 .fusion-portfolio-wrapper .fusion-col-spacing{padding:10px;}<\/style><div class=\"fusion-portfolio-wrapper\" id=\"fusion-portfolio-1\" data-picturesize=\"auto\" data-pages=\"1\" style=\"margin:-10px;\"><article id=\"portfolio-1-post-2324\" class=\"fusion-portfolio-post coral-fleece-blanket fusion-col-spacing post-2324\"><div class=\"fusion-portfolio-content-wrapper\" style=\"border:none;\"><span class=\"vcard rich-snippet-hidden\"><span class=\"fn\"><a href=\"https:\/\/www.towelsports.com\/de\/author\/bangze\/\" title=\"Beitr\u00e4ge von Bangze\" rel=\"author\">Bangze<\/a><\/span><\/span><span class=\"updated rich-snippet-hidden\">2022-06-05T22:05:21+08:00<\/span>\n\n<div  class=\"fusion-image-wrapper\" aria-haspopup=\"true\">\n\t\n\t\n\t\t\n\t\t\t\t\t<img decoding=\"async\" width=\"800\" height=\"800\" src=\"https:\/\/www.towelsports.com\/wp-content\/uploads\/2020\/05\/Custom-design-winter-plushy-luxury-quality-coral-fleece-blanket-home-use-3.jpg\" class=\"attachment-full size-full wp-post-image\" alt=\"\" srcset=\"https:\/\/www.towelsports.com\/wp-content\/uploads\/2020\/05\/Custom-design-winter-plushy-luxury-quality-coral-fleece-blanket-home-use-3-200x200.jpg 200w, https:\/\/www.towelsports.com\/wp-content\/uploads\/2020\/05\/Custom-design-winter-plushy-luxury-quality-coral-fleece-blanket-home-use-3-400x400.jpg 400w, https:\/\/www.towelsports.com\/wp-content\/uploads\/2020\/05\/Custom-design-winter-plushy-luxury-quality-coral-fleece-blanket-home-use-3-600x600.jpg 600w, https:\/\/www.towelsports.com\/wp-content\/uploads\/2020\/05\/Custom-design-winter-plushy-luxury-quality-coral-fleece-blanket-home-use-3.jpg 800w\" sizes=\"(min-width: 2200px) 100vw, (min-width: 856px) 260px, (min-width: 784px) 347px, (min-width: 712px) 520px, (min-width: 640px) 712px, \" \/>\n\t\n\n\t\t<div class=\"fusion-rollover\">\n\t<div class=\"fusion-rollover-content\">\n\n\t\t\t\t\t\t\t\t\t\t\t\t\t\t<a class=\"fusion-rollover-link\" href=\"https:\/\/www.towelsports.com\/de\/portfolio-items\/custom-design-winter-plushy-luxury-quality-coral-fleece-blanket-home-use\/\">Individuell gestaltete Winter-Pl\u00fcschdecke in Luxusqualit\u00e4t aus Korallenvlies f\u00fcr den Heimgebrauch<\/a>\n\t\t\t\n\t\t\t\t\t\t\t\t\t\t\t\t\t\t\n\t\t\t\t\t\t\t\t\n\t\t\t\t\t\t\t\t\t\t\t\t\t<div class=\"fusion-rollover-sep\"><\/div>\n\t\t\t\t\n\t\t\t\t\t\t\t\t\t\t\t\t\t\t\t\t\t\t<a class=\"fusion-rollover-gallery\" href=\"https:\/\/www.towelsports.com\/wp-content\/uploads\/2020\/05\/Custom-design-winter-plushy-luxury-quality-coral-fleece-blanket-home-use-3.jpg\" data-id=\"2324\" data-rel=\"iLightbox[gallery-rw-1]\" data-title=\"Custom design winter plushy luxury quality coral fleece blanket home use (3)\" data-caption=\"\">\n\t\t\t\t\t\tGalerie\t\t\t\t\t<\/a>\n\t\t\t\t\t\t\t\t\t\t\t\t\t\t\n\t\t\t\t\n\t\t\t\t\t\t\t\t\t\t\t\t<h4 class=\"fusion-rollover-title\">\n\t\t\t\t\t<a class=\"fusion-rollover-title-link\" href=\"https:\/\/www.towelsports.com\/de\/portfolio-items\/custom-design-winter-plushy-luxury-quality-coral-fleece-blanket-home-use\/\">\n\t\t\t\t\t\tIndividuell gestaltete Winter-Pl\u00fcschdecke in Luxusqualit\u00e4t aus Korallenvlies f\u00fcr den Heimgebrauch\t\t\t\t\t<\/a>\n\t\t\t\t<\/h4>\n\t\t\t\n\t\t\t\t\t\t\t\t\t\t\t\t\t\t<div class=\"fusion-rollover-categories\"><a href=\"https:\/\/www.towelsports.com\/de\/portfolio_category\/coral-fleece-blanket\/\" rel=\"tag\">Korallenfleece-Decke<\/a><\/div>\t\t\t\t\t\n\t\t\n\t\t\t\t<a class=\"fusion-link-wrapper\" href=\"https:\/\/www.towelsports.com\/de\/portfolio-items\/custom-design-winter-plushy-luxury-quality-coral-fleece-blanket-home-use\/\" aria-label=\"Individuell gestaltete Winter-Pl\u00fcschdecke in Luxusqualit\u00e4t aus Korallenvlies f\u00fcr den Heimgebrauch\"><\/a>\n\t<\/div>\n<\/div>\n\n\t\n<\/div>\n<div class=\"fusion-portfolio-content\"><h2 class=\"entry-title fusion-post-title\"><a href=\"https:\/\/www.towelsports.com\/de\/portfolio-items\/custom-design-winter-plushy-luxury-quality-coral-fleece-blanket-home-use\/\">Individuell gestaltete Winter-Pl\u00fcschdecke in Luxusqualit\u00e4t aus Korallenvlies f\u00fcr den Heimgebrauch<\/a><\/h2><div class=\"fusion-post-content\"><p> Die Coral Fleece Decke ist aus Polyester und [...]<\/p><\/div><\/div><\/div><\/article><article id=\"portfolio-1-post-1303\" class=\"fusion-portfolio-post coral-fleece-blanket microfiber-towel fusion-col-spacing post-1303\"><div class=\"fusion-portfolio-content-wrapper\" style=\"border:none;\"><span class=\"vcard rich-snippet-hidden\"><span class=\"fn\"><a href=\"https:\/\/www.towelsports.com\/de\/author\/bangze\/\" title=\"Beitr\u00e4ge von Bangze\" rel=\"author\">Bangze<\/a><\/span><\/span><span class=\"updated rich-snippet-hidden\">2020-12-16T16:46:47+08:00<\/span>\n\n<div  class=\"fusion-image-wrapper\" aria-haspopup=\"true\">\n\t\n\t\n\t\t\n\t\t\t\t\t<img decoding=\"async\" width=\"800\" height=\"800\" src=\"https:\/\/www.towelsports.com\/wp-content\/uploads\/2020\/04\/sublimation-printed-microfiber-coral-flannel-blanket-1.jpg\" class=\"attachment-full size-full wp-post-image\" alt=\"\" srcset=\"https:\/\/www.towelsports.com\/wp-content\/uploads\/2020\/04\/sublimation-printed-microfiber-coral-flannel-blanket-1-200x200.jpg 200w, https:\/\/www.towelsports.com\/wp-content\/uploads\/2020\/04\/sublimation-printed-microfiber-coral-flannel-blanket-1-400x400.jpg 400w, https:\/\/www.towelsports.com\/wp-content\/uploads\/2020\/04\/sublimation-printed-microfiber-coral-flannel-blanket-1-600x600.jpg 600w, https:\/\/www.towelsports.com\/wp-content\/uploads\/2020\/04\/sublimation-printed-microfiber-coral-flannel-blanket-1.jpg 800w\" sizes=\"(min-width: 2200px) 100vw, (min-width: 856px) 260px, (min-width: 784px) 347px, (min-width: 712px) 520px, (min-width: 640px) 712px, \" \/>\n\t\n\n\t\t<div class=\"fusion-rollover\">\n\t<div class=\"fusion-rollover-content\">\n\n\t\t\t\t\t\t\t\t\t\t\t\t\t\t<a class=\"fusion-rollover-link\" href=\"https:\/\/www.towelsports.com\/de\/portfolio-items\/custom-sublimation-print-leopard-pattern-microfiber-coral-fleece-blanket-70x140cm-350gsm\/\">Kundenspezifische Mikrofaser-Fleecedecke mit Leopardenmuster und Sublimationsdruck, 70 x 140 cm, 350 g\/m\u00b2<\/a>\n\t\t\t\n\t\t\t\t\t\t\t\t\t\t\t\t\t\t\n\t\t\t\t\t\t\t\t\n\t\t\t\t\t\t\t\t\t\t\t\t\t<div class=\"fusion-rollover-sep\"><\/div>\n\t\t\t\t\n\t\t\t\t\t\t\t\t\t\t\t\t\t\t\t\t\t\t<a class=\"fusion-rollover-gallery\" href=\"https:\/\/www.towelsports.com\/wp-content\/uploads\/2020\/04\/sublimation-printed-microfiber-coral-flannel-blanket-1.jpg\" data-id=\"1303\" data-rel=\"iLightbox[gallery-rw-1]\" data-title=\"sublimation printed microfiber coral flannel blanket (1)\" data-caption=\"\">\n\t\t\t\t\t\tGalerie\t\t\t\t\t<\/a>\n\t\t\t\t\t\t\t\t\t\t\t\t\t\t\n\t\t\t\t\n\t\t\t\t\t\t\t\t\t\t\t\t<h4 class=\"fusion-rollover-title\">\n\t\t\t\t\t<a class=\"fusion-rollover-title-link\" href=\"https:\/\/www.towelsports.com\/de\/portfolio-items\/custom-sublimation-print-leopard-pattern-microfiber-coral-fleece-blanket-70x140cm-350gsm\/\">\n\t\t\t\t\t\tKundenspezifische Mikrofaser-Fleecedecke mit Leopardenmuster und Sublimationsdruck, 70 x 140 cm, 350 g\/m\u00b2\t\t\t\t\t<\/a>\n\t\t\t\t<\/h4>\n\t\t\t\n\t\t\t\t\t\t\t\t\t\t\t\t\t\t<div class=\"fusion-rollover-categories\"><a href=\"https:\/\/www.towelsports.com\/de\/portfolio_category\/coral-fleece-blanket\/\" rel=\"tag\">Korallenfleece-Decke<\/a>, <a href=\"https:\/\/www.towelsports.com\/de\/portfolio_category\/microfiber-towel\/\" rel=\"tag\">Mikrofasertuch<\/a><\/div>\t\t\t\t\t\n\t\t\n\t\t\t\t<a class=\"fusion-link-wrapper\" href=\"https:\/\/www.towelsports.com\/de\/portfolio-items\/custom-sublimation-print-leopard-pattern-microfiber-coral-fleece-blanket-70x140cm-350gsm\/\" aria-label=\"Kundenspezifische Mikrofaser-Fleecedecke mit Leopardenmuster und Sublimationsdruck, 70 x 140 cm, 350 g\/m\u00b2\"><\/a>\n\t<\/div>\n<\/div>\n\n\t\n<\/div>\n<div class=\"fusion-portfolio-content\"><h2 class=\"entry-title fusion-post-title\"><a href=\"https:\/\/www.towelsports.com\/de\/portfolio-items\/custom-sublimation-print-leopard-pattern-microfiber-coral-fleece-blanket-70x140cm-350gsm\/\">Kundenspezifische Mikrofaser-Fleecedecke mit Leopardenmuster und Sublimationsdruck, 70 x 140 cm, 350 g\/m\u00b2<\/a><\/h2><div class=\"fusion-post-content\"><p> Bedruckte 60x120cm Mikrofaser-Coral-Fleece-Decke in voller Gr\u00f6\u00dfe [...]<\/p><\/div><\/div><\/div><\/article><\/div><\/div><div class=\"fusion-clearfix\"><\/div><\/div><\/div><\/div><\/div>","protected":false},"excerpt":{"rendered":"","protected":false},"author":1,"featured_media":0,"parent":1025,"menu_order":0,"comment_status":"closed","ping_status":"closed","template":"","meta":{"footnotes":""},"class_list":["post-1083","page","type-page","status-publish","hentry"],"aioseo_notices":[],"_links":{"self":[{"href":"https:\/\/www.towelsports.com\/de\/wp-json\/wp\/v2\/pages\/1083","targetHints":{"allow":["GET"]}}],"collection":[{"href":"https:\/\/www.towelsports.com\/de\/wp-json\/wp\/v2\/pages"}],"about":[{"href":"https:\/\/www.towelsports.com\/de\/wp-json\/wp\/v2\/types\/page"}],"author":[{"embeddable":true,"href":"https:\/\/www.towelsports.com\/de\/wp-json\/wp\/v2\/users\/1"}],"replies":[{"embeddable":true,"href":"https:\/\/www.towelsports.com\/de\/wp-json\/wp\/v2\/comments?post=1083"}],"version-history":[{"count":6,"href":"https:\/\/www.towelsports.com\/de\/wp-json\/wp\/v2\/pages\/1083\/revisions"}],"predecessor-version":[{"id":2779,"href":"https:\/\/www.towelsports.com\/de\/wp-json\/wp\/v2\/pages\/1083\/revisions\/2779"}],"up":[{"embeddable":true,"href":"https:\/\/www.towelsports.com\/de\/wp-json\/wp\/v2\/pages\/1025"}],"wp:attachment":[{"href":"https:\/\/www.towelsports.com\/de\/wp-json\/wp\/v2\/media?parent=1083"}],"curies":[{"name":"wp","href":"https:\/\/api.w.org\/{rel}","templated":true}]}}