{"id":37,"date":"2018-04-05T13:38:25","date_gmt":"2018-04-05T05:38:25","guid":{"rendered":"https:\/\/www.towelsports.com\/?page_id=37"},"modified":"2020-12-14T22:37:36","modified_gmt":"2020-12-14T14:37:36","slug":"faq-2","status":"publish","type":"page","link":"https:\/\/www.towelsports.com\/cs\/faq-2\/","title":{"rendered":"FAQ"},"content":{"rendered":"<p><div class=\"fusion-fullwidth fullwidth-box fusion-builder-row-1 fusion-parallax-none nonhundred-percent-fullwidth non-hundred-percent-height-scrolling\" style=\"background-color: #ffffff;background-image: url(&quot;https:\/\/www.towelsports.com\/wp-content\/uploads\/2018\/04\/FAQ.jpeg&quot;);background-position: center center;background-repeat: no-repeat;padding-top:300px;padding-right:300px;padding-bottom:0px;padding-left:0px;margin-bottom: 0px;margin-top: -50px;border-width: 0px 0px 0px 0px;border-color:#eae9e9;border-style:solid;-webkit-background-size:cover;-moz-background-size:cover;-o-background-size:cover;background-size:cover;\" ><div class=\"fusion-builder-row fusion-row\"><div class=\"fusion-layout-column fusion_builder_column fusion-builder-column-0 fusion_builder_column_1_1 1_1 fusion-one-full fusion-column-first fusion-column-last\" style=\"margin-top:0px;margin-bottom:20px;\"><div class=\"fusion-column-wrapper fusion-flex-column-wrapper-legacy\" style=\"background-position:left top;background-repeat:no-repeat;-webkit-background-size:cover;-moz-background-size:cover;-o-background-size:cover;background-size:cover;padding: 0px 0px 0px 0px;\"><div class=\"fusion-clearfix\"><\/div><\/div><\/div><\/div><\/div><div class=\"fusion-fullwidth fullwidth-box fusion-builder-row-2 nonhundred-percent-fullwidth non-hundred-percent-height-scrolling\" style=\"background-color: rgba(221,221,221,0.98);background-position: center center;background-repeat: no-repeat;padding-top:0px;padding-right:0px;padding-bottom:0px;padding-left:0px;margin-bottom: 0px;margin-top: 0px;border-width: 0px 0px 0px 0px;border-color:#eae9e9;border-style:solid;\" ><div class=\"fusion-builder-row fusion-row\"><div class=\"fusion-layout-column fusion_builder_column fusion-builder-column-1 fusion_builder_column_1_1 1_1 fusion-one-full fusion-column-first fusion-column-last\" style=\"margin-top:0px;margin-bottom:20px;\"><div class=\"fusion-column-wrapper fusion-flex-column-wrapper-legacy\" style=\"background-position:left top;background-repeat:no-repeat;-webkit-background-size:cover;-moz-background-size:cover;-o-background-size:cover;background-size:cover;padding: 0px 0px 0px 0px;\"><div class=\"fusion-sep-clear\"><\/div><div class=\"fusion-separator fusion-full-width-sep\" style=\"margin-left: auto;margin-right: auto;margin-top:60px;width:100%;\"><div class=\"fusion-separator-border sep-double\" style=\"border-color:#e0dede;border-top-width:1px;border-bottom-width:1px;\"><\/div><\/div><div class=\"fusion-sep-clear\"><\/div><div class=\"fusion-text fusion-text-1\"><p style=\"text-align: center;\"><span style=\"color: #000080;\"><strong><span style=\"font-size: 24px;\">\u010cast\u00e9 dotazy pro spole\u010dnost<\/span><\/strong><\/span><\/p>\n<p><span style=\"color: #000080;\"><strong>Ot\u00e1zka: Jak\u00e1 je zna\u010dka BANGZE?<\/strong><\/span><\/p>\n<p>Bangze je slavn\u00fd top 10 zna\u010dkov\u00fdch v\u00fdrobc\u016f ru\u010dn\u00edk\u016f v \u010c\u00edn\u011b, m\u00e1:<\/p>\n<p>-10 let zku\u0161enost\u00ed v\u00fdrobce ru\u010dn\u00edk\u016f.<\/p>\n<p>-15000 metr\u016f \u010dtvere\u010dn\u00edch tov\u00e1rna<\/p>\n<p>- z\u00e1ruka 12 m\u011bs\u00edc\u016f<\/p>\n<p><span style=\"color: #000080;\"><strong>Ot\u00e1zka: Jak\u00e9 m\u00e1te certifikace?<\/strong><\/span><\/p>\n<p>Kontrola kvality ISO9001, AZO a 100% a trval\u00e9 testov\u00e1n\u00ed p\u0159ed ka\u017edou z\u00e1silkou.<\/p>\n<p><span style=\"color: #000080;\"><strong>Ot\u00e1zka: Jak\u00e1 je z\u00e1ruka na produkty Bangze?<\/strong><\/span><\/p>\n<p>Z\u00e1ruka 12 m\u011bs\u00edc\u016f (zdarma) na v\u0161echny standardn\u00ed produkty Bangze.<\/p>\n<p>Do\u017eivotn\u00ed \u00fadr\u017eba bude poskytov\u00e1na po uplynut\u00ed 2 let z\u00e1ru\u010dn\u00ed doby.<\/p>\n<p><span style=\"color: #000080;\"><strong>Ot\u00e1zka: Jak\u00e9 jsou va\u0161e platebn\u00ed metody?<\/strong><\/span><\/p>\n<p>P\u0159ijm\u011bte platbu prost\u0159ednictv\u00edm bankovn\u00edho p\u0159evodu TT, Western Union, Money Gram a Paypal.<\/p>\n<p>P\u0159ijm\u011bte akreditiv na vid\u011bnou (hromadn\u00e1 objedn\u00e1vka).<\/p>\n<p><span style=\"color: #000080;\"><strong>Ot\u00e1zka: Jak osam\u011bl\u00fd je v\u00e1\u0161 v\u00fdrobn\u00ed \u010das?<\/strong><\/span><\/p>\n<p>3-10 pracovn\u00edch dn\u016f pro vzorovou objedn\u00e1vku.<\/p>\n<p>20-25 pracovn\u00edch dn\u016f pro hromadnou objedn\u00e1vku.<\/p>\n<p><span style=\"color: #000080;\"><strong>Ot\u00e1zka: Jak\u00fd je v\u00e1\u0161 zp\u016fsob dopravy?<\/strong><\/span><\/p>\n<p>3-5 dn\u00ed expresn\u00edm kur\u00fdrem a\u017e k va\u0161im dve\u0159\u00edm.<\/p>\n<p>3-5 dn\u00ed letadlem na nejbli\u017e\u0161\u00ed leti\u0161t\u011b.<\/p>\n<p>18-35 dn\u00ed po mo\u0159i do va\u0161eho nejbli\u017e\u0161\u00edho p\u0159\u00edstavu.<\/p>\n<p style=\"text-align: center;\"><span style=\"color: #000080;\"><strong><span style=\"font-size: 24px;\">\u010cast\u00e9 dotazy k produkt\u016fm<\/span><\/strong><\/span><\/p>\n<p><span style=\"color: #000080;\"><strong>Ot\u00e1zka: Jak\u00fd druh \u0159e\u0161en\u00ed ru\u010dn\u00edk\u016f m\u016f\u017eete poskytnout?<\/strong><\/span><\/p>\n<p>Bangze dod\u00e1v\u00e1 ru\u010dn\u00edky na cestov\u00e1n\u00ed, sport, fitness, j\u00f3gu, akce prodej v\u0161ech sportovn\u00edch ru\u010dn\u00edk\u016f.<\/p>\n<p><span style=\"color: #000080;\"><strong>Ot\u00e1zka: Je mo\u017en\u00e9 p\u0159izp\u016fsobit pro speci\u00e1ln\u00ed objedn\u00e1vky?<\/strong><\/span><\/p>\n<p>Yes.Bangze podpora pro v\u00fdrobu ru\u010dn\u00edk\u016f na z\u00e1klad\u011b va\u0161eho designu a materi\u00e1lu.<\/p>\n<p><span style=\"color: #000080;\"><strong>Ot\u00e1zka: Jak\u00fd druh materi\u00e1lu pou\u017e\u00edv\u00e1te?<\/strong><\/span><\/p>\n<p>100% bavlna, Microfiber 80% polyester a 20% polyamid.<\/p>\n<p><span style=\"color: #000080;\"><strong>Ot\u00e1zka: Jak\u00e9 logo lze p\u0159idat na v\u00e1\u0161 ru\u010dn\u00edk?<\/strong><\/span><\/p>\n<p>Logo v\u00fd\u0161ivky, logo s\u00edtotisku, logo reli\u00e9fu a logo sublima\u010dn\u00edho tisku<\/p>\n<p><span style=\"color: #000080;\"><strong>Ot\u00e1zka: M\u016f\u017ee v\u00e1\u0161 ru\u010dn\u00edk vytvo\u0159it jinou barvu okraje od barvy l\u00e1tky?<\/strong><\/span><\/p>\n<p>Ano, toto je popul\u00e1rn\u00ed a cool zp\u016fsob.<\/p>\n<p><span style=\"color: #000080;\"><strong>Ot\u00e1zka: Jak\u00e1 je va\u0161e standardn\u00ed tlou\u0161\u0165ka sportovn\u00edho ru\u010dn\u00edku?<\/strong><\/span><\/p>\n<p>Materi\u00e1l mikrovl\u00e1kno: 200GSM<\/p>\n<p>Materi\u00e1l bavlna: 450GSM<\/p>\n<p><span style=\"color: #000080;\"><strong>Ot\u00e1zka: Vybledne v\u00e1\u0161 ru\u010dn\u00edk po pran\u00ed v pra\u010dce?<\/strong><\/span><\/p>\n<p>N\u00e1\u0161 ru\u010dn\u00edk lze pr\u00e1t p\u0159i 40 stupn\u00edch C ru\u010dn\u011b nebo v pra\u010dce, bez vyblednut\u00ed.<\/p>\n<p><span style=\"color: #000080;\"><strong>Ot\u00e1zka: Jak\u00fd zp\u016fsob balen\u00ed poskytujete?<\/strong><\/span><\/p>\n<p>Norm\u00e1ln\u00ed pr\u016fhledn\u00fd Opp poly s\u00e1\u010dek<\/p>\n<p>S\u00ed\u0165ovan\u00e1 ta\u0161ka<\/p>\n<p>Nebo p\u0159izp\u016fsobte sv\u016fj design<\/p>\n<p><span style=\"color: #000080;\"><strong>Ot\u00e1zka: Poskytujete ru\u010dn\u00edky pro platformu Amazon nebo Ebay?<\/strong><\/span><\/p>\n<p>Ano, dod\u00e1v\u00e1me cestovn\u00ed\/sportovn\u00ed ru\u010dn\u00edky pro 6 velk\u00fdch prodejc\u016f Amazon a 2 Ebay.<\/p>\n<p><span style=\"color: #000080;\"><strong>Ot\u00e1zka: M\u016f\u017eete k bal\u00ed\u010dku p\u0159idat UPCA, UPCE nebo EAN?<\/strong><\/span><\/p>\n<p>Ano, m\u016f\u017eeme. Jsme obezn\u00e1meni s pravidly a podm\u00ednkami dopravy Amazon a Ebay.<\/p>\n<\/div><div class=\"fusion-clearfix\"><\/div><\/div><\/div><\/div><\/div><\/p>","protected":false},"excerpt":{"rendered":"","protected":false},"author":1,"featured_media":0,"parent":0,"menu_order":0,"comment_status":"closed","ping_status":"closed","template":"100-width.php","meta":{"footnotes":""},"class_list":["post-37","page","type-page","status-publish","hentry"],"aioseo_notices":[],"_links":{"self":[{"href":"https:\/\/www.towelsports.com\/cs\/wp-json\/wp\/v2\/pages\/37","targetHints":{"allow":["GET"]}}],"collection":[{"href":"https:\/\/www.towelsports.com\/cs\/wp-json\/wp\/v2\/pages"}],"about":[{"href":"https:\/\/www.towelsports.com\/cs\/wp-json\/wp\/v2\/types\/page"}],"author":[{"embeddable":true,"href":"https:\/\/www.towelsports.com\/cs\/wp-json\/wp\/v2\/users\/1"}],"replies":[{"embeddable":true,"href":"https:\/\/www.towelsports.com\/cs\/wp-json\/wp\/v2\/comments?post=37"}],"version-history":[{"count":32,"href":"https:\/\/www.towelsports.com\/cs\/wp-json\/wp\/v2\/pages\/37\/revisions"}],"predecessor-version":[{"id":2555,"href":"https:\/\/www.towelsports.com\/cs\/wp-json\/wp\/v2\/pages\/37\/revisions\/2555"}],"wp:attachment":[{"href":"https:\/\/www.towelsports.com\/cs\/wp-json\/wp\/v2\/media?parent=37"}],"curies":[{"name":"wp","href":"https:\/\/api.w.org\/{rel}","templated":true}]}}