{"id":2406,"date":"2020-09-21T14:37:57","date_gmt":"2020-09-21T06:37:57","guid":{"rendered":"https:\/\/www.towelsports.com\/?page_id=2406"},"modified":"2020-12-13T16:06:18","modified_gmt":"2020-12-13T08:06:18","slug":"warranty-policy","status":"publish","type":"page","link":"https:\/\/www.towelsports.com\/cs\/warranty-policy\/","title":{"rendered":"Z\u00e1ru\u010dn\u00ed politika"},"content":{"rendered":"<div class=\"fusion-fullwidth fullwidth-box fusion-builder-row-1 fusion-flex-container nonhundred-percent-fullwidth non-hundred-percent-height-scrolling\" style=\"background-color: rgba(255,255,255,0);background-position: center center;background-repeat: no-repeat;border-width: 0px 0px 0px 0px;border-color:#eae9e9;border-style:solid;\" ><div class=\"fusion-builder-row fusion-row fusion-flex-align-items-flex-start\" style=\"max-width:1144px;margin-left: calc(-4% \/ 2 );margin-right: calc(-4% \/ 2 );\"><div class=\"fusion-layout-column fusion_builder_column fusion-builder-column-0 fusion_builder_column_1_1 1_1 fusion-flex-column\"><div class=\"fusion-column-wrapper fusion-flex-justify-content-flex-start fusion-content-layout-column\" style=\"background-position:left top;background-repeat:no-repeat;-webkit-background-size:cover;-moz-background-size:cover;-o-background-size:cover;background-size:cover;padding: 0px 0px 0px 0px;\"><div class=\"fusion-text fusion-text-1\"><h3 data-sr-id=\"1\"><span style=\"color: #000080;\">PRO\u010c BANGZE TEXTIL?<\/span><\/h3>\n<hr \/>\n<p>M\u016fj d\u011bda byl tvrd\u00fd, ale miluj\u00edc\u00ed mu\u017e. Byl tak\u00e9 fantastick\u00fdm milovn\u00edkem sportu, kter\u00fd \u017eil a\u017e do sv\u00fdch 80. let.<\/p>\n<p>Jako mal\u00e9ho kluka m\u011b nau\u010dil z\u00e1klad\u016fm, jak \u0161\u00edt, st\u0159\u00edhat, barvit l\u00e1tky a vyr\u00e1b\u011bt kvalitn\u00ed ru\u010dn\u00edky s v\u00e1\u0161n\u00ed a laskavost\u00ed.<\/p>\n<p>\u010casto pou\u017e\u00edval jen ty nejlep\u0161\u00ed superabsorp\u010dn\u00ed, pohodln\u00e9 a m\u011bkk\u00e9 l\u00e1tkov\u00e9 ru\u010dn\u00edky. \u0158ekl: \u201eTajemstv\u00ed v\u00fdroby dobr\u00e9ho ru\u010dn\u00edku spo\u010d\u00edv\u00e1 v dobr\u00e9m surov\u00e9m bavln\u011bn\u00e9m p\u0159\u00edzi, m\u011bkk\u00e9m a zdrav\u00e9m pro na\u0161e t\u011blo a na ekologick\u00e9m tisku s p\u0159\u00edsadami barviv v dobr\u00e9 kvalit\u011b. P\u0159edev\u0161\u00edm m\u011b nau\u010dil b\u00fdt v\u017edy up\u0159\u00edmn\u00fd, laskav\u00fd, n\u00e1pomocn\u00fd a v\u00e1\u0161niv\u00fd pro ka\u017ed\u00e9ho. Pr\u00e1v\u011b tato filozofie m\u00e9ho d\u011bdy m\u011b inspirovala k vytvo\u0159en\u00ed m\u00e9 zna\u010dky BANGZE TEXTILE.<\/p>\n<p>Nikdy nebudu nosit ru\u010dn\u00edk, kter\u00fd s\u00e1m nepou\u017eiji, to je m\u016fj slib v\u00e1m. V\u0161em bangze textilem a mu\u017e\u016fm, kte\u0159\u00ed je l\u00e1skypln\u011b podporuj\u00ed, p\u0159eji jen to nejlep\u0161\u00ed.<\/p>\n<h3><span style=\"color: #000080;\">Z\u00c1RUKA NA PRODUKT<\/span><\/h3>\n<hr \/>\n<p>Jsme r\u00e1di, \u017ee v\u00e1m m\u016f\u017eeme nab\u00eddnout z\u00e1ruku spokojenosti 100%, a\u0165 u\u017e zasl\u00e1n\u00ed n\u00e1hradn\u00edho produktu nebo p\u0159ijet\u00ed va\u0161eho vr\u00e1cen\u00ed a vr\u00e1cen\u00ed pen\u011bz.<\/p>\n<p>GUANGZHOU BANGZE TEXTILE COMPANY poskytuje z\u00e1ruku na produkt po dobu jednoho roku od data n\u00e1kupu, pokud je produkt pova\u017eov\u00e1n za vadn\u00fd z hlediska zpracov\u00e1n\u00ed. Na v\u0161echny bavln\u011bn\u00e9 ru\u010dn\u00edky a ru\u010dn\u00edky z mikrovl\u00e1kna se vztahuje z\u00e1ruka 12 m\u011bs\u00edc\u016f od data n\u00e1kupu.<\/p>\n<p>V p\u0159\u00edpad\u011b reklamace n\u00e1s pros\u00edm kontaktujte emailem na<strong><span style=\"font-size: 14pt;\"> <a href=\"mailto:info@towelsports.com,\"><u>info@towelsports.com\u00a0<\/u><\/a><\/span><u><\/u><\/strong>nebo n\u00e1m zavolejte na<strong><span style=\"font-size: 14pt;\"> 0086 13539770702 <\/span><u><\/u><\/strong>V\u00e1\u0161 probl\u00e9m vy\u0159e\u0161\u00edme brzy do 48 hodin.<\/p>\n<p>Z\u00e1ruka se nevztahuje na \u0161kody zp\u016fsoben\u00e9 nehodami, nedbalost\u00ed nebo nespr\u00e1vn\u00fdm pou\u017eit\u00edm produkt\u016f, n\u00e1klady na dopravu a komunikaci.<\/p>\n<\/div><\/div><\/div><style type=\"text\/css\">.fusion-body .fusion-builder-column-0{width:100% !important;margin-top : 0px;margin-bottom : 20px;}.fusion-builder-column-0 > .fusion-column-wrapper {padding-top : 0px !important;padding-right : 0px !important;margin-right : 1.92%;padding-bottom : 0px !important;padding-left : 0px !important;margin-left : 1.92%;}@media only screen and (max-width:1024px) {.fusion-body .fusion-builder-column-0{width:100% !important;order : 0;}.fusion-builder-column-0 > .fusion-column-wrapper {margin-right : 1.92%;margin-left : 1.92%;}}@media only screen and (max-width:640px) {.fusion-body .fusion-builder-column-0{width:100% !important;order : 0;}.fusion-builder-column-0 > .fusion-column-wrapper {margin-right : 1.92%;margin-left : 1.92%;}}<\/style><\/div><style type=\"text\/css\">.fusion-body .fusion-flex-container.fusion-builder-row-1{ padding-top : 0px;margin-top : 0px;padding-right : 0px;padding-bottom : 0px;margin-bottom : 0px;padding-left : 0px;}<\/style><\/div>","protected":false},"excerpt":{"rendered":"","protected":false},"author":1,"featured_media":0,"parent":0,"menu_order":0,"comment_status":"closed","ping_status":"closed","template":"100-width.php","meta":{"footnotes":""},"class_list":["post-2406","page","type-page","status-publish","hentry"],"aioseo_notices":[],"_links":{"self":[{"href":"https:\/\/www.towelsports.com\/cs\/wp-json\/wp\/v2\/pages\/2406","targetHints":{"allow":["GET"]}}],"collection":[{"href":"https:\/\/www.towelsports.com\/cs\/wp-json\/wp\/v2\/pages"}],"about":[{"href":"https:\/\/www.towelsports.com\/cs\/wp-json\/wp\/v2\/types\/page"}],"author":[{"embeddable":true,"href":"https:\/\/www.towelsports.com\/cs\/wp-json\/wp\/v2\/users\/1"}],"replies":[{"embeddable":true,"href":"https:\/\/www.towelsports.com\/cs\/wp-json\/wp\/v2\/comments?post=2406"}],"version-history":[{"count":5,"href":"https:\/\/www.towelsports.com\/cs\/wp-json\/wp\/v2\/pages\/2406\/revisions"}],"predecessor-version":[{"id":2441,"href":"https:\/\/www.towelsports.com\/cs\/wp-json\/wp\/v2\/pages\/2406\/revisions\/2441"}],"wp:attachment":[{"href":"https:\/\/www.towelsports.com\/cs\/wp-json\/wp\/v2\/media?parent=2406"}],"curies":[{"name":"wp","href":"https:\/\/api.w.org\/{rel}","templated":true}]}}