{"id":1083,"date":"2020-04-19T22:38:59","date_gmt":"2020-04-19T14:38:59","guid":{"rendered":"https:\/\/www.towelsports.com\/?page_id=1083"},"modified":"2020-12-16T23:00:19","modified_gmt":"2020-12-16T15:00:19","slug":"coral-fleece-blanket","status":"publish","type":"page","link":"https:\/\/www.towelsports.com\/cs\/products\/microfiber-towel\/coral-fleece-blanket\/","title":{"rendered":"Kor\u00e1lov\u011b fleecov\u00e1 deka"},"content":{"rendered":"<div class=\"fusion-fullwidth fullwidth-box fusion-builder-row-1 nonhundred-percent-fullwidth non-hundred-percent-height-scrolling\" style=\"background-color: rgba(255,255,255,0);background-position: center center;background-repeat: no-repeat;padding-top:0px;padding-right:0px;padding-bottom:0px;padding-left:0px;margin-bottom: 0px;margin-top: 0px;border-width: 0px 0px 0px 0px;border-color:#eae9e9;border-style:solid;\" ><div class=\"fusion-builder-row fusion-row\"><div class=\"fusion-layout-column fusion_builder_column fusion-builder-column-0 fusion_builder_column_1_1 1_1 fusion-one-full fusion-column-first fusion-column-last\" style=\"margin-top:0px;margin-bottom:20px;\"><div class=\"fusion-column-wrapper fusion-flex-column-wrapper-legacy\" style=\"background-position:left top;background-repeat:no-repeat;-webkit-background-size:cover;-moz-background-size:cover;-o-background-size:cover;background-size:cover;padding: 0px 0px 0px 0px;\"><div class=\"fusion-text fusion-text-1\"><h2><span style=\"color: #000080; font-size: 18pt;\">Vysoce kvalitn\u00ed kor\u00e1lov\u00e1 fleecov\u00e1 deka pro v\u00fdrobce letadla a cestov\u00e1n\u00ed na span\u00ed<\/span><\/h2>\n<p><span style=\"font-size: 12pt;\">Vysoce kvalitn\u00ed ply\u0161ov\u00e1 kor\u00e1lov\u00e1 fleecov\u00e1 deka z mikrovl\u00e1kna pro velkoobchod od \u010d\u00ednsk\u00e9ho v\u00fdrobce, dodavatele za n\u00edzkou cenu. Super m\u011bkk\u00e9 polyesterov\u00e9 80% polyesterov\u00e9 a 20% polyamidov\u00e9 p\u0159ikr\u00fdvky z kor\u00e1lov\u00e9ho fl\u00edsu Bangze navr\u017een\u00e9 pro dosp\u011bl\u00e9 a d\u011bti, vlastn\u00ed um\u011bleck\u00fd vzor \u0161it\u00fd dobrou a pevnou nit\u00ed, dva r\u016fzn\u00e9 typy \u0161ic\u00edch okraj\u016f kulat\u00fd roh a obd\u00e9ln\u00edkov\u00fd roh. Dod\u00e1vaj\u00ed se s r\u016fzn\u00fdmi styly a barvami, stejn\u011b jako s n\u011bjakou volitelnou smy\u010dkou pro zav\u011b\u0161en\u00ed na ze\u010f. Je to dobr\u00e1 p\u0159ikr\u00fdvka, kter\u00e1 se zah\u0159eje p\u0159i vyh\u0159\u00edv\u00e1n\u00ed televize v man\u017eelsk\u00e9 posteli nebo p\u0159i pobytu na pohovce v zim\u011b. Coral fleece deka na zak\u00e1zku jsou vysoce cen\u011bny.<\/span><\/p>\n<p><span style=\"font-size: 12pt;\">P\u0159ikr\u00fdvky jsou tak\u00e9 \u0161iroce pou\u017e\u00edv\u00e1ny v letadle, klimatizaci a p\u0159i cestov\u00e1n\u00ed, kdy\u017e sp\u00edte. Velmi m\u011bkk\u00e1 a pohodln\u00e1 textura ply\u0161ov\u00e9 l\u00e1tky a nepou\u0161t\u00ed vl\u00e1kna, velikost 75x100 cm lze p\u0159izp\u016fsobit. Poskytujeme komplexn\u00ed \u0159e\u0161en\u00ed pro va\u0161e po\u017eadavky na p\u0159ikr\u00fdvky, kontaktujte n\u00e1s pro z\u00edsk\u00e1n\u00ed nab\u00eddky a vzorku.<\/span><\/p>\n<p><span style=\"color: #000080;\"><strong><span style=\"font-size: 18pt;\">Jak\u00e9 je nejlep\u0161\u00ed pou\u017eit\u00ed p\u0159ikr\u00fdvky v m\u00edstnosti s klimatizac\u00ed?<\/span><\/strong><\/span><\/p>\n<p>Coral Fleece Blanket je druh b\u011b\u017en\u011b pou\u017e\u00edvan\u00e9ho povle\u010den\u00ed, kter\u00e9 m\u00e1 funkci udr\u017eet teplo a je ten\u010d\u00ed ne\u017e p\u0159ikr\u00fdvka. Z obou stran jsou jemn\u00e9 ply\u0161ov\u00e9 vln\u011bn\u00e9 l\u00e1tky a povrch m\u00e1 bohat\u00fd ply\u0161, kter\u00fd m\u00e1 termoizola\u010dn\u00ed vlastnosti. Deku lze pou\u017e\u00edt i jako dekorace jako p\u0159ehozy a tapis\u00e9rie. Podle zp\u016fsobu tkan\u00ed se p\u0159ikr\u00fdvky d\u011bl\u00ed na organick\u00e9 tkan\u00ed, v\u0161\u00edv\u00e1n\u00ed, osnovn\u00ed pleten\u00ed, jehlov\u00e1n\u00ed, pro\u0161\u00edv\u00e1n\u00ed a tak d\u00e1le. Mezi b\u011b\u017en\u00e9 luxusn\u00ed p\u0159ikr\u00fdvky pat\u0159\u00ed \u017eak\u00e1rov\u00e9, poti\u0161t\u011bn\u00e9 a jednobarevn\u00e9, kter\u00e9 jsou elastick\u00e9 a tepl\u00e9 a maj\u00ed hustou strukturu. Pou\u017e\u00edv\u00e1 se hlavn\u011b jako p\u0159ehozy na postel, klimatiza\u010dn\u00ed p\u0159ikr\u00fdvky, p\u0159ikr\u00fdvky na pohovku, tak\u00e9 jako dekorace jako p\u0159ehozy nebo gobel\u00edny, s r\u016fzn\u00fdmi vzory a barvami.<\/p>\n<p><strong><span style=\"font-size: 18pt; color: #000080;\">Jak\u00e9 jsou v\u00fdhody kor\u00e1lov\u00fdch fleecov\u00fdch p\u0159ikr\u00fdvek?<\/span><\/strong><\/p>\n<p>1. V zim\u011b se d\u00e1 pou\u017e\u00edt jako p\u0159ikr\u00fdvka a h\u0159ejiv\u00e1 ra\u0161elov\u00e1 p\u0159ikr\u00fdvka. Le\u017een\u00edm na n\u011bm zapomenete na v\u0161echny starosti a chlad a okam\u017eit\u011b vstoup\u00edte do tepl\u00e9ho stavu. M\u016f\u017ee\u0161 sp\u00e1t a\u017e do sv\u00edt\u00e1n\u00ed. Ra\u0161lov\u00e1 deka v\u00e1m proto m\u016f\u017ee pomoci zlep\u0161it kvalitu sp\u00e1nku.<br \/>\n2. Jaro a podzim lze pou\u017e\u00edt jako tenkou p\u0159ikr\u00fdvku. Je m\u011bkk\u00e1, ani\u017e by ztratila svou h\u0159ejivou funkci, ale je p\u0159ilehl\u00e1 k t\u011blu, ale docela prody\u0161n\u00e1. Je to vz\u00e1cn\u00e9 povle\u010den\u00ed.<br \/>\n3. Letn\u00ed je ide\u00e1ln\u00ed letn\u00ed p\u0159ikr\u00fdvka (dvouvrstv\u00e9 l\u00e9to nen\u00ed vhodn\u00e9). I kdy\u017e na dotek p\u016fsob\u00ed ply\u0161ov\u011b, i zahu\u0161t\u011bn\u00e1 ra\u0161elina je docela prody\u0161n\u00e1 a p\u0159\u00edjemn\u011b se zakr\u00fdv\u00e1. Velmi vhodn\u00e9 pro nah\u00e9 span\u00ed!<br \/>\n4. Jeho p\u0159ednosti jsou vynikaj\u00edc\u00ed: ruka je velmi pohodln\u00e1 a m\u011bkk\u00e1, vl\u00e1kno je jemn\u00e9, nepou\u0161t\u00ed se, je h\u0159ejiv\u00e9 a prody\u0161n\u00e9, digit\u00e1ln\u011b barven\u00e9, barva je jasn\u00e1 a nebledne d\u00edky jedine\u010dn\u00e9mu procesu flanelu, je tlust\u0161\u00ed a t\u011bsn\u011bj\u0161\u00ed ne\u017e b\u011b\u017en\u00e9 p\u0159ikr\u00fdvky a jej\u00ed v\u00fdkon zadr\u017eov\u00e1n\u00ed tepla je jedine\u010dn\u00fd<br \/>\n5. Vzory a velikosti lze p\u0159izp\u016fsobit v mal\u00fdch d\u00e1vk\u00e1ch podle pot\u0159eb z\u00e1kazn\u00edka<\/p>\n<p><strong><span style=\"font-size: 18pt; color: #000080;\">P\u00e9\u010de o myt\u00ed<\/span><\/strong><\/p>\n<p>P\u0159ikr\u00fdvky z kor\u00e1lov\u00e9ho rouna se snadno barv\u00ed a vys\u00e1vaj\u00ed, proto je \u010dasto perte. Spr\u00e1vn\u00e1 metoda pran\u00ed je namo\u010dit na 30 minut do studen\u00e9 vody a pot\u00e9 ji vlo\u017eit do neutr\u00e1ln\u00edho roztoku m\u00fddlov\u00fdch vlo\u010dek o teplot\u011b 40\u201350 \u00b0C, neust\u00e1le ji ot\u00e1\u010det a nedrhnout ji p\u0159\u00edli\u0161 siln\u011b, aby se zabr\u00e1nilo sbalen\u00ed. Pou\u017eijte \u010distou vodu na 15 minut, vodu vytla\u010dte a nechte p\u0159irozen\u011b vyschnout. Kdy\u017e je nap\u016fl such\u00e1, prot\u0159epejte p\u0159ikr\u00fdvku n\u011bkolik minut, aby se uvolnilo chm\u00fd\u0159\u00ed, a pot\u00e9 pokra\u010dujte v su\u0161en\u00ed, dokud nebude such\u00e1.<\/p>\n<\/div><div class=\"fusion-sep-clear\"><\/div><div class=\"fusion-separator fusion-has-icon fusion-full-width-sep\" style=\"margin-left: auto;margin-right: auto;margin-bottom:30px;width:100%;\"><div class=\"fusion-separator-border sep-single sep-dotted\" style=\"border-color:#8bc34a;border-top-width:3px;\"><\/div><span class=\"icon-wrapper\" style=\"border-color:#8bc34a;background-color:#ff9800;font-size:16px;width: 1.75em; height: 1.75em;border-width:3px;padding:3px;margin-top:-1.5px\"><i class=\"fa fa-chevron-down\" style=\"font-size: inherit;color:#8bc34a;\" aria-hidden=\"true\"><\/i><\/span><div class=\"fusion-separator-border sep-single sep-dotted\" style=\"border-color:#8bc34a;border-top-width:3px;\"><\/div><\/div><div class=\"fusion-sep-clear\"><\/div><style type=\"text\/css\">.fusion-portfolio-wrapper#fusion-portfolio-1 .fusion-portfolio-content{  text-align: center; }<\/style><div class=\"fusion-recent-works fusion-portfolio-element fusion-portfolio fusion-portfolio-1 fusion-portfolio-grid fusion-portfolio-paging-infinite fusion-portfolio-four fusion-portfolio-unboxed fusion-portfolio-text fusion-portfolio-equal-heights fusion-portfolio-rollover\" data-id=\"-rw-1\" data-columns=\"four\"><div role=\"menubar\"><ul class=\"fusion-filters\" role=\"menu\" aria-label=\"filtry\"><li role=\"menuitem\" class=\"fusion-filter fusion-filter-all fusion-active\"><a href=\"#\" data-filter=\"*\">V\u0161e<\/a><\/li><li role=\"menuitem\" class=\"fusion-filter fusion-hidden\"><a href=\"#\" data-filter=\".coral-fleece-blanket\">Kor\u00e1lov\u011b fleecov\u00e1 deka<\/a><\/li><\/ul><\/div><style type=\"text\/css\">.fusion-portfolio-1 .fusion-portfolio-wrapper .fusion-col-spacing{padding:10px;}<\/style><div class=\"fusion-portfolio-wrapper\" id=\"fusion-portfolio-1\" data-picturesize=\"auto\" data-pages=\"1\" style=\"margin:-10px;\"><article id=\"portfolio-1-post-2324\" class=\"fusion-portfolio-post coral-fleece-blanket fusion-col-spacing post-2324\"><div class=\"fusion-portfolio-content-wrapper\" style=\"border:none;\"><span class=\"vcard rich-snippet-hidden\"><span class=\"fn\"><a href=\"https:\/\/www.towelsports.com\/cs\/author\/bangze\/\" title=\"P\u0159\u00edsp\u011bvky od Bangze\" rel=\"author\">Bangze<\/a><\/span><\/span><span class=\"updated rich-snippet-hidden\">2022-06-05T22:05:21+08:00<\/span>\n\n<div  class=\"fusion-image-wrapper\" aria-haspopup=\"true\">\n\t\n\t\n\t\t\n\t\t\t\t\t<img decoding=\"async\" width=\"800\" height=\"800\" src=\"https:\/\/www.towelsports.com\/wp-content\/uploads\/2020\/05\/Custom-design-winter-plushy-luxury-quality-coral-fleece-blanket-home-use-3.jpg\" class=\"attachment-full size-full wp-post-image\" alt=\"\" srcset=\"https:\/\/www.towelsports.com\/wp-content\/uploads\/2020\/05\/Custom-design-winter-plushy-luxury-quality-coral-fleece-blanket-home-use-3-200x200.jpg 200w, https:\/\/www.towelsports.com\/wp-content\/uploads\/2020\/05\/Custom-design-winter-plushy-luxury-quality-coral-fleece-blanket-home-use-3-400x400.jpg 400w, https:\/\/www.towelsports.com\/wp-content\/uploads\/2020\/05\/Custom-design-winter-plushy-luxury-quality-coral-fleece-blanket-home-use-3-600x600.jpg 600w, https:\/\/www.towelsports.com\/wp-content\/uploads\/2020\/05\/Custom-design-winter-plushy-luxury-quality-coral-fleece-blanket-home-use-3.jpg 800w\" sizes=\"(min-width: 2200px) 100vw, (min-width: 856px) 260px, (min-width: 784px) 347px, (min-width: 712px) 520px, (min-width: 640px) 712px, \" \/>\n\t\n\n\t\t<div class=\"fusion-rollover\">\n\t<div class=\"fusion-rollover-content\">\n\n\t\t\t\t\t\t\t\t\t\t\t\t\t\t<a class=\"fusion-rollover-link\" href=\"https:\/\/www.towelsports.com\/cs\/portfolio-items\/custom-design-winter-plushy-luxury-quality-coral-fleece-blanket-home-use\/\">Zak\u00e1zkov\u00e1 designov\u00e1 zimn\u00ed ply\u0161ov\u00e1 luxusn\u00ed kvalitn\u00ed kor\u00e1lov\u00e1 fleecov\u00e1 deka pro dom\u00e1c\u00ed pou\u017eit\u00ed<\/a>\n\t\t\t\n\t\t\t\t\t\t\t\t\t\t\t\t\t\t\n\t\t\t\t\t\t\t\t\n\t\t\t\t\t\t\t\t\t\t\t\t\t<div class=\"fusion-rollover-sep\"><\/div>\n\t\t\t\t\n\t\t\t\t\t\t\t\t\t\t\t\t\t\t\t\t\t\t<a class=\"fusion-rollover-gallery\" href=\"https:\/\/www.towelsports.com\/wp-content\/uploads\/2020\/05\/Custom-design-winter-plushy-luxury-quality-coral-fleece-blanket-home-use-3.jpg\" data-id=\"2324\" data-rel=\"iLightbox[gallery-rw-1]\" data-title=\"Custom design winter plushy luxury quality coral fleece blanket home use (3)\" data-caption=\"\">\n\t\t\t\t\t\tGalerie\t\t\t\t\t<\/a>\n\t\t\t\t\t\t\t\t\t\t\t\t\t\t\n\t\t\t\t\n\t\t\t\t\t\t\t\t\t\t\t\t<h4 class=\"fusion-rollover-title\">\n\t\t\t\t\t<a class=\"fusion-rollover-title-link\" href=\"https:\/\/www.towelsports.com\/cs\/portfolio-items\/custom-design-winter-plushy-luxury-quality-coral-fleece-blanket-home-use\/\">\n\t\t\t\t\t\tZak\u00e1zkov\u00e1 designov\u00e1 zimn\u00ed ply\u0161ov\u00e1 luxusn\u00ed kvalitn\u00ed kor\u00e1lov\u00e1 fleecov\u00e1 deka pro dom\u00e1c\u00ed pou\u017eit\u00ed\t\t\t\t\t<\/a>\n\t\t\t\t<\/h4>\n\t\t\t\n\t\t\t\t\t\t\t\t\t\t\t\t\t\t<div class=\"fusion-rollover-categories\"><a href=\"https:\/\/www.towelsports.com\/cs\/portfolio_category\/coral-fleece-blanket\/\" rel=\"tag\">Kor\u00e1lov\u011b fleecov\u00e1 deka<\/a><\/div>\t\t\t\t\t\n\t\t\n\t\t\t\t<a class=\"fusion-link-wrapper\" href=\"https:\/\/www.towelsports.com\/cs\/portfolio-items\/custom-design-winter-plushy-luxury-quality-coral-fleece-blanket-home-use\/\" aria-label=\"Zak\u00e1zkov\u00e1 designov\u00e1 zimn\u00ed ply\u0161ov\u00e1 luxusn\u00ed kvalitn\u00ed kor\u00e1lov\u00e1 fleecov\u00e1 deka pro dom\u00e1c\u00ed pou\u017eit\u00ed\"><\/a>\n\t<\/div>\n<\/div>\n\n\t\n<\/div>\n<div class=\"fusion-portfolio-content\"><h2 class=\"entry-title fusion-post-title\"><a href=\"https:\/\/www.towelsports.com\/cs\/portfolio-items\/custom-design-winter-plushy-luxury-quality-coral-fleece-blanket-home-use\/\">Zak\u00e1zkov\u00e1 designov\u00e1 zimn\u00ed ply\u0161ov\u00e1 luxusn\u00ed kvalitn\u00ed kor\u00e1lov\u00e1 fleecov\u00e1 deka pro dom\u00e1c\u00ed pou\u017eit\u00ed<\/a><\/h2><div class=\"fusion-post-content\"><p> Coral fleece deka je vyrobena z polyesteru a [...]<\/p><\/div><\/div><\/div><\/article><article id=\"portfolio-1-post-1303\" class=\"fusion-portfolio-post coral-fleece-blanket microfiber-towel fusion-col-spacing post-1303\"><div class=\"fusion-portfolio-content-wrapper\" style=\"border:none;\"><span class=\"vcard rich-snippet-hidden\"><span class=\"fn\"><a href=\"https:\/\/www.towelsports.com\/cs\/author\/bangze\/\" title=\"P\u0159\u00edsp\u011bvky od Bangze\" rel=\"author\">Bangze<\/a><\/span><\/span><span class=\"updated rich-snippet-hidden\">2020-12-16T16:46:47+08:00<\/span>\n\n<div  class=\"fusion-image-wrapper\" aria-haspopup=\"true\">\n\t\n\t\n\t\t\n\t\t\t\t\t<img decoding=\"async\" width=\"800\" height=\"800\" src=\"https:\/\/www.towelsports.com\/wp-content\/uploads\/2020\/04\/sublimation-printed-microfiber-coral-flannel-blanket-1.jpg\" class=\"attachment-full size-full wp-post-image\" alt=\"\" srcset=\"https:\/\/www.towelsports.com\/wp-content\/uploads\/2020\/04\/sublimation-printed-microfiber-coral-flannel-blanket-1-200x200.jpg 200w, https:\/\/www.towelsports.com\/wp-content\/uploads\/2020\/04\/sublimation-printed-microfiber-coral-flannel-blanket-1-400x400.jpg 400w, https:\/\/www.towelsports.com\/wp-content\/uploads\/2020\/04\/sublimation-printed-microfiber-coral-flannel-blanket-1-600x600.jpg 600w, https:\/\/www.towelsports.com\/wp-content\/uploads\/2020\/04\/sublimation-printed-microfiber-coral-flannel-blanket-1.jpg 800w\" sizes=\"(min-width: 2200px) 100vw, (min-width: 856px) 260px, (min-width: 784px) 347px, (min-width: 712px) 520px, (min-width: 640px) 712px, \" \/>\n\t\n\n\t\t<div class=\"fusion-rollover\">\n\t<div class=\"fusion-rollover-content\">\n\n\t\t\t\t\t\t\t\t\t\t\t\t\t\t<a class=\"fusion-rollover-link\" href=\"https:\/\/www.towelsports.com\/cs\/portfolio-items\/custom-sublimation-print-leopard-pattern-microfiber-coral-fleece-blanket-70x140cm-350gsm\/\">Vlastn\u00ed sublima\u010dn\u00ed potisk s leopard\u00edm vzorem mikrovl\u00e1kno kor\u00e1lov\u011b fleecov\u00e1 deka 70x140cm 350GSM<\/a>\n\t\t\t\n\t\t\t\t\t\t\t\t\t\t\t\t\t\t\n\t\t\t\t\t\t\t\t\n\t\t\t\t\t\t\t\t\t\t\t\t\t<div class=\"fusion-rollover-sep\"><\/div>\n\t\t\t\t\n\t\t\t\t\t\t\t\t\t\t\t\t\t\t\t\t\t\t<a class=\"fusion-rollover-gallery\" href=\"https:\/\/www.towelsports.com\/wp-content\/uploads\/2020\/04\/sublimation-printed-microfiber-coral-flannel-blanket-1.jpg\" data-id=\"1303\" data-rel=\"iLightbox[gallery-rw-1]\" data-title=\"sublimation printed microfiber coral flannel blanket (1)\" data-caption=\"\">\n\t\t\t\t\t\tGalerie\t\t\t\t\t<\/a>\n\t\t\t\t\t\t\t\t\t\t\t\t\t\t\n\t\t\t\t\n\t\t\t\t\t\t\t\t\t\t\t\t<h4 class=\"fusion-rollover-title\">\n\t\t\t\t\t<a class=\"fusion-rollover-title-link\" href=\"https:\/\/www.towelsports.com\/cs\/portfolio-items\/custom-sublimation-print-leopard-pattern-microfiber-coral-fleece-blanket-70x140cm-350gsm\/\">\n\t\t\t\t\t\tVlastn\u00ed sublima\u010dn\u00ed potisk s leopard\u00edm vzorem mikrovl\u00e1kno kor\u00e1lov\u011b fleecov\u00e1 deka 70x140cm 350GSM\t\t\t\t\t<\/a>\n\t\t\t\t<\/h4>\n\t\t\t\n\t\t\t\t\t\t\t\t\t\t\t\t\t\t<div class=\"fusion-rollover-categories\"><a href=\"https:\/\/www.towelsports.com\/cs\/portfolio_category\/coral-fleece-blanket\/\" rel=\"tag\">Kor\u00e1lov\u011b fleecov\u00e1 deka<\/a>, <a href=\"https:\/\/www.towelsports.com\/cs\/portfolio_category\/microfiber-towel\/\" rel=\"tag\">Ru\u010dn\u00edk z mikrovl\u00e1kna<\/a><\/div>\t\t\t\t\t\n\t\t\n\t\t\t\t<a class=\"fusion-link-wrapper\" href=\"https:\/\/www.towelsports.com\/cs\/portfolio-items\/custom-sublimation-print-leopard-pattern-microfiber-coral-fleece-blanket-70x140cm-350gsm\/\" aria-label=\"Vlastn\u00ed sublima\u010dn\u00ed potisk s leopard\u00edm vzorem mikrovl\u00e1kno kor\u00e1lov\u011b fleecov\u00e1 deka 70x140cm 350GSM\"><\/a>\n\t<\/div>\n<\/div>\n\n\t\n<\/div>\n<div class=\"fusion-portfolio-content\"><h2 class=\"entry-title fusion-post-title\"><a href=\"https:\/\/www.towelsports.com\/cs\/portfolio-items\/custom-sublimation-print-leopard-pattern-microfiber-coral-fleece-blanket-70x140cm-350gsm\/\">Vlastn\u00ed sublima\u010dn\u00ed potisk s leopard\u00edm vzorem mikrovl\u00e1kno kor\u00e1lov\u011b fleecov\u00e1 deka 70x140cm 350GSM<\/a><\/h2><div class=\"fusion-post-content\"><p> Pln\u00e1 velikost 60x120 cm poti\u0161t\u011bn\u00e1 deka z mikrovl\u00e1kna kor\u00e1lov\u00e9ho fleecu v [...]<\/p><\/div><\/div><\/div><\/article><\/div><\/div><div class=\"fusion-clearfix\"><\/div><\/div><\/div><\/div><\/div>","protected":false},"excerpt":{"rendered":"","protected":false},"author":1,"featured_media":0,"parent":1025,"menu_order":0,"comment_status":"closed","ping_status":"closed","template":"","meta":{"footnotes":""},"class_list":["post-1083","page","type-page","status-publish","hentry"],"aioseo_notices":[],"_links":{"self":[{"href":"https:\/\/www.towelsports.com\/cs\/wp-json\/wp\/v2\/pages\/1083","targetHints":{"allow":["GET"]}}],"collection":[{"href":"https:\/\/www.towelsports.com\/cs\/wp-json\/wp\/v2\/pages"}],"about":[{"href":"https:\/\/www.towelsports.com\/cs\/wp-json\/wp\/v2\/types\/page"}],"author":[{"embeddable":true,"href":"https:\/\/www.towelsports.com\/cs\/wp-json\/wp\/v2\/users\/1"}],"replies":[{"embeddable":true,"href":"https:\/\/www.towelsports.com\/cs\/wp-json\/wp\/v2\/comments?post=1083"}],"version-history":[{"count":6,"href":"https:\/\/www.towelsports.com\/cs\/wp-json\/wp\/v2\/pages\/1083\/revisions"}],"predecessor-version":[{"id":2779,"href":"https:\/\/www.towelsports.com\/cs\/wp-json\/wp\/v2\/pages\/1083\/revisions\/2779"}],"up":[{"embeddable":true,"href":"https:\/\/www.towelsports.com\/cs\/wp-json\/wp\/v2\/pages\/1025"}],"wp:attachment":[{"href":"https:\/\/www.towelsports.com\/cs\/wp-json\/wp\/v2\/media?parent=1083"}],"curies":[{"name":"wp","href":"https:\/\/api.w.org\/{rel}","templated":true}]}}